{"id":835,"date":"2022-09-16T11:47:34","date_gmt":"2022-09-16T08:47:34","guid":{"rendered":"https:\/\/animatsuri.baka.ee\/2022\/?page_id=835"},"modified":"2022-09-17T02:09:10","modified_gmt":"2022-09-16T23:09:10","slug":"toitlustus","status":"publish","type":"page","link":"https:\/\/animatsuri.baka.ee\/2022\/?page_id=835","title":{"rendered":"Toitlustus"},"content":{"rendered":"\n<p>K\u00e4esoleval aastal AniMatsuri festival toitlustust ei paku, k\u00fcll aga asuvad Kvartali keskuses mitmed toitlustajad, kelle juures saab k\u00f5htu kinnitada.<\/p>\n\n\n\n<p><a rel=\"noreferrer noopener\" href=\"https:\/\/www.kvartal.com.ee\/soogikohad\/list\/poed\/sgikohad\/v-cafe-2\/\" target=\"_blank\">V Cafe<\/a> ja <a rel=\"noreferrer noopener\" href=\"https:\/\/www.kvartal.com.ee\/soogikohad\/list\/poed\/sgikohad\/joyce-2\/\" target=\"_blank\">JOYCE<\/a> pakuvad m\u00f5lemad meie k\u00fclastajatele k\u00e4epaela etten\u00e4itamisel -10% soodustust.<\/p>\n\n\n\n<p>K\u00f5ikide toitlustusasutusetega on v\u00f5imalik tutvuda <a rel=\"noreferrer noopener\" href=\"https:\/\/www.kvartal.com.ee\/soogikohad\/\" target=\"_blank\">SIIN<\/a> ja asukohta saab tuvastada majajuhi abil <a href=\"https:\/\/www.kvartal.com.ee\/majajuht\/\" target=\"_blank\" rel=\"noreferrer noopener\">SIIN<\/a>. \u00dchtlasi asub Kvartali 0. korrusel <a href=\"https:\/\/www.kvartal.com.ee\/kauplused\/list\/poed\/toit\/coop-maksimarket-2\/\" target=\"_blank\" rel=\"noreferrer noopener\">COOP Maksimarket<\/a>, kust on v\u00f5imalik endale s\u00f6\u00f6davat ja joodavat osta.<\/p>\n\n\n\n<p><\/p>\n\n\n\n<p><strong>NB!&nbsp;VSpa hotelli ja konverentsikeskusesse ehk festivali alale oma s\u00f6\u00f6giga tulla ei ole lubatud!&nbsp;<\/strong>Lubatud on v\u00e4ikesed sn\u00e4kid, aga salatid jms tuleb \u00e4ra s\u00fc\u00fca enne piletim\u00fc\u00fcgist l\u00e4bitulekut. Oma mittealkohoolne jook on konverentsikeskuses lubatud.<\/p>\n","protected":false},"excerpt":{"rendered":"<p>K\u00e4esoleval aastal AniMatsuri festival toitlustust ei paku, k\u00fcll aga asuvad Kvartali keskuses mitmed toitlustajad, kelle juures saab k\u00f5htu kinnitada. V Cafe ja JOYCE pakuvad m\u00f5lemad meie k\u00fclastajatele k\u00e4epaela etten\u00e4itamisel -10% soodustust. K\u00f5ikide toitlustusasutusetega on v\u00f5imalik tutvuda SIIN ja asukohta saab tuvastada majajuhi abil SIIN. \u00dchtlasi asub Kvartali 0. korrusel COOP [&hellip;]<\/p>\n","protected":false},"author":1,"featured_media":836,"parent":104,"menu_order":0,"comment_status":"closed","ping_status":"closed","template":"page-templates\/full-width.php","meta":{"footnotes":""},"class_list":["post-835","page","type-page","status-publish","has-post-thumbnail","hentry"],"_links":{"self":[{"href":"https:\/\/animatsuri.baka.ee\/2022\/index.php?rest_route=\/wp\/v2\/pages\/835","targetHints":{"allow":["GET"]}}],"collection":[{"href":"https:\/\/animatsuri.baka.ee\/2022\/index.php?rest_route=\/wp\/v2\/pages"}],"about":[{"href":"https:\/\/animatsuri.baka.ee\/2022\/index.php?rest_route=\/wp\/v2\/types\/page"}],"author":[{"embeddable":true,"href":"https:\/\/animatsuri.baka.ee\/2022\/index.php?rest_route=\/wp\/v2\/users\/1"}],"replies":[{"embeddable":true,"href":"https:\/\/animatsuri.baka.ee\/2022\/index.php?rest_route=%2Fwp%2Fv2%2Fcomments&post=835"}],"version-history":[{"count":2,"href":"https:\/\/animatsuri.baka.ee\/2022\/index.php?rest_route=\/wp\/v2\/pages\/835\/revisions"}],"predecessor-version":[{"id":847,"href":"https:\/\/animatsuri.baka.ee\/2022\/index.php?rest_route=\/wp\/v2\/pages\/835\/revisions\/847"}],"up":[{"embeddable":true,"href":"https:\/\/animatsuri.baka.ee\/2022\/index.php?rest_route=\/wp\/v2\/pages\/104"}],"wp:featuredmedia":[{"embeddable":true,"href":"https:\/\/animatsuri.baka.ee\/2022\/index.php?rest_route=\/wp\/v2\/media\/836"}],"wp:attachment":[{"href":"https:\/\/animatsuri.baka.ee\/2022\/index.php?rest_route=%2Fwp%2Fv2%2Fmedia&parent=835"}],"curies":[{"name":"wp","href":"https:\/\/api.w.org\/{rel}","templated":true}]}}