{"id":586,"date":"2022-09-06T17:21:49","date_gmt":"2022-09-06T14:21:49","guid":{"rendered":"https:\/\/animatsuri.baka.ee\/t2022\/?page_id=586"},"modified":"2022-09-10T20:58:45","modified_gmt":"2022-09-10T17:58:45","slug":"cosplay-zurii","status":"publish","type":"page","link":"https:\/\/animatsuri.baka.ee\/2022\/?page_id=586","title":{"rendered":"Cosplay \u017e\u00fcrii"},"content":{"rendered":"\n<p>K\u00e4esoleval aastal hindab AniMatsuri cosplay v\u00f5istlust professionaalne rahvusvaheline cosplayeritest koosnev \u017e\u00fcrii. Teeme nendega tutvust!<\/p>\n\n\n\n<p><\/p>\n\n\n\n<div class=\"wp-block-media-text is-stacked-on-mobile\" style=\"grid-template-columns:40% auto\"><figure class=\"wp-block-media-text__media\"><img loading=\"lazy\" decoding=\"async\" width=\"684\" height=\"1024\" src=\"https:\/\/animatsuri.baka.ee\/t2022\/wp-content\/uploads\/2022\/09\/Loki-By-MLC-Foto-3-684x1024.jpg\" alt=\"\" class=\"wp-image-589 size-full\" srcset=\"https:\/\/animatsuri.baka.ee\/2022\/wp-content\/uploads\/2022\/09\/Loki-By-MLC-Foto-3-684x1024.jpg 684w, https:\/\/animatsuri.baka.ee\/2022\/wp-content\/uploads\/2022\/09\/Loki-By-MLC-Foto-3-200x300.jpg 200w, https:\/\/animatsuri.baka.ee\/2022\/wp-content\/uploads\/2022\/09\/Loki-By-MLC-Foto-3-768x1151.jpg 768w, https:\/\/animatsuri.baka.ee\/2022\/wp-content\/uploads\/2022\/09\/Loki-By-MLC-Foto-3-1025x1536.jpg 1025w, https:\/\/animatsuri.baka.ee\/2022\/wp-content\/uploads\/2022\/09\/Loki-By-MLC-Foto-3-800x1199.jpg 800w, https:\/\/animatsuri.baka.ee\/2022\/wp-content\/uploads\/2022\/09\/Loki-By-MLC-Foto-3.jpg 1367w\" sizes=\"auto, (max-width: 684px) 100vw, 684px\" \/><\/figure><div class=\"wp-block-media-text__content\">\n<p style=\"font-size:30px\"><strong>Asgardian Fraud<\/strong><\/p>\n\n\n\n<p>Olen kost\u00fc\u00fcmikunstnik ja cosplayer Poolast. Alustasin cosplaymist 2010 kandis ja n\u00fc\u00fcdseks pole see ainult mu kirg, vaid ka mu tulevik \u2013 teen teatri- ja telelavastuste jaoks tellimust\u00f6\u00f6dena kost\u00fc\u00fcme. Olen Poolat EuroCosplayl esindanud kaks korda, kuigi viimasel paaril aastal olen kommuunis rohkem esinenud v\u00f5istluste kohtunikuna. See on mul v\u00f5imaldanud tutvuda paljude andekate kunstnikega ja reisida erinevatesse riikidesse \u2013 on h\u00e4mmastav, kui omalaadne iga kommuun on!<\/p>\n\n\n\n<p>Mu kirg ja karj\u00e4\u00e4r keskenduvad \u00f5mblemisele, aga cosplays spetsialiseerun elukakost\u00fc\u00fcmidele ja -maskidele \u2013 mulle meeldib igal v\u00f5imalusel katsetada uusi t\u00f6\u00f6v\u00f5tteid ja materjale ning elukakost\u00fc\u00fcmide puhul mul vaevalt uutest ideedest puudust tuleb! Usun v\u00e4ga, et cosplay on fantastiline v\u00e4ljund, mis puhub uusi tuuli kost\u00fc\u00fcmikunstit\u00f6\u00f6stusesse k\u00f5igi uute t\u00f6\u00f6v\u00f5tete, l\u00f5igete ja loominguliste probleemilahendustega, mida toovad endaga kaasa niiv\u00f5rd keerulised modellid. Sestap ootan p\u00f5nevusega teie \u00e4gedate kost\u00fc\u00fcmide n\u00e4gemist AniMatsuril!<\/p>\n\n\n\n<p><a href=\"https:\/\/www.facebook.com\/AsgardianFraud\">https:\/\/www.facebook.com\/AsgardianFraud<\/a><br><a href=\"https:\/\/www.instagram.com\/asgardianfraud\/\">https:\/\/www.instagram.com\/asgardianfraud\/<\/a><\/p>\n\n\n\n<p style=\"font-size:14px\"><em>Loki j\u00e4\u00e4dvustas MLC Foto<\/em><\/p>\n<\/div><\/div>\n\n\n\n<hr class=\"wp-block-separator has-alpha-channel-opacity is-style-dots\"\/>\n\n\n\n<div class=\"wp-block-media-text is-stacked-on-mobile\" style=\"grid-template-columns:40% auto\"><figure class=\"wp-block-media-text__media\"><img loading=\"lazy\" decoding=\"async\" width=\"683\" height=\"1024\" src=\"https:\/\/animatsuri.baka.ee\/t2022\/wp-content\/uploads\/2022\/09\/Lightning-LightnignReturns-683x1024.jpg\" alt=\"\" class=\"wp-image-590 size-full\" srcset=\"https:\/\/animatsuri.baka.ee\/2022\/wp-content\/uploads\/2022\/09\/Lightning-LightnignReturns-683x1024.jpg 683w, https:\/\/animatsuri.baka.ee\/2022\/wp-content\/uploads\/2022\/09\/Lightning-LightnignReturns-200x300.jpg 200w, https:\/\/animatsuri.baka.ee\/2022\/wp-content\/uploads\/2022\/09\/Lightning-LightnignReturns-768x1152.jpg 768w, https:\/\/animatsuri.baka.ee\/2022\/wp-content\/uploads\/2022\/09\/Lightning-LightnignReturns-1024x1536.jpg 1024w, https:\/\/animatsuri.baka.ee\/2022\/wp-content\/uploads\/2022\/09\/Lightning-LightnignReturns-800x1200.jpg 800w, https:\/\/animatsuri.baka.ee\/2022\/wp-content\/uploads\/2022\/09\/Lightning-LightnignReturns.jpg 1200w\" sizes=\"auto, (max-width: 683px) 100vw, 683px\" \/><\/figure><div class=\"wp-block-media-text__content\">\n<p style=\"font-size:30px\"><strong>Merry All-Nighter<\/strong><\/p>\n\n\n\n<p>Olen Merry All-Nighter, rohkem kui k\u00fcmneaastase staa\u017eiga cosplayer ja kirglik k\u00e4sit\u00f6\u00f6line Soomest. Spetsialiseerun k\u00e4sit\u00f6\u00f6v\u00f5tetele \u00f5mblemises, n\u00e4iteks tikkimine ja pitsikunst, ja rekvisiitide tegemises vahtplastist 3D printimiseni. K\u00f5ik see k\u00f5lab edevalt, aga minu jaoks on ka oluline meeles pidada, et selle hobi eesm\u00e4rk on l\u00f5butseda ja nautida seda, mida teed. Mu lemmikuteks on uute materjalide kasutuse ja k\u00e4sitsusv\u00f5tete \u00f5ppimine ning inimeste kost\u00fc\u00fcmide ja nende t\u00f6\u00f6protsessi n\u00e4gemine. Armastan ka teatrit ja inspireerivaid etteasteid, eriti s\u00fcdamel\u00e4hedased on muusikalid.<\/p>\n\n\n\n<p>Olen oma riiki esindanud EuroCosplayl, kus sain esikoha, ja World Cosplay Summitil, kus saime Brotheri kost\u00fc\u00fcmiauhinna. M\u00f5lemad olid fantastilised v\u00f5imalused kohtuda teiste cosplayeritega igast maailma otsast. Olen viimastel aastatel olnud ka mitmete cosplay v\u00f5istluste kohtunik, aga iga kord \u00f5pin osalejatelt midagi uut. V\u00e4ljaspool cosplayd olen \u00fche rahvusvahelise disainibr\u00e4ndi graafiline disainer.<\/p>\n\n\n\n<p>Ootan elevusega uuesti AniMatsuri k\u00fclastamist, sest mu viimane visiit oli suurep\u00e4rane kogemus sooja ja vastuv\u00f5tliku milj\u00f6\u00f6ga ning muljetavaldavate cosplayeritega.<\/p>\n\n\n\n<p><strong>Kuula Merry ettekannet ettevalmistusest rahvusvahelisteks v\u00f5istlusteks laup\u00e4eval!<\/strong><\/p>\n\n\n\n<p><a href=\"https:\/\/www.facebook.com\/merryallnighter\/\">https:\/\/www.facebook.com\/merryallnighter\/<\/a><br><a href=\"https:\/\/www.instagram.com\/merryallnighter\/\">https:\/\/www.instagram.com\/merryallnighter\/<\/a><\/p>\n\n\n\n<p style=\"font-size:14px\"><em>Lightningu j\u00e4\u00e4dvustas Alexandriel Photography<\/em><\/p>\n<\/div><\/div>\n\n\n\n<hr class=\"wp-block-separator has-alpha-channel-opacity is-style-dots\"\/>\n\n\n\n<div class=\"wp-block-media-text is-stacked-on-mobile\" style=\"grid-template-columns:40% auto\"><figure class=\"wp-block-media-text__media\"><img loading=\"lazy\" decoding=\"async\" width=\"576\" height=\"1024\" src=\"https:\/\/animatsuri.baka.ee\/t2022\/wp-content\/uploads\/2022\/09\/33EF7C03-5DC1-498F-8E1B-07F51D303441-576x1024.jpg\" alt=\"\" class=\"wp-image-587 size-large\" srcset=\"https:\/\/animatsuri.baka.ee\/2022\/wp-content\/uploads\/2022\/09\/33EF7C03-5DC1-498F-8E1B-07F51D303441-576x1024.jpg 576w, https:\/\/animatsuri.baka.ee\/2022\/wp-content\/uploads\/2022\/09\/33EF7C03-5DC1-498F-8E1B-07F51D303441-169x300.jpg 169w, https:\/\/animatsuri.baka.ee\/2022\/wp-content\/uploads\/2022\/09\/33EF7C03-5DC1-498F-8E1B-07F51D303441.jpg 750w\" sizes=\"auto, (max-width: 576px) 100vw, 576px\" \/><\/figure><div class=\"wp-block-media-text__content\">\n<p style=\"font-size:30px\">Zel COShorse<\/p>\n\n\n\n<p>Zel on Poola p\u00e4ritolu cosplayer, kel on rohkem kui 15 aastat kogemusi ses fantastiliselt veidras maailmas. Ta on teinud rohkelt kost\u00fc\u00fcme, v\u00f5istelnud paaril rahvusvahelisel v\u00f5istlusel ning on tuttav ka kohtuniku- ja \u00fcritusekorraldus\u00fclesannetega. Kuna tema lemmikaspekt cosplay puhul on esinemine, on ta viimased paar aastat p\u00fchendanud cosplay tiimile, mis toob lavale cosplaymuusikale. Ja ta ei suuda \u00e4ra oodata, mil teid taas n\u00e4eb!<\/p>\n\n\n\n<p><a href=\"https:\/\/www.facebook.com\/ZelCoShorse\">https:\/\/www.facebook.com\/ZelCoShorse<\/a><br><a href=\"https:\/\/www.instagram.com\/zelcoshorse\/\">https:\/\/www.instagram.com\/zelcoshorse\/<\/a><\/p>\n\n\n\n<p style=\"font-size:14px\"><em>Roy Mustangi j\u00e4\u00e4dvustas @fotabanana, t\u00f6\u00f6tles @kairigraphy<\/em><\/p>\n<\/div><\/div>\n\n\n\n<p><\/p>\n","protected":false},"excerpt":{"rendered":"<p>K\u00e4esoleval aastal hindab AniMatsuri cosplay v\u00f5istlust professionaalne rahvusvaheline cosplayeritest koosnev \u017e\u00fcrii. Teeme nendega tutvust! Asgardian Fraud Olen kost\u00fc\u00fcmikunstnik ja cosplayer Poolast. Alustasin cosplaymist 2010 kandis ja n\u00fc\u00fcdseks pole see ainult mu kirg, vaid ka mu tulevik \u2013 teen teatri- ja telelavastuste jaoks tellimust\u00f6\u00f6dena kost\u00fc\u00fcme. Olen Poolat EuroCosplayl esindanud kaks korda, [&hellip;]<\/p>\n","protected":false},"author":1,"featured_media":192,"parent":284,"menu_order":0,"comment_status":"closed","ping_status":"closed","template":"page-templates\/full-width.php","meta":{"footnotes":""},"class_list":["post-586","page","type-page","status-publish","has-post-thumbnail","hentry"],"_links":{"self":[{"href":"https:\/\/animatsuri.baka.ee\/2022\/index.php?rest_route=\/wp\/v2\/pages\/586","targetHints":{"allow":["GET"]}}],"collection":[{"href":"https:\/\/animatsuri.baka.ee\/2022\/index.php?rest_route=\/wp\/v2\/pages"}],"about":[{"href":"https:\/\/animatsuri.baka.ee\/2022\/index.php?rest_route=\/wp\/v2\/types\/page"}],"author":[{"embeddable":true,"href":"https:\/\/animatsuri.baka.ee\/2022\/index.php?rest_route=\/wp\/v2\/users\/1"}],"replies":[{"embeddable":true,"href":"https:\/\/animatsuri.baka.ee\/2022\/index.php?rest_route=%2Fwp%2Fv2%2Fcomments&post=586"}],"version-history":[{"count":7,"href":"https:\/\/animatsuri.baka.ee\/2022\/index.php?rest_route=\/wp\/v2\/pages\/586\/revisions"}],"predecessor-version":[{"id":649,"href":"https:\/\/animatsuri.baka.ee\/2022\/index.php?rest_route=\/wp\/v2\/pages\/586\/revisions\/649"}],"up":[{"embeddable":true,"href":"https:\/\/animatsuri.baka.ee\/2022\/index.php?rest_route=\/wp\/v2\/pages\/284"}],"wp:featuredmedia":[{"embeddable":true,"href":"https:\/\/animatsuri.baka.ee\/2022\/index.php?rest_route=\/wp\/v2\/media\/192"}],"wp:attachment":[{"href":"https:\/\/animatsuri.baka.ee\/2022\/index.php?rest_route=%2Fwp%2Fv2%2Fmedia&parent=586"}],"curies":[{"name":"wp","href":"https:\/\/api.w.org\/{rel}","templated":true}]}}