{"id":521,"date":"2022-09-06T14:56:01","date_gmt":"2022-09-06T11:56:01","guid":{"rendered":"https:\/\/animatsuri.baka.ee\/t2022\/?page_id=521"},"modified":"2022-09-11T11:18:13","modified_gmt":"2022-09-11T08:18:13","slug":"cosplay-competition","status":"publish","type":"page","link":"https:\/\/animatsuri.baka.ee\/2022\/?page_id=521&lang=en","title":{"rendered":"Cosplay competition"},"content":{"rendered":"\n<p style=\"font-size:24px\"><a href=\"#rules\">RULES<\/a> | <a href=\"#categ\">CATEGORIES<\/a> | <a href=\"#catex\">CATEGORIES EXPLAINED<\/a> | <a href=\"#data\">PRIVATE DATA USAGE<\/a> | <a href=\"#crit\">JUDGING CRITERIA<\/a> | <a href=\"https:\/\/animatsuri.baka.ee\/2022\/?page_id=595&amp;lang=en\" data-type=\"page\" data-id=\"595\">JUDGES<\/a><\/p>\n\n\n\n<p>The cosplay competition will take place on Sunday, the <strong>18th of September<\/strong>. Exact time to be announced!<\/p>\n\n\n\n<h2 class=\"wp-block-heading\"><strong>REGISTRATION<\/strong><\/h2>\n\n\n\n<p>Just like every year, this AniMatsuri will also feature a cosplay competition! To register, <a href=\"https:\/\/forms.gle\/T8Xg1xRobzEe8A58A\">fill in the application<\/a> and submit it no later than <strong>9th of September<\/strong><strong> 2022 (23:59 (GMT+3))<\/strong>.<\/p>\n\n\n\n<p><strong>Note: The deadline is 2 weeks before the event. Please take the deadline seriously, later applications will not be accepted!<\/strong><\/p>\n\n\n\n<p>In addition to the application, it is important to add the selected background music as an MP3 file and provide a video of your performance.<\/p>\n\n\n\n<ul class=\"wp-block-list\"><li>We ask you to edit your background sounds (music and\/or dialogue) to the form and length suited for you, save it as a single MP3 file, and add it to a Google Drive media folder (see the application). It is not possible to use microphones on stage.<\/li><li>We ask you to upload the video of your performance either to Youtube (as a private video) or to a cloud service (Dropbox, Google Drive etc). In case you don\u2019t have the video done by the time you apply or you don\u2019t have a Google account to modify the application later, please send us a link to your video no later than <strong>9th of september 2022 (23:59 GMT+3)<\/strong> to cosplay@animatsuri.eu. As the subject of the email please put <strong>\u201cAniMatsuri 2022 cosplay competition video \u2013 yourstagename\u201d<\/strong> and in the email please mention your<strong> full name, stage name and the name of the performance.<\/strong>The quality of the video does not matter and you don&#8217;t need to be in full costume for the video. If you have props, our cosplay team would really appreciate it if you could involve them in your video, that way we can support you better on stage!). Please also note that the video does not have to be the latest version of what you are about to do on stage unless there is a drastic change (in which case you have to inform our cosplay team the latest by <strong>11th of September at 23:59 (GMT+3)<\/strong>).<\/li><\/ul>\n\n\n\n<p><strong>We love early registration! <\/strong>This way you will have time for improving your ideas and costumes. If you register before the deadline but can only show a work-in-progress costume and a lot of enthusiasm, that\u2019s wonderful! Experienced cosplayers among the organisers and winners of the festival are happy to give you advice. What\u2019s important is that everything is more or less ready by the deadline. Everyone polishes their performance till the last moment, after all.<\/p>\n\n\n\n<p>Every year we have festival visitors who do not dare to take part in the competition but walk around, clad in fantastic costumes. Gather up your courage and register \u2013 in reality, you have done a great job and your costume is epic!<\/p>\n\n\n\n<hr class=\"wp-block-separator has-alpha-channel-opacity\"\/>\n\n\n\n<h2 class=\"wp-block-heading\"><a id=\"rules\"><strong>RULES<\/strong><\/a><\/h2>\n\n\n\n<p>You can cosplay <strong>any characters from an official published source of entertainment.<\/strong> It can be anime or manga, but it doesn\u2019t have to be! Video games? Marvel\/DC\/other comics? Disney characters? Science fiction and fantasy movies or TV shows? Established webcomics or art books like Sakizou? All good! The only limitation is: it has to be an established and official source \u2013 <strong>no fan fiction, no original characters you developed<\/strong>.<\/p>\n\n\n\n<p>If you\u2019re still unsure if your character is official enough or you have any questions about costume guidelines, contact us at cosplay@animatsuri.eu.<\/p>\n\n\n\n<p><strong>Apparel<\/strong><\/p>\n\n\n\n<ol class=\"wp-block-list\"><li>All persons within the festival venue must follow a dress style that is appropriate for a public place.<\/li><li>Consider that visitors include underage children so the clothing cannot be too revealing. Your clothes must cover at least your groin, buttocks, and the chest region.<\/li><li>The most minimal apparel is the top part of bikinis and shorts\/short skirt.&nbsp; If you have a really short skirt, we ask you to wear safety pants (shorts) underneath. We often have children at our event, so make sure you don\u2019t go overboard. Visual guide:<\/li><\/ol>\n\n\n\n<figure class=\"wp-block-image\"><img decoding=\"async\" src=\"https:\/\/lh4.googleusercontent.com\/PRaN4vQuqyB7vbl8XZRhyomiQig3ruxZFhwQ3O9qBt9RgEGK_2S6Huk9mWiP7mpixZI3GWzNUvAVSn_TWK1ztJoybwsA8AC9kJhcXcDkayoBN2NuUTw3QdKtCiLWaViwtHnoQa3jDN5y9JKtdc8RDdQKBIGoSHybYcYLvsOjOr6CP9eonk8bfNX1ZQ\" alt=\"\"\/><\/figure>\n\n\n\n<p>If your planned costume happens to be more revealing than allowed by the festival rules, we ask you to find a way to cover the parts in question for the duration of your presence on stage. The jury will be informed about this and will take it into account when assessing the accuracy of the costume.<\/p>\n\n\n\n<p><strong>Stage performance<\/strong><\/p>\n\n\n\n<ol class=\"wp-block-list\"><li>It is forbidden to use obscenity, profanities, gestures encouraging violence, and pornography. Performances going against cultural and\/or social norms will not be let on stage. Please make sure your performances are ethical and aesthetic.&nbsp;<\/li><li>If there are major\/important changes in your performance after submitting the video, the cosplay staff must be informed by <strong>11th of September at 23:59 (GMT+3)<\/strong>. The video is necessary for us to see the idea of the performance. There is no need to wear a finished cosplay in the video.<\/li><\/ol>\n\n\n\n<p><strong>On stage<\/strong><\/p>\n\n\n\n<ol class=\"wp-block-list\"><li>On stage it is forbidden to use glitter, liquids, or other substances hard to remove (anything that takes more than 1 minute to clean and cannot be swept with a brush). If you want to throw something into the audience, you must be careful. Things that break easily and pyrotechnics are not allowed.<\/li><li>All props used on stage must be safe and cannot be used to cause bodily harm (blunt blades and plastic marking on weapons*). Additionally, all organisers reserve the right to confiscate any knives, knife-like objects and other cutting utensils that can cause bodily harm.<\/li><\/ol>\n\n\n\n<p>* Weapons are all items that are regulated by the Republic of Estonia Weapons Act (firearms, gas weapons, pneumatic weapons, throwing weapons, cut-and-thrust weapons, and electroshock weapons).<\/p>\n\n\n\n<p>Regardless of the size of the group, every performer and group can bring 1 assistant to backstage. If needed, the cosplay staff can also help you. <strong>As organisers we reserve the right to restrict the number of performances<\/strong>. We are aiming for up to 50 performances in total. If the number of submissions is <em>much<\/em> higher than this, we reserve the right to use the information in your submissions (especially your work-in-progress photos and video) to choose who gets to go on stage. However, AniMatsuri still prides itself on letting cosplayers of all experience levels participate and we will only use this option as a last resort!<\/p>\n\n\n\n<p>This year, we have our traditional cosplay categories, but also some new and really exciting ones!<\/p>\n\n\n\n<hr class=\"wp-block-separator has-alpha-channel-opacity\"\/>\n\n\n\n<a id=\"categ\"><h2><strong>CATEGORIES<\/strong><\/h2><\/a>\n\n\n\n<figure class=\"wp-block-table\"><table><tbody><tr><td><strong>Category name<\/strong><\/td><td><strong>Mostly about\u2026<\/strong><\/td><td><strong>Maximum people<\/strong><\/td><td><strong>Maximum length<\/strong><\/td><td><strong>Open to non-Estonia residents?<\/strong><\/td><td><strong>Open to AniMatsuri volunteers and crew?<\/strong><\/td><\/tr><tr><td>D\u00e9fil\u00e9 (1st, 2nd, 3rd place)<\/td><td>Costume quality<\/td><td>1-2<\/td><td>50-70 seconds<\/td><td>Yes<\/td><td>Yes<\/td><\/tr><tr><td>Stage show (1st, 2nd, 3rd place)<\/td><td>Choreography and your original creativity<\/td><td>1-6<\/td><td>3 minutes<\/td><td>Yes<\/td><td>Yes<\/td><\/tr><tr><td>The Nordic Cosplay Championship (NCC)<\/td><td>Both costume quality and choreography<\/td><td>1<\/td><td>90-150 seconds<\/td><td>No<\/td><td>Yes*<\/td><\/tr><tr><td>AniMatsuri Travel Prize (ATP)<\/td><td>Leaving one hell of an impression<\/td><td>1<\/td><td>Whatever category you entered in<\/td><td>Yes*<\/td><td>No<\/td><\/tr><tr><td>Audience Favourite<\/td><td>Fanservice! (But keep it within the festival rules)<\/td><td>1-6<\/td><td>Whatever category you entered in<\/td><td>Yes<\/td><td>Yes<\/td><\/tr><\/tbody><\/table><\/figure>\n\n\n\n<p>* Detailed info below<\/p>\n\n\n\n<p><strong>Note:<\/strong> In general, AniMatsuri\u2019s Cosplay Competition likes to have as many winners as we can. This means that you cannot win in two categories. (But you can win one category and take 3rd place in another!) For example, you cannot win both Stage show and D\u00e9fil\u00e9, but you can win D\u00e9fil\u00e9 and place 3rd in Stage Show.<\/p>\n\n\n\n<p>Our international guest jury will judge all categories except the audience favourite one. The judges will also have the opportunity to award special prizes at their own discretion.<\/p>\n\n\n\n<hr class=\"wp-block-separator has-alpha-channel-opacity\"\/>\n\n\n\n<a id=\"catex\"><h2><strong>MORE ABOUT CATEGORIES<\/strong><\/h2><\/a>\n\n\n\n<p><strong>1. D\u00e9fil\u00e9:<\/strong> This is mainly about your costume and your ability to present it on stage as well as you can within approximately 1 minute. The performance must be between 50-70 seconds. You can perform solo or as a duo.<\/p>\n\n\n\n<p>Accuracy (40%) and craftsmanship (40%) are the most important in the category. The cosplay performance only forms 20% of the total score.<\/p>\n\n\n\n<p><strong>2. Stage show:<\/strong> This is about your choreography and\/or the story you tell on stage, but don\u2019t forget your costume! Here you can use your imagination and creativity to craft a short performance or a dance routine based on your fandom. You can perform either alone or with someone and the whole performance must be no more than around 3 minutes.<\/p>\n\n\n\n<p>Cosplay performance is the most important in the <strong>Stage show<\/strong> category. The total score consists of 50% for cosplay performance and 50% for accuracy (25%) and craftsmanship (25%).<\/p>\n\n\n\n<p><strong>3. The Nordic Cosplay Championship (NCC): <\/strong>You will be judged based on your costume and performance. Accuracy, craftsmanship and performance all make up 33% of the total score. The winner will represent Estonia at the <a href=\"https:\/\/ncc.narcon.se\/\">Nordic Cosplay Championship<\/a> in Sweden during <a href=\"https:\/\/en.narcon.se\/https:\/\/en.narcon.se\/\">N\u00e4rCon<\/a> 2023.<\/p>\n\n\n\n<ul class=\"wp-block-list\"><li>The costume and all props must be self-made (not purchased from a store), the exception being wigs, footwear and tights, underwear, electronics (it can be a completed kit, you don\u2019t have to program and assemble it yourself). The contestant must be prepared to give an overview of how the various parts of their cosplay were made.<\/li><li>The costume must be based on an official source (no original characters or costumes based on fanart allowed).<\/li><li>Both the costume and the stage performance will be judged.<\/li><li>The costume may have participated in other costume competitions (except previous NCC).<\/li><li>The contestant must be a citizen or permanent resident of Estonia (have an Estonian ID and personal identification code), must be of legal age by AniMatsuri 2022 (17th of September 2022), and must be able and ready to go to Sweden on the last week of July 2023 (5 days total).<\/li><li>The contestant can be a member of the staff of AniMatsuri but cannot be associated with organising the cosplay competition (organiser or volunteer).<\/li><\/ul>\n\n\n\n<p><strong>4. AniMatsuri Travel Prize: <\/strong>this is a special prize rather than a special category. The judges will select one cosplayer who stood out and wowed them \u2013 from any performance \u2013 to receive AniMatsuri\u2019s travel prize. Be ready to travel in the beginning of July!<\/p>\n\n\n\n<ul class=\"wp-block-list\"><li>The competitor must be a citizen of Estonia, Latvia, or Lithuania.<\/li><li>The competitor must be of legal age by AniMatsuri 2022 (17th of September 2022).<\/li><li>For costumes, standard AniMatsuri costume rules apply (read more <a href=\"http:\/\/animatsuri.eu\/2019\/festival-code-of-conduct\/#apparel\">HERE<\/a>).<\/li><li>The exact date of the prize trip will be decided alongside the winner but the trip must cover the dates of 1st-2nd of July so the winner must be available to travel on these dates.<\/li><li>The prize includes a two-way plane ticket from Tallinn\/Riga\/Vilnius + accommodation, and tickets for the event.<\/li><li>If the performers belong to a cosplay group (two or more people), it is possible to state which members of the group wish to compete for AniMatsuri Travel Prize.<\/li><li>The competitor cannot be a staff member of AniMatsuri or UniCon.<\/li><\/ul>\n\n\n\n<p><strong>5.<\/strong> Additionally, there will be an <strong>audience favourite <\/strong>special prize which will be selected by the festival\u2019s visitors through a secret vote. The audience favourite\u2019s voting is not divided by categories. Note: as of 2017, the one-win-only rule does not apply to Audience Favourite! The winner will be the one with the most votes, even if they\u2019ve already won something else. An exception will be made in case of a tie.<\/p>\n\n\n\n<p>Competing in multiple categories is allowed, but the winner of a more high-profile category (ATP, NCC) cannot win in any other category.<\/p>\n\n\n\n<hr class=\"wp-block-separator has-alpha-channel-opacity\"\/>\n\n\n\n<a id=\"data\"><h2><strong>PRIVATE DATA USAGE<\/strong><\/h2><\/a>\n\n\n\n<p>What we count as your private data: your name, email, phone number, citizenship\/place of residence and age as well as photos and videos of you.<\/p>\n\n\n\n<p><strong>Data provided during registration<\/strong><\/p>\n\n\n\n<ul class=\"wp-block-list\"><li>The only people with the access to your private data are the Head Organisers and cosplay competition organisers (\u201cOrganisers\u201d from now on).<\/li><li>Categories for which your private data will not be provided to a third party: d\u00e9fil\u00e9, stage show, public favourite and judges favourites.<\/li><li>Categories for which your private data will be shared to third parties: Nordic Cosplay Competition (NCC) and AniMatsuri Travel Prize.<ul><li>For NCC the travel will be organised by AniMatsuri, however the winner\u2019s name and contact information will be provided to the organisers of NCC.<\/li><li>Travel arrangements (travel and accommodation) for AniMatsuri Travel Prize will be managed by a travel company so we will be providing them with your name, contact information and citizenship\/place of residence.<\/li><\/ul><\/li><li>Private data (as well as your stage name) provided in the application will be held for a maximum of 10 years after which it will be deleted.<\/li><li>The data you provide will be used only for the cosplay competition this year, however during the time we have the information you might be contacted in regards to other events or promotion. Only the Organisers will be contacting you and your data will not be shared with a third party without your consent.<\/li><\/ul>\n\n\n\n<p><strong>During and after the festival<\/strong><\/p>\n\n\n\n<ul class=\"wp-block-list\"><li>Either while walking around the festival or being on stage, you might be captured in a photo or video in regards to AniMatsuri. By a private person, a company or the festival itself.<\/li><li>The official photos and videos from AniMatsuri will be uploaded to the festival\u2019s social media (Facebook, Instagram, Twitter), Youtube and photo gallery (Flickr).<\/li><li>Official photos will also be used on AniMatsuri\u2019s website and social media to introduce what is going on at the festival.<\/li><li>Official photos and videos might also be used for advertisement\/promotion (social media, the press, television etc).<ul><li>In the registration form you will have the chance to opt out from your photo\/video being used in advertisements\/promotion. Please note however that this will only apply to you on your own or you with a small group of people in the shot. This does not count for general festival crowd shots. If you leave the field blank, we will take it as confirmation that you are OK with us using photos or videos of you.<\/li><\/ul><\/li><\/ul>\n\n\n\n<a id=\"crit\"><h2><strong>JUDGING CRITERIA<\/strong><\/h2><\/a>\n\n\n\n<p>The criteria consists of 3 main parts: accuracy, craftsmanship and performance. For the beginner cosplayer award there is also a fourth part: effort.<\/p>\n\n\n\n<p>Accuracy (40%) and craftsmanship (40%) are the most important in the <strong>D\u00e9fil\u00e9<\/strong> category. The cosplay performance only forms 20% of their total score.<\/p>\n\n\n\n<p>Cosplay performance is the most important in&nbsp; the <strong>Stage show <\/strong>category. The total score consists of 50% for cosplay performance and 50% for accuracy (25%) and craftsmanship (25%).<\/p>\n\n\n\n<p>In <strong>NCC<\/strong> all criterias are valued equally! (33%)<\/p>\n\n\n\n<p>If there is a draw, then the judges have the right to decide who\u2019s the winner out of the two candidates.<\/p>\n\n\n\n<p><strong>Judging criteria&nbsp;<\/strong><\/p>\n\n\n\n<p><strong>Accuracy<\/strong><\/p>\n\n\n\n<ul class=\"wp-block-list\"><li>Are the details the right size (dimensions)?<\/li><li>Materials fitting the reference images (fabric colour\/texture, other materials). In some cases the materials can seem historically inaccurate (for example using spandex for a character from the 15th century). Is the paint job accurate?<\/li><\/ul>\n\n\n\n<ul class=\"wp-block-list\"><li>The overall resemblance &#8211; does it portray the character or not?&nbsp;<\/li><li>Makeup and wig will be judged as a normal part of the overall appeal.<\/li><\/ul>\n\n\n\n<p>If there seems to be something not quite right, ask the cosplayer why they chose to make it that way (e.g. the person might have an allergy to a particular material (e.g contact lenses, silicone, silver), or the cosplayer might have changed the proportions to fit their body type).<\/p>\n\n\n\n<p><strong>Cosplayers will not be judged for things such as race, gender, medical aids, age, weight, gender identity, etc.<\/strong><\/p>\n\n\n\n<p><strong>AniMatsuri has dress codes for performing cosplayers. If a cosplayer has a revealing cosplay and they need to use other clothing items (for example modesty pants, ice-skating stockings) or alter the design to cover up the revealing parts, the costume will not be scored lower for it.<\/strong><\/p>\n\n\n\n<p><strong>Craftsmanship<\/strong><\/p>\n\n\n\n<p><strong>The quality:<\/strong><\/p>\n\n\n\n<p>For sewing: stitching and finish of the fabric (minus for loose threads, improper stitches, fraying edges, clothes don\u2019t sit\/fit well, lining can be important for some clothes, etc). Don\u2019t be afraid to <strong>check the seams<\/strong> (important for D\u00e9fil\u00e9, NCC).<\/p>\n\n\n\n<p>For armors: Execution of techniques used for foam\/worbla etc, painting quality (minus for visible glue, cracking paint\/flaking etc).<\/p>\n\n\n\n<ul class=\"wp-block-list\"><li>Attention to small details<\/li><li>The quality of the wigs, wig-styling, props, customised shoes and makeup<\/li><\/ul>\n\n\n\n<p><strong>The techniques:<\/strong><\/p>\n\n\n\n<ul class=\"wp-block-list\"><li>The choice of structural materials such as foam, worbla, PLA, wood or cardboard and the way they were treated. For 3D prints it might be good to ask if they have bought the OG file or made them themselves, as well as whether they printed and prepped the props for painting themselves.<\/li><li>The detail put into crafting the decorations and trimmings.<\/li><li>The complex and amount of different techniques used.<\/li><\/ul>\n\n\n\n<p><strong>Ask what was bought and what was self-made. <\/strong>&nbsp;A costume with multiple store bought items will mark lower than a fully handmade costume.<\/p>\n\n\n\n<p><strong>Deduct points if the costume is visibly falling apart during the prejudging.<\/strong><\/p>\n\n\n\n<p><strong>Performance<\/strong><\/p>\n\n\n\n<p><strong>Most important for Defile:<\/strong><\/p>\n\n\n\n<p>The goal of this kind of cosplay performance is to portray the cosplay character as much as possible, this includes body motions, poses, and phrases the character might say.<\/p>\n\n\n\n<p>*Parodies are allowed, but they need to be connected to the source material.<\/p>\n\n\n\n<p><strong>Most important for Stage show:<\/strong><\/p>\n\n\n\n<p>Entertainment value.<\/p>\n\n\n\n<p><strong>Most important for NCC:<\/strong><\/p>\n\n\n\n<p>They value both the likeness of the character to the original source while they also enjoy seeing a nice parody or two.<\/p>\n\n\n\n<p><strong>Applies to all categories:<\/strong><\/p>\n\n\n\n<ul class=\"wp-block-list\"><li>How much is the stage used (e.g. the movement on the stage)? Did the viewers get a good look at the costume? Animation and expressions.&nbsp;<\/li><li>Does it look like it was well-rehearsed and thought through?<\/li><\/ul>\n\n\n\n<p><strong>If an entry is replayed due to technical problems or crew error, try to disregard the first appearance.<\/strong><\/p>\n\n\n\n<h4 class=\"wp-block-heading\"><strong>Effort<\/strong><\/h4>\n\n\n\n<h4 class=\"wp-block-heading\"><strong>*<\/strong><strong>Only applies to best beginner cosplayer award&nbsp;<\/strong><\/h4>\n\n\n\n<h4 class=\"wp-block-heading\">How hard the person had to work to complete his\/her costume, did the person have to learn anything new, did they search for the ideal fabric for a long time\/had to repaint the fabric\/redo pieces of the costume etc.<\/h4>\n\n\n\n<p>Ask the cosplayer how long they worked on their costume and which details required effort to complete.<\/p>\n","protected":false},"excerpt":{"rendered":"<p>RULES | CATEGORIES | CATEGORIES EXPLAINED | PRIVATE DATA USAGE | JUDGING CRITERIA | JUDGES The cosplay competition will take place on Sunday, the 18th of September. Exact time to be announced! REGISTRATION Just like every year, this AniMatsuri will also feature a cosplay competition! To register, fill in the [&hellip;]<\/p>\n","protected":false},"author":1,"featured_media":468,"parent":495,"menu_order":0,"comment_status":"closed","ping_status":"closed","template":"page-templates\/full-width.php","meta":{"footnotes":""},"class_list":["post-521","page","type-page","status-publish","has-post-thumbnail","hentry"],"_links":{"self":[{"href":"https:\/\/animatsuri.baka.ee\/2022\/index.php?rest_route=\/wp\/v2\/pages\/521","targetHints":{"allow":["GET"]}}],"collection":[{"href":"https:\/\/animatsuri.baka.ee\/2022\/index.php?rest_route=\/wp\/v2\/pages"}],"about":[{"href":"https:\/\/animatsuri.baka.ee\/2022\/index.php?rest_route=\/wp\/v2\/types\/page"}],"author":[{"embeddable":true,"href":"https:\/\/animatsuri.baka.ee\/2022\/index.php?rest_route=\/wp\/v2\/users\/1"}],"replies":[{"embeddable":true,"href":"https:\/\/animatsuri.baka.ee\/2022\/index.php?rest_route=%2Fwp%2Fv2%2Fcomments&post=521"}],"version-history":[{"count":9,"href":"https:\/\/animatsuri.baka.ee\/2022\/index.php?rest_route=\/wp\/v2\/pages\/521\/revisions"}],"predecessor-version":[{"id":662,"href":"https:\/\/animatsuri.baka.ee\/2022\/index.php?rest_route=\/wp\/v2\/pages\/521\/revisions\/662"}],"up":[{"embeddable":true,"href":"https:\/\/animatsuri.baka.ee\/2022\/index.php?rest_route=\/wp\/v2\/pages\/495"}],"wp:featuredmedia":[{"embeddable":true,"href":"https:\/\/animatsuri.baka.ee\/2022\/index.php?rest_route=\/wp\/v2\/media\/468"}],"wp:attachment":[{"href":"https:\/\/animatsuri.baka.ee\/2022\/index.php?rest_route=%2Fwp%2Fv2%2Fmedia&parent=521"}],"curies":[{"name":"wp","href":"https:\/\/api.w.org\/{rel}","templated":true}]}}