{"id":453,"date":"2022-09-02T17:03:42","date_gmt":"2022-09-02T14:03:42","guid":{"rendered":"https:\/\/animatsuri.baka.ee\/t2022\/?page_id=453"},"modified":"2022-09-06T00:02:20","modified_gmt":"2022-09-05T21:02:20","slug":"joonistusvoistlus","status":"publish","type":"page","link":"https:\/\/animatsuri.baka.ee\/2022\/?page_id=453","title":{"rendered":"Joonistusv\u00f5istlus"},"content":{"rendered":"\n<p><strong>Missugused superkangelased on Aki, Sousuke ja Wilhelm?<\/strong> Just see on k\u00e4esoleva aasta joonistusv\u00f5istluse teema! On neil vinged superv\u00f5imed ja lehviv keep v\u00f5i kannavad nad hoopis p\u00e4\u00e4stet\u00f6\u00f6taja vormi v\u00f5i pr\u00fcgivedaja riideid ja aitavad igap\u00e4evakangelastena maailma paremaks muuta? Lase fantaasial lennata! Aktsepteerime nii paber- kui ka digitaalseid t\u00f6id, nii et otsi v\u00e4lja pliiatsid, v\u00e4rvid, digilauad v\u00f5i muu vajalik ja asu joonistama!<\/p>\n\n\n\n<p>Tutvu meie maskottidega <a href=\"https:\/\/animatsuri.baka.ee\/t2022\/?page_id=236\" data-type=\"URL\" data-id=\"https:\/\/animatsuri.baka.ee\/t2022\/?page_id=236\">siin<\/a>.<\/p>\n\n\n\n<p><strong>Reeglid ja oluline info:<\/strong><\/p>\n\n\n\n<ul class=\"wp-block-list\"><li>\u00dche autori poolt kuni kaks t\u00f6\u00f6d. V\u00f5ib esitada kaks digitaalset t\u00f6\u00f6d, kaks paberkujul t\u00f6\u00f6d, aga ka n\u00e4iteks \u00fche t\u00f6\u00f6 digitaalselt ja teine f\u00fc\u00fcsiliselt.<\/li><li>Pilt peab olema <strong>A4 formaadis<\/strong> (21\u00d729,7 cm) v\u00f5i <strong>.png formaadis<\/strong> (soovitatavad m\u00f5\u00f5tmed 2480 x 3508 px).<\/li><li>F\u00fc\u00fcsilisel kujul esitatud pilt ei tohi olla kokku murtud, seega kasutada A4 formaadi jaoks sobivat \u00fcmbrikut. <strong>Pilt peab olema kiletasku sees.<\/strong><\/li><li><strong>Pildi esik\u00fclg ei tohi olla signeeritud.<\/strong> Signatuuri\/autori nime v\u00f5ib hariliku pliiatsiga kirjutada t\u00f6\u00f6 tagak\u00fcljele (t\u00f6\u00f6de valedesse k\u00e4tesse j\u00f5udmist pole vaja karta, niisiis pole range signeerimine vajalik).<\/li><li>Joonistuse paberkujul saatmine: t\u00f6\u00f6\/d tuleb saata <strong>hiljemalt 12. septembril 2022<\/strong> aadressil V Spaahotell O\u00dc, Riia 2, Tartu. Saaja nimeks m\u00e4rkida Kerli Pauskar ja MT\u00dc Jaapani kultuuriklubi Asashio. Pildi tagak\u00fcljele kirjutada t\u00e4isnimi, vanus ning e-maili aadress (kasutuselolev). Kui on soov t\u00f6\u00f6\/d isiklikult \u00fcle anda, saatke kiri e-maili aadressil art@animatsuri.eu, siis lepime kokku, kuidas edasi toimida. <strong>NB!<\/strong> Kui saadate postiga, p\u00e4\u00e4sevad v\u00f5istlusele ainult need t\u00f6\u00f6d, mille postitemplil on saatmiskuup\u00e4evaks <strong>hiljemalt 12. september<\/strong>.<\/li><li>Joonistuse digitaalselt saatmine: t\u00f6\u00f6\/d tuleb saata <strong>hiljemalt 12. septembril 2022<\/strong> aadressil art@animatsuri.eu. E-maili pealkirjaks panna \u201cJoonistusv\u00f5istlus 2022\u201d ja oma nimi. Kirja kehatekstisse lisada autori t\u00e4isnimi, vanus ja link pildifailile (soovitame faili panna n\u00e4iteks Dropboxi v\u00f5i Google Drive\u2019i). V\u00f5istlusele p\u00e4\u00e4sevad ainult need t\u00f6\u00f6d, mis on saadetud <strong>hiljemalt 12. septembril kell 23.59<\/strong> (GMT +3).<\/li><li>Pildid v\u00f5ivad postis kaduma minna, palun sellega arvestada. Soovituslik on <strong>enda t\u00f6\u00f6st varukoopia teha ja see festivalile kaasa v\u00f5tta<\/strong>, et t\u00f6\u00f6 saaks \u00fcles ka siis, kui originaal on t\u00f5esti postis kaduma l\u00e4inud. <strong>NB!<\/strong> Kui t\u00f6\u00f6\/d on k\u00e4tte saadud, saadab korraldaja pildile lisatud e-maili aadressile kirja, et t\u00f6\u00f6\/d on kohale j\u00f5udnud. Kui vastavat kirja pole tulnud <strong>14. septembriks<\/strong>, palun korraldajaga \u00fchendust v\u00f5tta. T\u00f6\u00f6d, mis tuuakse festivalip\u00e4eval, aga mille postis kadumamineku kohta pole korraldajal andmeid, v\u00f5istlusele ei p\u00e4\u00e4se.<\/li><li>Pilt ei tohi sisaldada pornograafiat, kutsuda \u00fcles v\u00e4givallale, sisaldada roppusi v\u00f5i muud ebasobivat.<\/li><li>Digitaalselt esitatud t\u00f6\u00f6d prindime ise v\u00e4lja, aga ei saa garanteerida, et v\u00e4lja prinditud t\u00f6\u00f6 n\u00e4eb v\u00e4lja samasugune nagu arvutis.<\/li><li>Pilti\/e autorile ei tagastata.<\/li><li>Keelatud on oma v\u00f5istlust\u00f6\u00f6d\/t\u00f6id enne v\u00f5istluse l\u00f5ppu Internetis avaldada. T\u00f6\u00f6\/d v\u00f5ib avalikustada alles p\u00e4rast v\u00f5istlust.<\/li><li>Joonistused pannakse festivalil \u00fcles n\u00e4itusena ning k\u00f5ikidel k\u00fclastajatel on v\u00f5imalik anda oma h\u00e4\u00e4l*. H\u00e4\u00e4letus ja pildid on anon\u00fc\u00fcmsed.<\/li><\/ul>\n\n\n\n<p>Joonistusv\u00f5istluse v\u00f5itja kuulutatakse v\u00e4lja festivali teisel p\u00e4eval l\u00f5putseremoonial. Esikolmikule toredad auhinnad!<\/p>\n\n\n\n<p>* Kuna tegu on rahvah\u00e4\u00e4letusega, v\u00f5ivad v\u00f5istlusest soovi korral osa v\u00f5tta ka AniMatsuri meeskonnaliikmed.<\/p>\n\n\n\n<p>Joonistusv\u00f5istlusele t\u00f6\u00f6 saatmisega annad n\u00f5usoleku, et sinu t\u00f6\u00f6d v\u00f5idakse koos korrektse viitega autorile kasutada n\u00e4ituse jaoks ja AniMatsuri festivali reklaamimiseks.<\/p>\n\n\n\n<p><strong>Kui tekib k\u00fcsimusi<\/strong> v\u00f5istluse, failide salvestamise vm kohta, v\u00f5ib julgelt kirjutada art@animatsuri.eu.<\/p>\n","protected":false},"excerpt":{"rendered":"<p>Missugused superkangelased on Aki, Sousuke ja Wilhelm? Just see on k\u00e4esoleva aasta joonistusv\u00f5istluse teema! On neil vinged superv\u00f5imed ja lehviv keep v\u00f5i kannavad nad hoopis p\u00e4\u00e4stet\u00f6\u00f6taja vormi v\u00f5i pr\u00fcgivedaja riideid ja aitavad igap\u00e4evakangelastena maailma paremaks muuta? Lase fantaasial lennata! Aktsepteerime nii paber- kui ka digitaalseid t\u00f6id, nii et otsi v\u00e4lja [&hellip;]<\/p>\n","protected":false},"author":1,"featured_media":182,"parent":476,"menu_order":0,"comment_status":"closed","ping_status":"closed","template":"page-templates\/full-width.php","meta":{"footnotes":""},"class_list":["post-453","page","type-page","status-publish","has-post-thumbnail","hentry"],"_links":{"self":[{"href":"https:\/\/animatsuri.baka.ee\/2022\/index.php?rest_route=\/wp\/v2\/pages\/453","targetHints":{"allow":["GET"]}}],"collection":[{"href":"https:\/\/animatsuri.baka.ee\/2022\/index.php?rest_route=\/wp\/v2\/pages"}],"about":[{"href":"https:\/\/animatsuri.baka.ee\/2022\/index.php?rest_route=\/wp\/v2\/types\/page"}],"author":[{"embeddable":true,"href":"https:\/\/animatsuri.baka.ee\/2022\/index.php?rest_route=\/wp\/v2\/users\/1"}],"replies":[{"embeddable":true,"href":"https:\/\/animatsuri.baka.ee\/2022\/index.php?rest_route=%2Fwp%2Fv2%2Fcomments&post=453"}],"version-history":[{"count":1,"href":"https:\/\/animatsuri.baka.ee\/2022\/index.php?rest_route=\/wp\/v2\/pages\/453\/revisions"}],"predecessor-version":[{"id":455,"href":"https:\/\/animatsuri.baka.ee\/2022\/index.php?rest_route=\/wp\/v2\/pages\/453\/revisions\/455"}],"up":[{"embeddable":true,"href":"https:\/\/animatsuri.baka.ee\/2022\/index.php?rest_route=\/wp\/v2\/pages\/476"}],"wp:featuredmedia":[{"embeddable":true,"href":"https:\/\/animatsuri.baka.ee\/2022\/index.php?rest_route=\/wp\/v2\/media\/182"}],"wp:attachment":[{"href":"https:\/\/animatsuri.baka.ee\/2022\/index.php?rest_route=%2Fwp%2Fv2%2Fmedia&parent=453"}],"curies":[{"name":"wp","href":"https:\/\/api.w.org\/{rel}","templated":true}]}}