{"id":396,"date":"2022-09-01T22:49:41","date_gmt":"2022-09-01T19:49:41","guid":{"rendered":"https:\/\/animatsuri.baka.ee\/t2022\/?page_id=396"},"modified":"2022-09-05T23:25:57","modified_gmt":"2022-09-05T20:25:57","slug":"mangade-lugemislaud","status":"publish","type":"page","link":"https:\/\/animatsuri.baka.ee\/2022\/?page_id=396","title":{"rendered":"Mangade lugemislaud"},"content":{"rendered":"\n<p>Kas tunned vajadust natuke festivalimelust eemalduda ning s\u00fcveneda teise maailma, samas s\u00e4ilitada huvitavat \u00f5hkkonda? Siis on mangalugemislaud just see \u00f5ige koht, kuhu minna. AniMatsuri meeskond ja Jaapani kultuuriklubi Asashio liikmed on k\u00fclastajatele andnud lugemiseks enda mangakogud ning p\u00f5nevad raamatud Jaapanist ja Aasiast. Seega kui tunned, et tahad vaikselt kuskil lugeda, siis sea sammud raamatuvalikuga laua poole.<\/p>\n\n\n\n<p>Raamatute lugemisel arvestage kindlasti sellega, et nendega tuleb k\u00e4ia \u00fcmber heaperemehelikult. Omanikud on andnud need teile lugemiseks heas usus, et keegi neid ei l\u00f5hu. Ehk, mangade lugemislauas on keelatud s\u00fc\u00fca ja juua ning keelatud on raamatute v\u00e4\u00e4namine. <\/p>\n","protected":false},"excerpt":{"rendered":"<p>Kas tunned vajadust natuke festivalimelust eemalduda ning s\u00fcveneda teise maailma, samas s\u00e4ilitada huvitavat \u00f5hkkonda? Siis on mangalugemislaud just see \u00f5ige koht, kuhu minna. AniMatsuri meeskond ja Jaapani kultuuriklubi Asashio liikmed on k\u00fclastajatele andnud lugemiseks enda mangakogud ning p\u00f5nevad raamatud Jaapanist ja Aasiast. Seega kui tunned, et tahad vaikselt kuskil lugeda, [&hellip;]<\/p>\n","protected":false},"author":1,"featured_media":187,"parent":487,"menu_order":4,"comment_status":"closed","ping_status":"closed","template":"","meta":{"footnotes":""},"class_list":["post-396","page","type-page","status-publish","has-post-thumbnail","hentry"],"_links":{"self":[{"href":"https:\/\/animatsuri.baka.ee\/2022\/index.php?rest_route=\/wp\/v2\/pages\/396","targetHints":{"allow":["GET"]}}],"collection":[{"href":"https:\/\/animatsuri.baka.ee\/2022\/index.php?rest_route=\/wp\/v2\/pages"}],"about":[{"href":"https:\/\/animatsuri.baka.ee\/2022\/index.php?rest_route=\/wp\/v2\/types\/page"}],"author":[{"embeddable":true,"href":"https:\/\/animatsuri.baka.ee\/2022\/index.php?rest_route=\/wp\/v2\/users\/1"}],"replies":[{"embeddable":true,"href":"https:\/\/animatsuri.baka.ee\/2022\/index.php?rest_route=%2Fwp%2Fv2%2Fcomments&post=396"}],"version-history":[{"count":2,"href":"https:\/\/animatsuri.baka.ee\/2022\/index.php?rest_route=\/wp\/v2\/pages\/396\/revisions"}],"predecessor-version":[{"id":400,"href":"https:\/\/animatsuri.baka.ee\/2022\/index.php?rest_route=\/wp\/v2\/pages\/396\/revisions\/400"}],"up":[{"embeddable":true,"href":"https:\/\/animatsuri.baka.ee\/2022\/index.php?rest_route=\/wp\/v2\/pages\/487"}],"wp:featuredmedia":[{"embeddable":true,"href":"https:\/\/animatsuri.baka.ee\/2022\/index.php?rest_route=\/wp\/v2\/media\/187"}],"wp:attachment":[{"href":"https:\/\/animatsuri.baka.ee\/2022\/index.php?rest_route=%2Fwp%2Fv2%2Fmedia&parent=396"}],"curies":[{"name":"wp","href":"https:\/\/api.w.org\/{rel}","templated":true}]}}