{"id":386,"date":"2022-09-01T22:44:11","date_gmt":"2022-09-01T19:44:11","guid":{"rendered":"https:\/\/animatsuri.baka.ee\/t2022\/?page_id=386"},"modified":"2022-09-06T16:20:05","modified_gmt":"2022-09-06T13:20:05","slug":"diy-lauad","status":"publish","type":"page","link":"https:\/\/animatsuri.baka.ee\/2022\/?page_id=386","title":{"rendered":"DIY lauad"},"content":{"rendered":"\n<p><strong>Ruum:<\/strong> Finland<br><strong>Avatud: <\/strong>Laup\u00e4eval, 17. septembril<\/p>\n\n\n\n<p>Leiad end festivali ajal igavlemas ja n\u00e4pud kihelevad midagi meisterdama? Astu l\u00e4bi DIY toast \u2013 eraldi ruum m\u00f5eldud just neile, kes soovivad vaba aega sisustada millegi kallal nokitsemisega.<\/p>\n\n\n\n<p>Tule valmista endale j\u00e4rjehoidja, onigiri v\u00f5tmehoidja, kassik\u00f5rvad, joonista v\u00f5i voldi endale \u00fcks origamikujuke. Kohapeal on olemas eesti- ja ingliskeelsed juhendid voltimise ja meisterdamise jaoks.<\/p>\n","protected":false},"excerpt":{"rendered":"<p>Ruum: FinlandAvatud: Laup\u00e4eval, 17. septembril Leiad end festivali ajal igavlemas ja n\u00e4pud kihelevad midagi meisterdama? Astu l\u00e4bi DIY toast \u2013 eraldi ruum m\u00f5eldud just neile, kes soovivad vaba aega sisustada millegi kallal nokitsemisega. Tule valmista endale j\u00e4rjehoidja, onigiri v\u00f5tmehoidja, kassik\u00f5rvad, joonista v\u00f5i voldi endale \u00fcks origamikujuke. Kohapeal on olemas eesti- [&hellip;]<\/p>\n","protected":false},"author":1,"featured_media":183,"parent":487,"menu_order":3,"comment_status":"closed","ping_status":"closed","template":"page-templates\/full-width.php","meta":{"footnotes":""},"class_list":["post-386","page","type-page","status-publish","has-post-thumbnail","hentry"],"_links":{"self":[{"href":"https:\/\/animatsuri.baka.ee\/2022\/index.php?rest_route=\/wp\/v2\/pages\/386","targetHints":{"allow":["GET"]}}],"collection":[{"href":"https:\/\/animatsuri.baka.ee\/2022\/index.php?rest_route=\/wp\/v2\/pages"}],"about":[{"href":"https:\/\/animatsuri.baka.ee\/2022\/index.php?rest_route=\/wp\/v2\/types\/page"}],"author":[{"embeddable":true,"href":"https:\/\/animatsuri.baka.ee\/2022\/index.php?rest_route=\/wp\/v2\/users\/1"}],"replies":[{"embeddable":true,"href":"https:\/\/animatsuri.baka.ee\/2022\/index.php?rest_route=%2Fwp%2Fv2%2Fcomments&post=386"}],"version-history":[{"count":2,"href":"https:\/\/animatsuri.baka.ee\/2022\/index.php?rest_route=\/wp\/v2\/pages\/386\/revisions"}],"predecessor-version":[{"id":390,"href":"https:\/\/animatsuri.baka.ee\/2022\/index.php?rest_route=\/wp\/v2\/pages\/386\/revisions\/390"}],"up":[{"embeddable":true,"href":"https:\/\/animatsuri.baka.ee\/2022\/index.php?rest_route=\/wp\/v2\/pages\/487"}],"wp:featuredmedia":[{"embeddable":true,"href":"https:\/\/animatsuri.baka.ee\/2022\/index.php?rest_route=\/wp\/v2\/media\/183"}],"wp:attachment":[{"href":"https:\/\/animatsuri.baka.ee\/2022\/index.php?rest_route=%2Fwp%2Fv2%2Fmedia&parent=386"}],"curies":[{"name":"wp","href":"https:\/\/api.w.org\/{rel}","templated":true}]}}