{"id":243,"date":"2022-08-21T23:34:07","date_gmt":"2022-08-21T20:34:07","guid":{"rendered":"https:\/\/animatsuri.baka.ee\/t2022\/?page_id=243"},"modified":"2022-09-19T21:38:17","modified_gmt":"2022-09-19T18:38:17","slug":"festival-history","status":"publish","type":"page","link":"https:\/\/animatsuri.baka.ee\/2022\/?page_id=243&lang=en","title":{"rendered":"Festival history"},"content":{"rendered":"\n<p><\/p>\n\n\n\n<div class=\"wp-block-columns is-layout-flex wp-container-core-columns-is-layout-9d6595d7 wp-block-columns-is-layout-flex\">\n<div class=\"wp-block-column is-layout-flow wp-block-column-is-layout-flow\"><div class=\"wp-block-image\">\n<figure class=\"alignright size-full is-resized\"><img loading=\"lazy\" decoding=\"async\" src=\"https:\/\/animatsuri.baka.ee\/t2022\/wp-content\/uploads\/2022\/08\/animatsuri2019_1024.jpg\" alt=\"\" class=\"wp-image-241\" width=\"362\" height=\"512\" srcset=\"https:\/\/animatsuri.baka.ee\/2022\/wp-content\/uploads\/2022\/08\/animatsuri2019_1024.jpg 724w, https:\/\/animatsuri.baka.ee\/2022\/wp-content\/uploads\/2022\/08\/animatsuri2019_1024-212x300.jpg 212w\" sizes=\"auto, (max-width: 362px) 100vw, 362px\" \/><\/figure>\n<\/div><\/div>\n\n\n\n<div class=\"wp-block-column is-layout-flow wp-block-column-is-layout-flow\">\n<p><strong>AniMatsuri 2019<\/strong>&nbsp;&#8211; <em>28.-29.09.2019<\/em><br><a href=\"http:\/\/www.dorpat.ee\/konverentsikeskus\">Dorpat Conference Center<\/a><br>Visitors: 1114<br>Photos (Flickr): <a href=\"https:\/\/www.flickr.com\/photos\/113467375@N04\/albums\/72157711180379998\">AniMatsuri 2019&nbsp;1<\/a>, <a href=\"https:\/\/www.flickr.com\/photos\/113467375@N04\/albums\/72157712626727383\">AniMatsuri 2019 2<\/a>, <a href=\"https:\/\/www.flickr.com\/photos\/113467375@N04\/albums\/72157711178262477\">Festivali fotonurk<\/a>, <a href=\"https:\/\/www.flickr.com\/photos\/113467375@N04\/albums\/72157712838639191\">Cosplay show<\/a><br>Videos: <a href=\"https:\/\/www.youtube.com\/watch?v=Txme8WOL28U\">Ametlik festivali video<\/a><br>Poster:&nbsp;<a href=\"https:\/\/www.instagram.com\/kuttysark_art\/\">Kutty Sark<\/a><\/p>\n<\/div>\n<\/div>\n\n\n\n<div class=\"wp-block-columns has-2-columns is-layout-flex wp-container-core-columns-is-layout-9d6595d7 wp-block-columns-is-layout-flex\">\n<div class=\"wp-block-column is-layout-flow wp-block-column-is-layout-flow\"><div class=\"wp-block-image\">\n<figure class=\"alignright is-resized\"><img loading=\"lazy\" decoding=\"async\" src=\"http:\/\/animatsuri.eu\/2019\/wp-content\/uploads\/2019\/04\/animatsuri_2018_poster_v2ike-724x1024.jpg\" alt=\"\" class=\"wp-image-89\" width=\"362\" height=\"512\"\/><\/figure>\n<\/div><\/div>\n\n\n\n<div class=\"wp-block-column is-layout-flow wp-block-column-is-layout-flow\">\n<p><strong>AniMatsuri 2018<\/strong>&nbsp;&#8211; 22<em>.-23.09.2018<\/em><br><a rel=\"noreferrer noopener\" href=\"http:\/\/www.htg.tartu.ee\/\" target=\"_blank\">Hugo Treffneri G\u00fcmnaasiumis<\/a><br>Visitors : 1013<br>Photos (Flickr) : <a href=\"https:\/\/www.flickr.com\/photos\/113467375@N04\/albums\/72157675251878208\">AniMatsuri 2018&nbsp;1<\/a>, <a href=\"https:\/\/www.flickr.com\/photos\/113467375@N04\/albums\/72157675257588578\">AniMatsuri 2018 2<\/a>, <a href=\"https:\/\/www.flickr.com\/photos\/113467375@N04\/albums\/72157675256583338\">Festivali fotonurk<\/a>, <a href=\"https:\/\/www.flickr.com\/photos\/113467375@N04\/albums\/72157699957788482\">Cosplay show<\/a><br>Videos: <a href=\"https:\/\/www.youtube.com\/watch?v=jQ4Xfk4MLDI\">Ametlik festivali video<\/a><br>Media: <a href=\"https:\/\/klassikaraadio.err.ee\/859456\/delta-20-septembril-triskele-kirjandus-tolkmine-ja-animatsuri\/883347\">Klassikaraadio saade Delta<\/a><br>Poster: Silvia-Sigrid Sillaots<\/p>\n\n\n\n<p><\/p>\n<\/div>\n<\/div>\n\n\n\n<div class=\"wp-block-columns has-2-columns is-layout-flex wp-container-core-columns-is-layout-9d6595d7 wp-block-columns-is-layout-flex\">\n<div class=\"wp-block-column is-layout-flow wp-block-column-is-layout-flow\"><div class=\"wp-block-image\">\n<figure class=\"alignright is-resized\"><img loading=\"lazy\" decoding=\"async\" src=\"http:\/\/animatsuri.eu\/2019\/wp-content\/uploads\/2019\/04\/AniMatsuri-2017-poster-724x1024-724x1024.png\" alt=\"\" class=\"wp-image-51\" width=\"362\" height=\"512\"\/><\/figure>\n<\/div><\/div>\n\n\n\n<div class=\"wp-block-column is-layout-flow wp-block-column-is-layout-flow\">\n<p> <strong>AniMatsuri 2017<\/strong>&nbsp;&#8211; 23<em>.-24.09.2017<\/em><br><a rel=\"noreferrer noopener\" href=\"http:\/\/www.htg.tartu.ee\/\" target=\"_blank\">Hugo Treffner Gymnasium<\/a><br>Visitors:&nbsp;950<br>Photos (Flickr): <a href=\"https:\/\/www.flickr.com\/photos\/113467375@N04\/sets\/72157687590947640\">Japan month<\/a>, <a href=\"https:\/\/www.flickr.com\/photos\/113467375@N04\/sets\/72157689602757655\">Masquerade<\/a>, <a href=\"https:\/\/www.flickr.com\/photos\/113467375@N04\/sets\/72157687396380622\">Masquerade photowall<\/a>, <a href=\"https:\/\/www.flickr.com\/photos\/113467375@N04\/sets\/72157662667794298\">1st day<\/a>, <a href=\"https:\/\/www.flickr.com\/photos\/113467375@N04\/sets\/72157687396815672\">1st day photowall<\/a>, <a href=\"https:\/\/www.flickr.com\/photos\/113467375@N04\/sets\/72157689787870935\">2nd day<\/a>, <a href=\"https:\/\/www.flickr.com\/photos\/113467375@N04\/sets\/72157687400096112\">2nd day photowall<\/a>, <a href=\"https:\/\/www.flickr.com\/photos\/113467375@N04\/sets\/72157689296594462\">2nd day cosplay contest<\/a><br>Videos: <a rel=\"noreferrer noopener\" href=\"https:\/\/www.youtube.com\/watch?v=b2phOfVkfYY\" target=\"_blank\">Official festival video<\/a><br>Media: <a href=\"https:\/\/www.ulmeajakiri.ee\/?animatsuri-2017\">Reaktor &#8220;AniMatsuri 2017&#8221;<\/a>,&nbsp;<a href=\"https:\/\/klassikaraadio.err.ee\/739293\/delta-22-septembril\">Vikerraadio show Delta<\/a><br>Poster:&nbsp;Silvia-Sigrid Sillaots <\/p>\n<\/div>\n<\/div>\n\n\n\n<div class=\"wp-block-columns has-2-columns is-layout-flex wp-container-core-columns-is-layout-9d6595d7 wp-block-columns-is-layout-flex\">\n<div class=\"wp-block-column is-layout-flow wp-block-column-is-layout-flow\"><div class=\"wp-block-image\">\n<figure class=\"alignright is-resized\"><img loading=\"lazy\" decoding=\"async\" src=\"http:\/\/animatsuri.eu\/2019\/wp-content\/uploads\/2019\/05\/2016-724x1024.png\" alt=\"\" class=\"wp-image-387\" width=\"362\" height=\"512\"\/><\/figure>\n<\/div><\/div>\n\n\n\n<div class=\"wp-block-column is-layout-flow wp-block-column-is-layout-flow\">\n<p> <strong>AniMatsuri 2016<\/strong>&nbsp;&#8211; 24<em>.-25.09.2016<\/em><br><a rel=\"noreferrer noopener\" href=\"http:\/\/www.htg.tartu.ee\/\" target=\"_blank\">Hugo Treffner Gymnasium<\/a><br>Visitors:&nbsp;898<br>Photos (FB): <a href=\"https:\/\/www.facebook.com\/pg\/visualcultureclub\/photos\/?tab=album&amp;album_id=1452182774811769\">Masquerade photowall<\/a>, <a href=\"https:\/\/www.facebook.com\/pg\/visualcultureclub\/photos\/?tab=album&amp;album_id=1474257052604341\">AniMatsuri<\/a>, <a href=\"https:\/\/www.facebook.com\/pg\/visualcultureclub\/photos\/?tab=album&amp;album_id=1651830511513660\">Festival photowall<\/a><br>Videos: <a rel=\"noreferrer noopener\" href=\"https:\/\/www.youtube.com\/watch?v=d4ioTrqQrp8\" target=\"_blank\">Official festival video<\/a><br>Media: <a href=\"http:\/\/tartu.postimees.ee\/3843699\/jaapani-animatsiooni-ja-popkultuuri-festival-peab-sel-nadalal-juubelit\">Tartu Postimees &#8220;Jaapani animatsiooni ja popkultuuri festival peab sel n\u00e4dalal juubelit&#8221;<\/a>, <a href=\"http:\/\/www.ohtuleht.ee\/761847\/haldjas-ma-valmistan-ja-kannan-fantaasiategelaste-kostuume-kirega\">SL \u00d5htuleht &#8220;Haldjas: ma valmistan ja kannan fantaasiategelaste kost\u00fc\u00fcme kirega!&#8221;<\/a><br>Poster:&nbsp;Darja Tokranova  <\/p>\n<\/div>\n<\/div>\n\n\n\n<div class=\"wp-block-columns has-2-columns is-layout-flex wp-container-core-columns-is-layout-9d6595d7 wp-block-columns-is-layout-flex\">\n<div class=\"wp-block-column is-layout-flow wp-block-column-is-layout-flow\"><div class=\"wp-block-image\">\n<figure class=\"alignright is-resized\"><img loading=\"lazy\" decoding=\"async\" src=\"http:\/\/animatsuri.eu\/2019\/wp-content\/uploads\/2019\/05\/2015-724x1024.png\" alt=\"\" class=\"wp-image-386\" width=\"362\" height=\"512\"\/><\/figure>\n<\/div><\/div>\n\n\n\n<div class=\"wp-block-column is-layout-flow wp-block-column-is-layout-flow\">\n<p><strong>AniMatsuri 2015<\/strong>&nbsp;&#8211; <em>18.-20.09.2015<\/em><br><a rel=\"noreferrer noopener\" href=\"http:\/\/www.htg.tartu.ee\/\" target=\"_blank\">Hugo Treffner Gymnasium<\/a><br>Number of visitors: 902<br>Photos (Flickr): <a rel=\"noreferrer noopener\" href=\"https:\/\/www.flickr.com\/photos\/113467375@N04\/sets\/72157660950726472\" target=\"_blank\">Day 1<\/a>, <a rel=\"noreferrer noopener\" href=\"https:\/\/www.flickr.com\/photos\/113467375@N04\/sets\/72157660204045267\" target=\"_blank\">Day 2<\/a>, <a rel=\"noreferrer noopener\" href=\"https:\/\/www.flickr.com\/photos\/113467375@N04\/sets\/72157660920897446\" target=\"_blank\">Festival photowall<\/a>&nbsp;(by&nbsp;<a rel=\"noreferrer noopener\" href=\"https:\/\/www.facebook.com\/visualcultureclub?ref=ts&amp;fref=ts\" target=\"_blank\">Visual Culture Club<\/a>)<br>Videos: <a rel=\"noreferrer noopener\" href=\"https:\/\/www.google.ee\/url?sa=t&amp;rct=j&amp;q=&amp;esrc=s&amp;source=web&amp;cd=7&amp;cad=rja&amp;uact=8&amp;ved=0ahUKEwjHrKiL3O3MAhViJ5oKHYPzCzMQtwIISjAG&amp;url=https%3A%2F%2Fwww.youtube.com%2Fwatch%3Fv%3DTohD0wFDgMI&amp;usg=AFQjCNGlv2aLXEpXZnz04yd-G2ieMTX-vw&amp;sig2=H9DPdTg7iHwOClmOI0aJ8g&amp;bvm=bv.122448493,d.bGs\" target=\"_blank\">Official festival video<\/a>&nbsp;(by&nbsp;<a rel=\"noreferrer noopener\" href=\"https:\/\/www.facebook.com\/visualcultureclub?ref=ts&amp;fref=ts\" target=\"_blank\">Visual Culture Club<\/a>), <a href=\"https:\/\/www.youtube.com\/playlist?list=PLTkLt2XKc8oPO5MEX0g31A4Qxo-q08dwk\">Cosplay performances<\/a><br>Media: <a href=\"http:\/\/elu24.postimees.ee\/3327437\/nadalavahetusel-voib-taas-tartu-tanavatel-naha-kirevates-kostuumides-anime-fanne\">Elu24.ee<\/a>, <a href=\"http:\/\/ulmeajakiri.ee\/?animatsuri-2015\">Ulmeajakiri Reaktor<\/a><br>Poster:&nbsp;Gerli Carol Koppel <\/p>\n<\/div>\n<\/div>\n\n\n\n<div class=\"wp-block-columns has-2-columns is-layout-flex wp-container-core-columns-is-layout-9d6595d7 wp-block-columns-is-layout-flex\">\n<div class=\"wp-block-column is-layout-flow wp-block-column-is-layout-flow\"><div class=\"wp-block-image\">\n<figure class=\"alignright is-resized\"><img loading=\"lazy\" decoding=\"async\" src=\"http:\/\/animatsuri.eu\/2019\/wp-content\/uploads\/2019\/05\/2014-724x1024.png\" alt=\"\" class=\"wp-image-385\" width=\"362\" height=\"512\"\/><\/figure>\n<\/div><\/div>\n\n\n\n<div class=\"wp-block-column is-layout-flow wp-block-column-is-layout-flow\">\n<p><strong>AniMatsuri 2014<\/strong> &#8211; <em>19.-21.09.2014<\/em><br><a rel=\"noreferrer noopener\" href=\"http:\/\/www.htg.tartu.ee\/\" target=\"_blank\">Hugo Treffner Gymnasium<\/a><br>Number of visitors: 661<br>Photos&nbsp;(Flickr): <a rel=\"noreferrer noopener\" href=\"https:\/\/www.flickr.com\/photos\/113467375@N04\/sets\/72157649537222502\" target=\"_blank\">Masquerade<\/a>, <a rel=\"noreferrer noopener\" href=\"https:\/\/www.flickr.com\/photos\/113467375@N04\/sets\/72157649483467756\" target=\"_blank\">Masquerade photowall<\/a>, <a rel=\"noreferrer noopener\" href=\"https:\/\/www.flickr.com\/photos\/113467375@N04\/sets\/72157649538377442\" target=\"_blank\">Day 1<\/a>, <a rel=\"noreferrer noopener\" href=\"https:\/\/www.flickr.com\/photos\/113467375@N04\/sets\/72157647223736713\" target=\"_blank\">Day 2<\/a>, <a rel=\"noreferrer noopener\" href=\"https:\/\/www.flickr.com\/photos\/113467375@N04\/sets\/72157647217771004\" target=\"_blank\">Festival photowall<\/a>&nbsp;(by&nbsp;<a rel=\"noreferrer noopener\" href=\"https:\/\/www.facebook.com\/visualcultureclub?ref=ts&amp;fref=ts\" target=\"_blank\">Visual Culture Club<\/a>)<br>Videos: <a rel=\"noreferrer noopener\" href=\"https:\/\/www.youtube.com\/watch?v=LnbbRs1B-r4\" target=\"_blank\">Official festival video<\/a>&nbsp;&nbsp;ja <a rel=\"noreferrer noopener\" href=\"https:\/\/www.youtube.com\/watch?v=TjCXtFnqsF4\" target=\"_blank\">Official masquerade video<\/a> (by&nbsp;<a rel=\"noreferrer noopener\" href=\"https:\/\/www.facebook.com\/visualcultureclub?ref=ts&amp;fref=ts\" target=\"_blank\">Visual Culture Club<\/a>), <a rel=\"noreferrer noopener\" href=\"https:\/\/www.youtube.com\/watch?v=RvV-NidA93c\" target=\"_blank\">1<\/a>, <a rel=\"noreferrer noopener\" href=\"https:\/\/www.youtube.com\/watch?v=R5AxZHsFcYg\" target=\"_blank\">2<\/a>, <a rel=\"noreferrer noopener\" href=\"https:\/\/www.youtube.com\/watch?v=YrNdMju27GA\" target=\"_blank\">3<\/a><br>Media: Vikerraadio show&nbsp;Delta<br>Poster: Silvia-Sigrid Sillaots  <\/p>\n<\/div>\n<\/div>\n\n\n\n<div class=\"wp-block-columns has-2-columns is-layout-flex wp-container-core-columns-is-layout-9d6595d7 wp-block-columns-is-layout-flex\">\n<div class=\"wp-block-column is-layout-flow wp-block-column-is-layout-flow\"><div class=\"wp-block-image\">\n<figure class=\"alignright is-resized\"><img loading=\"lazy\" decoding=\"async\" src=\"http:\/\/animatsuri.eu\/2019\/wp-content\/uploads\/2019\/05\/2013-724x1024.png\" alt=\"\" class=\"wp-image-384\" width=\"362\" height=\"512\"\/><\/figure>\n<\/div><\/div>\n\n\n\n<div class=\"wp-block-column is-layout-flow wp-block-column-is-layout-flow\">\n<p> <strong>AniMatsuri 2013<\/strong> &#8211; <em>20.-22.09.2013<\/em><br><a rel=\"noreferrer noopener\" href=\"http:\/\/www.tamme.tartu.ee\/\" target=\"_blank\">Tartu Tamme Gymnasium<\/a><br>Number of visitors: 532<br>Photos (FB): <a href=\"https:\/\/www.facebook.com\/media\/set\/?set=a.644114852286184.1073741828.193470314017309&amp;type=3\">Day 1<\/a>, <a href=\"https:\/\/www.facebook.com\/media\/set\/?set=a.644117232285946.1073741829.193470314017309&amp;type=3\">Day 2<\/a>, <a href=\"https:\/\/www.facebook.com\/media\/set\/?set=a.644120425618960.1073741830.193470314017309&amp;type=3\">Cosplay<\/a><br>Photos (Flickr): <a href=\"https:\/\/www.flickr.com\/photos\/113467375@N04\/sets\/72157639532650804\/\">Day 1<\/a>, <a href=\"https:\/\/www.flickr.com\/photos\/113467375@N04\/sets\/72157639533002684\/\">Day 2<\/a><br>Video: <a href=\"https:\/\/www.youtube.com\/watch?v=3aoP8HUQxJ8\">Cosplayst<\/a><br>Media: <a href=\"http:\/\/menu.err.ee\/v\/avalehe8\/08dbcfd9-7428-440c-a126-5fbcd02cf58d\">ERR &#8220;Jaapani animatsioonid vallutavad Tartu&#8221;<\/a>, Raadio 2 livestalk<br>Poster: Silvia-Sigrid Sillaots  <\/p>\n<\/div>\n<\/div>\n\n\n\n<div class=\"wp-block-columns has-2-columns is-layout-flex wp-container-core-columns-is-layout-9d6595d7 wp-block-columns-is-layout-flex\">\n<div class=\"wp-block-column is-layout-flow wp-block-column-is-layout-flow\"><div class=\"wp-block-image\">\n<figure class=\"alignright is-resized\"><img loading=\"lazy\" decoding=\"async\" src=\"http:\/\/animatsuri.eu\/2019\/wp-content\/uploads\/2019\/05\/2012-724x1024.png\" alt=\"\" class=\"wp-image-383\" width=\"362\" height=\"512\"\/><\/figure>\n<\/div><\/div>\n\n\n\n<div class=\"wp-block-column is-layout-flow wp-block-column-is-layout-flow\">\n<p><strong>AniMatsuri 2012<\/strong> &#8211; <em>22.-23.09.2012<\/em><br><a rel=\"noreferrer noopener\" href=\"http:\/\/www.dorpat.ee\/konverentsikeskus\" target=\"_blank\">Dorpat Conference Center<\/a><br>Number of visitors: 467<br>Photos (FB): <a href=\"https:\/\/www.facebook.com\/media\/set\/?set=a.475850655779272.112715.193470314017309&amp;type=3\">Day 1<\/a>, <a href=\"https:\/\/www.facebook.com\/media\/set\/?set=a.475855719112099.112716.193470314017309&amp;type=3\">Day 2<\/a>, <a href=\"https:\/\/www.facebook.com\/media\/set\/?set=a.475861322444872.112717.193470314017309&amp;type=3\">Cosplay<\/a>, <a href=\"https:\/\/www.facebook.com\/media\/set\/?set=a.490682040962800.115681.193470314017309&amp;type=3\">orders<\/a><br>Videos: <a href=\"http:\/\/youtu.be\/t-V7WJpBS5A\">Tutvustusvideo<\/a>, <a href=\"http:\/\/www.youtube.com\/watch?v=iYCThBoVCFA\">1<\/a><br>Media: <a href=\"http:\/\/www.tartuekspress.eu\/?page=1&amp;id=1137\">Tartu Ekspress &#8220;Animefriigid toovad Tartusse killukese Jaapanit&#8221;<\/a>, <a href=\"http:\/\/www.tartupostimees.ee\/979444\/animefannid-tulevad-animatsurile\">Tartu Postimees &#8220;Animef\u00e4nnid tulevad AniMatsurile&#8221;<\/a><br>Poster: Gerli Carol Koppel , Kaia Jallai <\/p>\n<\/div>\n<\/div>\n\n\n\n<div class=\"wp-block-columns has-2-columns is-layout-flex wp-container-core-columns-is-layout-9d6595d7 wp-block-columns-is-layout-flex\">\n<div class=\"wp-block-column is-layout-flow wp-block-column-is-layout-flow\"><div class=\"wp-block-image\">\n<figure class=\"alignright is-resized\"><img loading=\"lazy\" decoding=\"async\" src=\"http:\/\/animatsuri.eu\/2019\/wp-content\/uploads\/2019\/05\/2011-724x1024.png\" alt=\"\" class=\"wp-image-382\" width=\"362\" height=\"512\"\/><\/figure>\n<\/div><\/div>\n\n\n\n<div class=\"wp-block-column is-layout-flow wp-block-column-is-layout-flow\">\n<p><strong>AniMatsuri 2011<\/strong> &#8211; <em>24.-25.09.2011<\/em><br><a rel=\"noreferrer noopener\" href=\"http:\/\/www.dorpat.ee\/konverentsikeskus\" target=\"_blank\">Dorpat Conference Center<\/a><br>Number of visitors: 418<br>Videos: <a href=\"http:\/\/www.youtube.com\/playlist?list=PL0853DDB743C1DEC5&amp;feature=plcp\">1<\/a>, <a href=\"http:\/\/www.youtube.com\/playlist?list=PLC2AB376B3188BFB2&amp;feature=plcp\">2<\/a>, <a href=\"http:\/\/www.youtube.com\/playlist?list=PLCA24D95D534925C8&amp;feature=plcp\">3<\/a><br>Media: <a href=\"http:\/\/www.elu24.ee\/575480\/tartus-peetakse-jaapani-popkultuuri-festivali\/\">Elu24 &#8220;Tartus peetakse Jaapani popkultuuri festivali &#8220;<\/a>, <a href=\"http:\/\/www.postimees.ee\/582068\/animehuvi-juhatab-pooraste-kostuumideni\/\">Postimees &#8220;Animehuvi juhatab p\u00f6\u00f6raste kost\u00fc\u00fcmideni&#8221;<\/a>, <a href=\"http:\/\/www.tartupostimees.ee\/577718\/galerii-varvikad-animefannid-pidasid-festivali\/\">Postimees &#8220;Galerii: v\u00e4rvikad animef\u00e4nnid pidasid festivali&#8221;<\/a><br>Poster: Kaia Jallai, Jaanek Lehtsalu, Aivar Liblik <\/p>\n<\/div>\n<\/div>\n\n\n\n<div class=\"wp-block-columns has-2-columns is-layout-flex wp-container-core-columns-is-layout-9d6595d7 wp-block-columns-is-layout-flex\">\n<div class=\"wp-block-column is-layout-flow wp-block-column-is-layout-flow\"><div class=\"wp-block-image\">\n<figure class=\"alignright is-resized\"><img loading=\"lazy\" decoding=\"async\" src=\"http:\/\/animatsuri.eu\/2019\/wp-content\/uploads\/2019\/05\/2010-724x1024.png\" alt=\"\" class=\"wp-image-381\" width=\"362\" height=\"512\"\/><\/figure>\n<\/div><\/div>\n\n\n\n<div class=\"wp-block-column is-layout-flow wp-block-column-is-layout-flow\">\n<p><strong>AniMatsuri 2010<\/strong> &#8211; <em>25.-26.09.2010<\/em><br><a rel=\"noreferrer noopener\" href=\"http:\/\/www.athena.ee\/Athena\/Athena_main.html\" target=\"_blank\">Athena cinema<\/a><br>Number of visitors: ~250<br><a rel=\"noreferrer noopener\" href=\"http:\/\/picasaweb.google.com\/102552647765623375234\" target=\"_blank\">AniMatsuri 2010<\/a>, <a rel=\"noreferrer noopener\" href=\"http:\/\/s259.photobucket.com\/albums\/hh300\/ingi9\/Animatsuri%202010\/\" target=\"_blank\">1<\/a>, <a rel=\"noreferrer noopener\" href=\"http:\/\/84.50.243.25\/pildid\/default.aspx?aid=94\" target=\"_blank\">2<\/a>, <a rel=\"noreferrer noopener\" href=\"http:\/\/foto.inbox.lv\/animefest6\/Animatsuri-Tartu-2010?view=&amp;start=0&amp;curdate=2010-09-27\" target=\"_blank\">3<\/a>, <a rel=\"noreferrer noopener\" href=\"http:\/\/picasaweb.google.com\/tanelpp\/AniMatsuri2010#\" target=\"_blank\">4<\/a>, <a rel=\"noreferrer noopener\" href=\"http:\/\/public.fotki.com\/olev\/amet\/animatsuri-2010\/\" target=\"_blank\">5<\/a>, <a rel=\"noreferrer noopener\" href=\"http:\/\/picasaweb.google.com\/nietrocken\/Animatsuri25260910#\" target=\"_blank\">6<\/a>, <a rel=\"noreferrer noopener\" href=\"http:\/\/picasaweb.google.com\/lasseron\/Animatsuri10#\" target=\"_blank\">7<\/a> \/ Videos: <a rel=\"noreferrer noopener\" href=\"http:\/\/www.youtube.com\/view_play_list?p=4CCD5D0CB0DA3202\" target=\"_blank\">1<\/a>, <a rel=\"noreferrer noopener\" href=\"http:\/\/www.youtube.com\/user\/BlueberryIsMe#p\/u\" target=\"_blank\">2<\/a>, <a rel=\"noreferrer noopener\" href=\"http:\/\/www.youtube.com\/user\/BlueberryIsMe#p\/u\/0\/M0ptyUg4JkM\" target=\"_blank\">3<\/a>, <a rel=\"noreferrer noopener\" href=\"http:\/\/www.youtube.com\/watch?v=RMrdOPWmAFc\" target=\"_blank\">4<\/a><br>Media: <a href=\"http:\/\/www.tartupostimees.ee\/?id=318330\">&#8220;Animef\u00e4nnid kohtusid festivalil&#8221;<\/a><br>Poster: Kaia Jallai, Aivar Liblik  <\/p>\n<\/div>\n<\/div>\n\n\n\n<div class=\"wp-block-columns has-2-columns is-layout-flex wp-container-core-columns-is-layout-9d6595d7 wp-block-columns-is-layout-flex\">\n<div class=\"wp-block-column is-layout-flow wp-block-column-is-layout-flow\"><div class=\"wp-block-image\">\n<figure class=\"alignright is-resized\"><img loading=\"lazy\" decoding=\"async\" src=\"http:\/\/animatsuri.eu\/2019\/wp-content\/uploads\/2019\/05\/2009-A4-724x1024.png\" alt=\"\" class=\"wp-image-390\" width=\"362\" height=\"512\"\/><\/figure>\n<\/div><\/div>\n\n\n\n<div class=\"wp-block-column is-layout-flow wp-block-column-is-layout-flow\">\n<p><strong>AniMatsuri 2009<\/strong> &#8211; <em>12.-13.09.2009<\/em><br><a href=\"http:\/\/www.tym.ee\/\">Tartu&nbsp;Studenhouse<\/a><br>Number of visitors: ~250<br><a href=\"http:\/\/picasaweb.google.com\/genkykaia\/2009091213AniMatsuri2009#\">AniMatsuri 2009<\/a>, <a href=\"http:\/\/s623.photobucket.com\/albums\/tt311\/Seishinbyo\/Animatsuri%202009\/\">2<\/a> ,<a href=\"http:\/\/s397.photobucket.com\/albums\/pp53\/Heccu114\/Tartu\/?start=0\">3<\/a> <a href=\"http:\/\/pilt.delfi.ee\/album\/144499\/?page=1\">4<\/a>, <a href=\"http:\/\/picasaweb.google.com\/harri35\/AniMatsuri2009?authkey=Gv1sRgCIO-84un36XfZg&amp;feat=directlink#\">5<\/a>, <a href=\"http:\/\/picasaweb.google.com\/lasseron\/Animatsuri09#\">6<\/a>, <a href=\"http:\/\/picasaweb.google.com\/rubixon\/Animatsuri09#\">7<\/a> \/ videos: <a href=\"http:\/\/www.youtube.com\/user\/Evvvvvu\">1<\/a>, <a href=\"http:\/\/www.youtube.com\/watch?v=CM3MLoTJ9RA\">2<\/a> \/ for download: <a href=\"http:\/\/ken.ecolines.lv\/2009-09-13_Animatsuri1.zip\">1<\/a>, <a href=\"http:\/\/ken.ecolines.lv\/2009-09-13_Animatsuri2.zip\">2<\/a>, <a href=\"http:\/\/ken.ecolines.lv\/2009-09-13_Animatsuri3.zip\">3<\/a>, <a href=\"http:\/\/ken.ecolines.lv\/2009-09-13_Animatsuri4.zip\">4<\/a>, <a href=\"http:\/\/ken.ecolines.lv\/2009-09-13_Animatsuri5.zip\">5<\/a>, <a href=\"http:\/\/depositfiles.com\/ru\/files\/c33vuze14\">6<\/a><br>Poster: Kaia Jallai, Mihkel Uba <\/p>\n<\/div>\n<\/div>\n\n\n\n<div class=\"wp-block-columns has-2-columns is-layout-flex wp-container-core-columns-is-layout-9d6595d7 wp-block-columns-is-layout-flex\">\n<div class=\"wp-block-column is-layout-flow wp-block-column-is-layout-flow\"><div class=\"wp-block-image\">\n<figure class=\"alignright is-resized\"><img loading=\"lazy\" decoding=\"async\" src=\"http:\/\/animatsuri.eu\/2019\/wp-content\/uploads\/2019\/05\/2008-A4-724x1024.png\" alt=\"\" class=\"wp-image-389\" width=\"362\" height=\"512\"\/><\/figure>\n<\/div><\/div>\n\n\n\n<div class=\"wp-block-column is-layout-flow wp-block-column-is-layout-flow\">\n<p><strong>AniMatsuri 2008<\/strong> &#8211;<em> 25.10.2008<\/em><br><a rel=\"noreferrer noopener\" href=\"http:\/\/annenk.ee\/\" target=\"_blank\">Anne Noortekeskus<\/a><br>Number of visitors: ~140<br><a href=\"http:\/\/picasaweb.google.com\/Tartu.Asashio\/20081025AniMatsuri2008\">AniMatsuri 2008<\/a>, <a href=\"http:\/\/foto.inbox.lv\/mii-sama\/Animacuri-08\">2<\/a>, <a href=\"http:\/\/pilt.delfi.ee\/album\/96702\/\">3<\/a>, <a href=\"http:\/\/s103.photobucket.com\/albums\/m128\/keegi11\/AniMatsuri%202008\/\">4<\/a>, <a href=\"http:\/\/picasaweb.google.com\/zooboo00\/Animatsuri200802\">5<\/a>, <a href=\"http:\/\/foto.inbox.lv\/ananaska\/Animatsuri_08\">6<\/a>, <a href=\"http:\/\/picasaweb.google.com\/lasseron\/Animatsuri\">7<\/a><br>Poster: Kaia Jallai, Ingmar Eriste <\/p>\n<\/div>\n<\/div>\n\n\n\n<div class=\"wp-block-columns has-2-columns is-layout-flex wp-container-core-columns-is-layout-9d6595d7 wp-block-columns-is-layout-flex\">\n<div class=\"wp-block-column is-layout-flow wp-block-column-is-layout-flow\"><div class=\"wp-block-image\">\n<figure class=\"alignright is-resized\"><img loading=\"lazy\" decoding=\"async\" src=\"http:\/\/animatsuri.eu\/2019\/wp-content\/uploads\/2019\/05\/2007-A4-724x1024.png\" alt=\"\" class=\"wp-image-388\" width=\"362\" height=\"512\"\/><\/figure>\n<\/div><\/div>\n\n\n\n<div class=\"wp-block-column is-layout-flow wp-block-column-is-layout-flow\">\n<p><strong>Mini Animefest 2007<\/strong> &#8211; <em>15.12.2007<\/em><br><a rel=\"noreferrer noopener\" href=\"http:\/\/annenk.ee\/\" target=\"_blank\">Anne Noortekeskus<\/a><br>Number of visitors: ~75<br>Poster: Kaia Jallai <\/p>\n<\/div>\n<\/div>\n\n\n<p><\/p>","protected":false},"excerpt":{"rendered":"<p>AniMatsuri 2019&nbsp;&#8211; 28.-29.09.2019Dorpat Conference CenterVisitors: 1114Photos (Flickr): AniMatsuri 2019&nbsp;1, AniMatsuri 2019 2, Festivali fotonurk, Cosplay showVideos: Ametlik festivali videoPoster:&nbsp;Kutty Sark AniMatsuri 2018&nbsp;&#8211; 22.-23.09.2018Hugo Treffneri G\u00fcmnaasiumisVisitors : 1013Photos (Flickr) : AniMatsuri 2018&nbsp;1, AniMatsuri 2018 2, Festivali fotonurk, Cosplay showVideos: Ametlik festivali videoMedia: Klassikaraadio saade DeltaPoster: Silvia-Sigrid Sillaots AniMatsuri 2017&nbsp;&#8211; 23.-24.09.2017Hugo Treffner [&hellip;]<\/p>\n","protected":false},"author":1,"featured_media":0,"parent":106,"menu_order":0,"comment_status":"closed","ping_status":"closed","template":"page-templates\/full-width.php","meta":{"footnotes":""},"class_list":["post-243","page","type-page","status-publish","hentry"],"_links":{"self":[{"href":"https:\/\/animatsuri.baka.ee\/2022\/index.php?rest_route=\/wp\/v2\/pages\/243","targetHints":{"allow":["GET"]}}],"collection":[{"href":"https:\/\/animatsuri.baka.ee\/2022\/index.php?rest_route=\/wp\/v2\/pages"}],"about":[{"href":"https:\/\/animatsuri.baka.ee\/2022\/index.php?rest_route=\/wp\/v2\/types\/page"}],"author":[{"embeddable":true,"href":"https:\/\/animatsuri.baka.ee\/2022\/index.php?rest_route=\/wp\/v2\/users\/1"}],"replies":[{"embeddable":true,"href":"https:\/\/animatsuri.baka.ee\/2022\/index.php?rest_route=%2Fwp%2Fv2%2Fcomments&post=243"}],"version-history":[{"count":6,"href":"https:\/\/animatsuri.baka.ee\/2022\/index.php?rest_route=\/wp\/v2\/pages\/243\/revisions"}],"predecessor-version":[{"id":861,"href":"https:\/\/animatsuri.baka.ee\/2022\/index.php?rest_route=\/wp\/v2\/pages\/243\/revisions\/861"}],"up":[{"embeddable":true,"href":"https:\/\/animatsuri.baka.ee\/2022\/index.php?rest_route=\/wp\/v2\/pages\/106"}],"wp:attachment":[{"href":"https:\/\/animatsuri.baka.ee\/2022\/index.php?rest_route=%2Fwp%2Fv2%2Fmedia&parent=243"}],"curies":[{"name":"wp","href":"https:\/\/api.w.org\/{rel}","templated":true}]}}