{"id":226,"date":"2022-08-21T22:48:09","date_gmt":"2022-08-21T19:48:09","guid":{"rendered":"https:\/\/animatsuri.baka.ee\/t2022\/?page_id=226"},"modified":"2022-09-01T22:03:20","modified_gmt":"2022-09-01T19:03:20","slug":"kontakt-2","status":"publish","type":"page","link":"https:\/\/animatsuri.baka.ee\/2022\/?page_id=226","title":{"rendered":"Kontakt"},"content":{"rendered":"\n<p><strong>MT\u00dc Jaapani kultuuriklubi&nbsp;Asashio<\/strong><br>asashio@anime.ee<\/p>\n\n\n\n<p>Festivali \u00fcldinfo: info@animatsuri.eu<\/p>\n\n\n\n<hr class=\"wp-block-separator has-alpha-channel-opacity\"\/>\n\n\n\n<p><strong>AniMatsuri ja Momiji festivali peakorraldaja<\/strong><br>Kaia Jallai<br>kaia@animatsuri.eu \/ +372 5687 5916<br><em>(\u00dcldinfo ja meedia)<\/em><\/p>\n\n\n\n<p><strong>AniMatsuri ja Momiji festivali programm<\/strong><br>Janar P\u00e4\u00e4sik<br>janar@animatsuri.eu<\/p>\n\n\n\n<hr class=\"wp-block-separator has-alpha-channel-opacity\"\/>\n\n\n\n<p><strong>Piletim\u00fc\u00fck &amp; infolaud<\/strong><br>Seidi Andres<br>tickets@animatsuri.eu<\/p>\n\n\n\n<p><strong>M\u00fc\u00fcgiletid &amp; kunstnike allee<\/strong><br>Anett Lillemaa<br>anett@animatsuri.eu<\/p>\n\n\n\n<p><strong>Meeskond<\/strong><br>Siim Neljandik<br>staff@animatsuri.eu<\/p>\n\n\n\n<p><strong>Cosplay<\/strong><br>Helen Vaino<br>cosplay@animatsuri.eu<\/p>\n\n\n\n<p><strong>M\u00e4nguruum<\/strong><br>games@animatsuri.eu<\/p>\n\n\n\n<p><strong>Security Team<\/strong><br>Siim Neljandik<br>security@animatsuri.eu\n\n<\/p>\n","protected":false},"excerpt":{"rendered":"<p>MT\u00dc Jaapani kultuuriklubi&nbsp;Asashioasashio@anime.ee Festivali \u00fcldinfo: info@animatsuri.eu AniMatsuri ja Momiji festivali peakorraldajaKaia Jallaikaia@animatsuri.eu \/ +372 5687 5916(\u00dcldinfo ja meedia) AniMatsuri ja Momiji festivali programmJanar P\u00e4\u00e4sikjanar@animatsuri.eu Piletim\u00fc\u00fck &amp; infolaudSeidi Andrestickets@animatsuri.eu M\u00fc\u00fcgiletid &amp; kunstnike alleeAnett Lillemaaanett@animatsuri.eu MeeskondSiim Neljandikstaff@animatsuri.eu CosplayHelen Vainocosplay@animatsuri.eu M\u00e4nguruumgames@animatsuri.eu Security TeamSiim Neljandiksecurity@animatsuri.eu<\/p>\n","protected":false},"author":1,"featured_media":190,"parent":0,"menu_order":0,"comment_status":"closed","ping_status":"closed","template":"page-templates\/full-width.php","meta":{"footnotes":""},"class_list":["post-226","page","type-page","status-publish","has-post-thumbnail","hentry"],"_links":{"self":[{"href":"https:\/\/animatsuri.baka.ee\/2022\/index.php?rest_route=\/wp\/v2\/pages\/226","targetHints":{"allow":["GET"]}}],"collection":[{"href":"https:\/\/animatsuri.baka.ee\/2022\/index.php?rest_route=\/wp\/v2\/pages"}],"about":[{"href":"https:\/\/animatsuri.baka.ee\/2022\/index.php?rest_route=\/wp\/v2\/types\/page"}],"author":[{"embeddable":true,"href":"https:\/\/animatsuri.baka.ee\/2022\/index.php?rest_route=\/wp\/v2\/users\/1"}],"replies":[{"embeddable":true,"href":"https:\/\/animatsuri.baka.ee\/2022\/index.php?rest_route=%2Fwp%2Fv2%2Fcomments&post=226"}],"version-history":[{"count":4,"href":"https:\/\/animatsuri.baka.ee\/2022\/index.php?rest_route=\/wp\/v2\/pages\/226\/revisions"}],"predecessor-version":[{"id":373,"href":"https:\/\/animatsuri.baka.ee\/2022\/index.php?rest_route=\/wp\/v2\/pages\/226\/revisions\/373"}],"wp:featuredmedia":[{"embeddable":true,"href":"https:\/\/animatsuri.baka.ee\/2022\/index.php?rest_route=\/wp\/v2\/media\/190"}],"wp:attachment":[{"href":"https:\/\/animatsuri.baka.ee\/2022\/index.php?rest_route=%2Fwp%2Fv2%2Fmedia&parent=226"}],"curies":[{"name":"wp","href":"https:\/\/api.w.org\/{rel}","templated":true}]}}