{"id":890,"date":"2019-07-08T23:08:38","date_gmt":"2019-07-08T20:08:38","guid":{"rendered":"http:\/\/animatsuri.eu\/2019\/?page_id=890"},"modified":"2019-09-06T10:17:09","modified_gmt":"2019-09-06T07:17:09","slug":"kunstnike-allee","status":"publish","type":"page","link":"https:\/\/animatsuri.baka.ee\/2019\/kunstnike-allee\/","title":{"rendered":"Kunstnike allee"},"content":{"rendered":"\n<p>Kas oled aastaid AniMatsuri kirbuturul ringi k\u00f5ndinud ning huviga energiast pakatavaid m\u00fc\u00fcjaid vaadanud? Vedeleb sul sahtlinurgas h\u00e4mmastavaid&nbsp;<em>anime<\/em>-stiilis joonistusi, kodukootud Naruto v\u00f5i Attack on Titani nukke, riiulil tolmu koguvaid figuriine v\u00f5i muud lahedat? Sel juhul on see v\u00f5imalus just Sulle!<\/p>\n\n\n\n<p>28.-29. septembril Tartus toimuval AniMatsuril on ka k\u00e4esoleval aastal avatud kunstnike allee, kuhu ootame entusiastlikke inimesi oma kaupa m\u00fc\u00fcma.<\/p>\n\n\n\n<p>Kunstnike alleel oma esemete m\u00fc\u00fcmiseks on vaja silmas pidada j\u00e4rgnevat:<\/p>\n\n\n\n<ul><li>M\u00fc\u00fca tohib&nbsp;endale kuuluvaid tooteid:<ul><li><strong>Omalooming:<\/strong>&nbsp;k\u00e4sit\u00f6\u00f6, joonistused jne (ei pea seonduma Jaapani v\u00f5i animega) \u2013 80% kaubast<\/li><li><strong>Originaalkaup:<\/strong>&nbsp;endal enam mittekasutuses olev originaaltooted (DVD-d, figuriinid jne) \u2013 20% kaubast<\/li><li>S\u00f6\u00f6kide ja jookide m\u00fc\u00fcmine ei ole lubatud<\/li><\/ul><\/li><li>Kunstnike allee m\u00fc\u00fcja vastutab oma laua eest ise (valveisikut ei ole)<\/li><li>Kunstnike allee m\u00fc\u00fcja saab tulla omal valitud kuup\u00e4evadel ja aegadel<\/li><li>Asjade \u00fcles seadmiseks on v\u00f5imalik saada festivalialale sisse enne festivali algust<\/li><li>Kunstnike alleel osalemiseks on vajalik AniMatsuri pileti olemasolu vastavateks kuup\u00e4evadeks<\/li><li>Kohapeal ei ole lauda v\u00f5imalik saada, peab ette broneerima<\/li><li>Oma laud ja selle \u00fcmbrus tuleb hoida korras.<\/li><\/ul>\n\n\n\n<p>Kunstnike alleele on v\u00f5imalik registreerida kuni&nbsp;<strong>9. septembrini 2018 23.59 GMT+3<\/strong>. P\u00e4rast seda registreerimisavaldusi enam vastu ei v\u00f5eta! Kuna <strong>kohtade arv on piiratud<\/strong>, siis v\u00f5ib juhtuda, et l\u00f5petame registreerimise varem!<\/p>\n\n\n\n<p>Kui tunned, et see oleks sinule t\u00e4iuslik v\u00f5imalus, klikka <a href=\"https:\/\/docs.google.com\/forms\/d\/e\/1FAIpQLSen4S4KvcWfcVCyToyALZs3oqvfyJu56KwGzqrdk8Ii4t3jyg\/viewform\">SIIA<\/a> ja t\u00e4ida registreerimisavaldus. Oleme seal ka t\u00e4psustanud \u00fcle allee reeglid.<\/p>\n\n\n\n<p><strong>NB!<\/strong><\/p>\n\n\n\n<p><strong>Firmadele<\/strong>, kes tunnevad huvi oma asjade m\u00fc\u00fcmisest AniMatsuril, pakume samuti v\u00f5imalust osaleda. Nemad asuvad meil Jaapani turul. M\u00fc\u00fcgileti registreerimiseks v\u00f5i informatsiooni saamiseks kirjutada e-maili aadressile&nbsp;<a href=\"mailto:anett@animatsuri.eu\">anett@animatsuri.eu<\/a>.<\/p>\n","protected":false},"excerpt":{"rendered":"<p>Kas oled aastaid AniMatsuri kirbuturul ringi k\u00f5ndinud ning huviga energiast pakatavaid m\u00fc\u00fcjaid vaadanud? Vedeleb sul sahtlinurgas h\u00e4mmastavaid&nbsp;anime-stiilis joonistusi, kodukootud Naruto v\u00f5i Attack on Titani nukke, riiulil tolmu koguvaid figuriine v\u00f5i muud lahedat? Sel juhul on see v\u00f5imalus just Sulle! 28.-29. septembril Tartus toimuval AniMatsuril on ka k\u00e4esoleval aastal avatud kunstnike [&hellip;]<\/p>\n","protected":false},"author":2,"featured_media":1069,"parent":0,"menu_order":0,"comment_status":"closed","ping_status":"closed","template":"page-templates\/full-width.php","meta":{"footnotes":""},"_links":{"self":[{"href":"https:\/\/animatsuri.baka.ee\/2019\/wp-json\/wp\/v2\/pages\/890"}],"collection":[{"href":"https:\/\/animatsuri.baka.ee\/2019\/wp-json\/wp\/v2\/pages"}],"about":[{"href":"https:\/\/animatsuri.baka.ee\/2019\/wp-json\/wp\/v2\/types\/page"}],"author":[{"embeddable":true,"href":"https:\/\/animatsuri.baka.ee\/2019\/wp-json\/wp\/v2\/users\/2"}],"replies":[{"embeddable":true,"href":"https:\/\/animatsuri.baka.ee\/2019\/wp-json\/wp\/v2\/comments?post=890"}],"version-history":[{"count":2,"href":"https:\/\/animatsuri.baka.ee\/2019\/wp-json\/wp\/v2\/pages\/890\/revisions"}],"predecessor-version":[{"id":1071,"href":"https:\/\/animatsuri.baka.ee\/2019\/wp-json\/wp\/v2\/pages\/890\/revisions\/1071"}],"wp:featuredmedia":[{"embeddable":true,"href":"https:\/\/animatsuri.baka.ee\/2019\/wp-json\/wp\/v2\/media\/1069"}],"wp:attachment":[{"href":"https:\/\/animatsuri.baka.ee\/2019\/wp-json\/wp\/v2\/media?parent=890"}],"curies":[{"name":"wp","href":"https:\/\/api.w.org\/{rel}","templated":true}]}}