{"id":873,"date":"2019-07-07T23:10:19","date_gmt":"2019-07-07T20:10:19","guid":{"rendered":"http:\/\/animatsuri.eu\/2019\/?page_id=873"},"modified":"2019-09-23T21:03:34","modified_gmt":"2019-09-23T18:03:34","slug":"lauamangud","status":"publish","type":"page","link":"https:\/\/animatsuri.baka.ee\/2019\/lauamangud\/","title":{"rendered":"Lauam\u00e4ngud"},"content":{"rendered":"\n<p>Ootame ka sel korral jaapani lauam\u00e4ngude tuba k\u00f5iki huvilisi\u00a0tutvuma\u00a0<a rel=\"noreferrer noopener\" href=\"https:\/\/en.wikipedia.org\/wiki\/Japanese_Mahjong\" target=\"_blank\">Riichi Mahjongi<\/a>\u00a0ning\u00a0<a rel=\"noreferrer noopener\" href=\"https:\/\/en.wikipedia.org\/wiki\/Go_(game)\" target=\"_blank\">Go<\/a>-ga. Tegevust jagub nii algajatele kui ka asjaarmastajatele.\u00a0Tulge veetke m\u00f5nusalt aega mahjongilauas v\u00f5i katsuge j\u00f5udu go-ruudustikul. Midagi leiab siit k\u00f5igile. K\u00e4tt saab proovida ka jaapani males\u00a0<a href=\"https:\/\/en.wikipedia.org\/wiki\/Shogi\">Shogi<\/a>s.<\/p>\n\n\n\n<p>Pole varem m\u00e4nginud? Astu julgelt ligi! Juhendajad tutvustavad r\u00f5\u00f5muga m\u00e4nge ja\u00a0pakuvad lauas kohta k\u00f5igile soovijatele! Seletame reegleid ning aitame kaasa seal, kus vaja. Ootame ka tagasi k\u00f5iki neid, kellega varem lauda jagatud.<\/p>\n\n\n\n<p>Tasku keskuse 2. korruse aatriumis saab uudistada ja proovida lauam\u00e4ngupoe Brain Games tooteid. Astu kindlasti l\u00e4bi!<\/p>\n","protected":false},"excerpt":{"rendered":"<p>Ootame ka sel korral jaapani lauam\u00e4ngude tuba k\u00f5iki huvilisi\u00a0tutvuma\u00a0Riichi Mahjongi\u00a0ning\u00a0Go-ga. Tegevust jagub nii algajatele kui ka asjaarmastajatele.\u00a0Tulge veetke m\u00f5nusalt aega mahjongilauas v\u00f5i katsuge j\u00f5udu go-ruudustikul. Midagi leiab siit k\u00f5igile. K\u00e4tt saab proovida ka jaapani males\u00a0Shogis. Pole varem m\u00e4nginud? Astu julgelt ligi! Juhendajad tutvustavad r\u00f5\u00f5muga m\u00e4nge ja\u00a0pakuvad lauas kohta k\u00f5igile soovijatele! [&hellip;]<\/p>\n","protected":false},"author":2,"featured_media":880,"parent":0,"menu_order":0,"comment_status":"closed","ping_status":"closed","template":"page-templates\/full-width.php","meta":{"footnotes":""},"_links":{"self":[{"href":"https:\/\/animatsuri.baka.ee\/2019\/wp-json\/wp\/v2\/pages\/873"}],"collection":[{"href":"https:\/\/animatsuri.baka.ee\/2019\/wp-json\/wp\/v2\/pages"}],"about":[{"href":"https:\/\/animatsuri.baka.ee\/2019\/wp-json\/wp\/v2\/types\/page"}],"author":[{"embeddable":true,"href":"https:\/\/animatsuri.baka.ee\/2019\/wp-json\/wp\/v2\/users\/2"}],"replies":[{"embeddable":true,"href":"https:\/\/animatsuri.baka.ee\/2019\/wp-json\/wp\/v2\/comments?post=873"}],"version-history":[{"count":3,"href":"https:\/\/animatsuri.baka.ee\/2019\/wp-json\/wp\/v2\/pages\/873\/revisions"}],"predecessor-version":[{"id":1422,"href":"https:\/\/animatsuri.baka.ee\/2019\/wp-json\/wp\/v2\/pages\/873\/revisions\/1422"}],"wp:featuredmedia":[{"embeddable":true,"href":"https:\/\/animatsuri.baka.ee\/2019\/wp-json\/wp\/v2\/media\/880"}],"wp:attachment":[{"href":"https:\/\/animatsuri.baka.ee\/2019\/wp-json\/wp\/v2\/media?parent=873"}],"curies":[{"name":"wp","href":"https:\/\/api.w.org\/{rel}","templated":true}]}}