{"id":721,"date":"2019-05-30T02:20:15","date_gmt":"2019-05-29T23:20:15","guid":{"rendered":"http:\/\/animatsuri.eu\/2019\/?page_id=721"},"modified":"2019-09-18T15:43:22","modified_gmt":"2019-09-18T12:43:22","slug":"oobimine","status":"publish","type":"page","link":"https:\/\/animatsuri.baka.ee\/2019\/oobimine\/","title":{"rendered":"\u00d6\u00f6bimine"},"content":{"rendered":"\n<p>Tuled kaugelt ega&nbsp;oma Tartus kohta \u00f6\u00f6bimiseks? Meil on r\u00f5\u00f5m teatada, et k\u00e4esoleval aastal pakume koost\u00f6\u00f6s kahe majutusasutusega teile soodsamat \u00f6\u00f6bimist Tartus! Lisaks meie pikaajalisele majutuspartnerile Looming Hostelile pakub soodsamat \u00f6\u00f6bimist ka Hektor Design Hostel.<\/p>\n\n\n\n<p><\/p>\n\n\n\n<div class=\"wp-block-image kesk\"><figure class=\"aligncenter is-resized\"><img loading=\"lazy\" decoding=\"async\" src=\"http:\/\/animatsuri.eu\/2019\/wp-content\/uploads\/2019\/05\/looming-1024x288.jpg\" alt=\"\" class=\"wp-image-262\" width=\"373\" height=\"105\" srcset=\"https:\/\/animatsuri.baka.ee\/2019\/wp-content\/uploads\/2019\/05\/looming-1024x288.jpg 1024w, https:\/\/animatsuri.baka.ee\/2019\/wp-content\/uploads\/2019\/05\/looming-300x84.jpg 300w, https:\/\/animatsuri.baka.ee\/2019\/wp-content\/uploads\/2019\/05\/looming-768x216.jpg 768w, https:\/\/animatsuri.baka.ee\/2019\/wp-content\/uploads\/2019\/05\/looming-800x225.jpg 800w, https:\/\/animatsuri.baka.ee\/2019\/wp-content\/uploads\/2019\/05\/looming.jpg 1125w\" sizes=\"(max-width: 373px) 100vw, 373px\" \/><\/figure><\/div>\n\n\n\n<p>Ette broneerides ja kasutades m\u00e4rks\u00f5na \u201cAniMatsuri\u201d saavad festivali k\u00fclastajad endale toa v\u00f5i voodikoha hostelis 25% odavamalt. Looming Hostelis on hubane \u00f5hkkond, 2-8 inimese toad, toidu valmistamiseks k\u00f6\u00f6ginurk, pesemisv\u00f5imalus, katuseterrass, tasuta parkimine ja WiFi. Hostel asub 15-minutilise jalutusk\u00e4igu kaugusel kesklinnast aadressil Kastani 38.<\/p>\n\n\n\n<p>Broneerimiseks v\u00f5ta \u00fchendust Looming Hosteliga: <\/p>\n\n\n\n<p>Koduleht:&nbsp;<a href=\"http:\/\/loominghostel.ee\/\" target=\"_blank\" rel=\"noreferrer noopener\" aria-label=\" (opens in a new tab)\">loominghostel.ee<\/a><br>E-mail: info@loominghostel.ee<br>Telefon: +372 56 99 43 98<\/p>\n\n\n\n<p><\/p>\n\n\n\n<hr class=\"wp-block-separator\"\/>\n\n\n\n<p><\/p>\n\n\n\n<div class=\"wp-block-image kesk\"><figure class=\"aligncenter is-resized\"><img loading=\"lazy\" decoding=\"async\" src=\"http:\/\/animatsuri.eu\/2019\/wp-content\/uploads\/2019\/05\/Hektor_logo_kollane_must_2.jpg\" alt=\"\" class=\"wp-image-263\" width=\"212\" height=\"212\" srcset=\"https:\/\/animatsuri.baka.ee\/2019\/wp-content\/uploads\/2019\/05\/Hektor_logo_kollane_must_2.jpg 1000w, https:\/\/animatsuri.baka.ee\/2019\/wp-content\/uploads\/2019\/05\/Hektor_logo_kollane_must_2-150x150.jpg 150w, https:\/\/animatsuri.baka.ee\/2019\/wp-content\/uploads\/2019\/05\/Hektor_logo_kollane_must_2-300x300.jpg 300w, https:\/\/animatsuri.baka.ee\/2019\/wp-content\/uploads\/2019\/05\/Hektor_logo_kollane_must_2-768x768.jpg 768w, https:\/\/animatsuri.baka.ee\/2019\/wp-content\/uploads\/2019\/05\/Hektor_logo_kollane_must_2-800x800.jpg 800w\" sizes=\"(max-width: 212px) 100vw, 212px\" \/><\/figure><\/div>\n\n\n\n<p>Broneerides endale koha Hektori kodulehelt, on teil v\u00f5imalik saada -10% tavahinnast! Selleks ei pea tegema muud kui broneeringu juures kampaaniakoodi v\u00e4ljale  lisama &#8220;AM2019&#8221;.  Soodustus kehtib perioodil 27.-29.09. Hektor Design Hostelis on olemas modernsed toad 1-6 inimese toad, avatud k\u00f6\u00f6k, pesemisv\u00f5imalused, j\u00f5usaal, saun, raamatukogu, tasuta parkimine ja WiFi. Majas tegutseb kohvik\/restoran. Hostel asub samuti umbes 15-minutilise jalutusk\u00e4igu kaugusel kesklinnast aadressil Riia 26.<\/p>\n\n\n\n<p> Koduleht:&nbsp;<a href=\"https:\/\/hektorhostels.com\/\" target=\"_blank\" rel=\"noreferrer noopener\" aria-label=\" (opens in a new tab)\">hektorhostels.com<\/a><br>E-mail: hektor@hektorhostels.com<br>Telefon: +372 7405 100 <\/p>\n","protected":false},"excerpt":{"rendered":"<p>Tuled kaugelt ega&nbsp;oma Tartus kohta \u00f6\u00f6bimiseks? Meil on r\u00f5\u00f5m teatada, et k\u00e4esoleval aastal pakume koost\u00f6\u00f6s kahe majutusasutusega teile soodsamat \u00f6\u00f6bimist Tartus! Lisaks meie pikaajalisele majutuspartnerile Looming Hostelile pakub soodsamat \u00f6\u00f6bimist ka Hektor Design Hostel. Ette broneerides ja kasutades m\u00e4rks\u00f5na \u201cAniMatsuri\u201d saavad festivali k\u00fclastajad endale toa v\u00f5i voodikoha hostelis 25% odavamalt. [&hellip;]<\/p>\n","protected":false},"author":2,"featured_media":722,"parent":0,"menu_order":0,"comment_status":"closed","ping_status":"closed","template":"page-templates\/full-width.php","meta":{"footnotes":""},"_links":{"self":[{"href":"https:\/\/animatsuri.baka.ee\/2019\/wp-json\/wp\/v2\/pages\/721"}],"collection":[{"href":"https:\/\/animatsuri.baka.ee\/2019\/wp-json\/wp\/v2\/pages"}],"about":[{"href":"https:\/\/animatsuri.baka.ee\/2019\/wp-json\/wp\/v2\/types\/page"}],"author":[{"embeddable":true,"href":"https:\/\/animatsuri.baka.ee\/2019\/wp-json\/wp\/v2\/users\/2"}],"replies":[{"embeddable":true,"href":"https:\/\/animatsuri.baka.ee\/2019\/wp-json\/wp\/v2\/comments?post=721"}],"version-history":[{"count":13,"href":"https:\/\/animatsuri.baka.ee\/2019\/wp-json\/wp\/v2\/pages\/721\/revisions"}],"predecessor-version":[{"id":1297,"href":"https:\/\/animatsuri.baka.ee\/2019\/wp-json\/wp\/v2\/pages\/721\/revisions\/1297"}],"wp:featuredmedia":[{"embeddable":true,"href":"https:\/\/animatsuri.baka.ee\/2019\/wp-json\/wp\/v2\/media\/722"}],"wp:attachment":[{"href":"https:\/\/animatsuri.baka.ee\/2019\/wp-json\/wp\/v2\/media?parent=721"}],"curies":[{"name":"wp","href":"https:\/\/api.w.org\/{rel}","templated":true}]}}