{"id":709,"date":"2019-05-30T01:46:21","date_gmt":"2019-05-29T22:46:21","guid":{"rendered":"http:\/\/animatsuri.eu\/2019\/?page_id=709"},"modified":"2019-06-22T22:52:50","modified_gmt":"2019-06-22T19:52:50","slug":"piletid","status":"publish","type":"page","link":"https:\/\/animatsuri.baka.ee\/2019\/piletid\/","title":{"rendered":"Piletid"},"content":{"rendered":"\n<p><\/p>\n\n\n\n<p>Piletite eelm\u00fc\u00fck toimub&nbsp;<strong>27. septembrini<\/strong>&nbsp;<a href=\"https:\/\/fienta.com\/et\/animatsuri-2799\">Fientas<\/a>.<\/p>\n\n\n\n<ul><li>Varajase ostja pilet on \u00fcheks p\u00e4evaks&nbsp;<strong>8\u20ac<\/strong>&nbsp;ning kaheks p\u00e4evaks&nbsp;<strong>12\u20ac<\/strong>&nbsp;(<em>kuni 30.06.2019<\/em>)<\/li><li>Tavahinnaga piletid \u00fcheks p\u00e4evaks&nbsp;<strong>12\u20ac<\/strong>&nbsp;ning kaheks p\u00e4evaks&nbsp;<strong>18\u20ac<\/strong>&nbsp;(<em>1.07.-27.09.2019<\/em>)<\/li><li>Kohapeal on v\u00f5imalik piletid soetada hinnaga \u00fcks p\u00e4ev&nbsp;<strong>14\u20ac<\/strong>&nbsp;ning kaks p\u00e4eva&nbsp;<strong>20\u20ac<\/strong><\/li><\/ul>\n\n\n\n<p>\u2013 S\u00fclelastele (kuni 2 aastat, k.a.) sissep\u00e4\u00e4s&nbsp;<strong>tasuta.<br><\/strong>\u2013 Alla 10-aastastel peab olema v\u00e4hemalt 15-aastane saatja.<\/p>\n\n\n\n<p>K\u00e4esoleval aastal toetajapileteid ei m\u00fc\u00fcda.<\/p>\n\n\n\n<hr class=\"wp-block-separator\"\/>\n\n\n\n<p><\/p>\n\n\n\n<h4 class=\"wp-block-heading\">PILETIOSTJA MEELESPEA<\/h4>\n\n\n\n<ul><li>Pilet vahetatakse kohapeal k\u00e4epaela vastu.<ul><li>K\u00e4epaelu on kahte sorti: <ul><li><strong>1-p\u00e4eva piletiga<\/strong> saab k\u00fclastada kas laup\u00e4eval (28.09) v\u00f5i p\u00fchap\u00e4eval (29.09);<\/li><li><strong>2-p\u00e4eva piletiga<\/strong> on v\u00f5imalik k\u00fclastada \u00fcritust m\u00f5lemal p\u00e4eval (28. ja 29.09).<\/li><\/ul><\/li><\/ul><ul><li>K\u00e4epael t\u00e4hendab, et on v\u00f5imalik vabalt lahkuda festivali alalt ja sinna uuesti tagasi minna k\u00e4epaelast l\u00e4htuvatel kuup\u00e4evadel.<\/li><\/ul><\/li><li>Festivali meeskonnal v\u00f5i turvameeskonnal on \u00f5igus:<ul><li>keelduda teid laskmast festivali alale, kui on reaalne kahtlus, et tegu ei ole \u00f5ige pileti\/k\u00e4epaelaga;<\/li><li>teie k\u00e4epaela olemasolu igal hetkel kontrollida, kui viibite festivali alal;<\/li><li>saatma teid festivalialalt \u00e4ra, kui teil puudub k\u00e4epael v\u00f5i olemasoleva k\u00e4epaela puhul on kahtlus, et tegu ei ole \u00f5ige k\u00e4epaelaga.<\/li><\/ul><\/li><li><strong>Festivali k\u00fclastaja on kohustatud j\u00e4rgima <a href=\"http:\/\/animatsuri.eu\/2019\/festivali-kodukord\/\">festivali kodukorda<\/a>!<\/strong><\/li><li><strong>K\u00e4epaela kadumisel v\u00f5i h\u00e4vimisel tuleb soetada \u00fcritusele sisse saamiseks uus pilet<\/strong>!<\/li><\/ul>\n\n\n\n<p><\/p>\n","protected":false},"excerpt":{"rendered":"<p>Piletite eelm\u00fc\u00fck toimub&nbsp;27. septembrini&nbsp;Fientas. Varajase ostja pilet on \u00fcheks p\u00e4evaks&nbsp;8\u20ac&nbsp;ning kaheks p\u00e4evaks&nbsp;12\u20ac&nbsp;(kuni 30.06.2019) Tavahinnaga piletid \u00fcheks p\u00e4evaks&nbsp;12\u20ac&nbsp;ning kaheks p\u00e4evaks&nbsp;18\u20ac&nbsp;(1.07.-27.09.2019) Kohapeal on v\u00f5imalik piletid soetada hinnaga \u00fcks p\u00e4ev&nbsp;14\u20ac&nbsp;ning kaks p\u00e4eva&nbsp;20\u20ac \u2013 S\u00fclelastele (kuni 2 aastat, k.a.) sissep\u00e4\u00e4s&nbsp;tasuta.\u2013 Alla 10-aastastel peab olema v\u00e4hemalt 15-aastane saatja. K\u00e4esoleval aastal toetajapileteid ei m\u00fc\u00fcda. PILETIOSTJA MEELESPEA [&hellip;]<\/p>\n","protected":false},"author":2,"featured_media":0,"parent":0,"menu_order":0,"comment_status":"closed","ping_status":"closed","template":"","meta":{"footnotes":""},"_links":{"self":[{"href":"https:\/\/animatsuri.baka.ee\/2019\/wp-json\/wp\/v2\/pages\/709"}],"collection":[{"href":"https:\/\/animatsuri.baka.ee\/2019\/wp-json\/wp\/v2\/pages"}],"about":[{"href":"https:\/\/animatsuri.baka.ee\/2019\/wp-json\/wp\/v2\/types\/page"}],"author":[{"embeddable":true,"href":"https:\/\/animatsuri.baka.ee\/2019\/wp-json\/wp\/v2\/users\/2"}],"replies":[{"embeddable":true,"href":"https:\/\/animatsuri.baka.ee\/2019\/wp-json\/wp\/v2\/comments?post=709"}],"version-history":[{"count":9,"href":"https:\/\/animatsuri.baka.ee\/2019\/wp-json\/wp\/v2\/pages\/709\/revisions"}],"predecessor-version":[{"id":836,"href":"https:\/\/animatsuri.baka.ee\/2019\/wp-json\/wp\/v2\/pages\/709\/revisions\/836"}],"wp:attachment":[{"href":"https:\/\/animatsuri.baka.ee\/2019\/wp-json\/wp\/v2\/media?parent=709"}],"curies":[{"name":"wp","href":"https:\/\/api.w.org\/{rel}","templated":true}]}}