{"id":643,"date":"2019-05-27T00:19:28","date_gmt":"2019-05-26T21:19:28","guid":{"rendered":"http:\/\/animatsuri.eu\/2019\/?page_id=643"},"modified":"2019-05-27T00:21:58","modified_gmt":"2019-05-26T21:21:58","slug":"diy-tuba","status":"publish","type":"page","link":"https:\/\/animatsuri.baka.ee\/2019\/diy-tuba\/","title":{"rendered":"DIY tuba"},"content":{"rendered":"\n<p><strong>Ruum:<\/strong> Pirogov<br><strong>Avatud: <\/strong>Kogu festivali v\u00e4ltel<\/p>\n\n\n\n<p>Leiad end festivali ajal igavlemas ja n\u00e4pud kihelevad midagi meisterdama? Astu l\u00e4bi DIY toast \u2013 eraldi ruum m\u00f5eldud just neile, kes soovivad vaba aega sisustada millegi kallal nokitsemisega.<\/p>\n\n\n\n<p>Tule valmista endale j\u00e4rjehoidja, onigiri v\u00f5tmehoidja, kassik\u00f5rvad, joonista v\u00f5i voldi endale \u00fcks origamikujuke. Kohapeal on olemas eesti- ja ingliskeelsed juhendid voltimise ja meisterdamise jaoks.<\/p>\n\n\n\n<p><\/p>\n","protected":false},"excerpt":{"rendered":"<p>Ruum: PirogovAvatud: Kogu festivali v\u00e4ltel Leiad end festivali ajal igavlemas ja n\u00e4pud kihelevad midagi meisterdama? Astu l\u00e4bi DIY toast \u2013 eraldi ruum m\u00f5eldud just neile, kes soovivad vaba aega sisustada millegi kallal nokitsemisega. Tule valmista endale j\u00e4rjehoidja, onigiri v\u00f5tmehoidja, kassik\u00f5rvad, joonista v\u00f5i voldi endale \u00fcks origamikujuke. Kohapeal on olemas eesti- [&hellip;]<\/p>\n","protected":false},"author":2,"featured_media":644,"parent":0,"menu_order":0,"comment_status":"closed","ping_status":"closed","template":"page-templates\/full-width.php","meta":{"footnotes":""},"_links":{"self":[{"href":"https:\/\/animatsuri.baka.ee\/2019\/wp-json\/wp\/v2\/pages\/643"}],"collection":[{"href":"https:\/\/animatsuri.baka.ee\/2019\/wp-json\/wp\/v2\/pages"}],"about":[{"href":"https:\/\/animatsuri.baka.ee\/2019\/wp-json\/wp\/v2\/types\/page"}],"author":[{"embeddable":true,"href":"https:\/\/animatsuri.baka.ee\/2019\/wp-json\/wp\/v2\/users\/2"}],"replies":[{"embeddable":true,"href":"https:\/\/animatsuri.baka.ee\/2019\/wp-json\/wp\/v2\/comments?post=643"}],"version-history":[{"count":2,"href":"https:\/\/animatsuri.baka.ee\/2019\/wp-json\/wp\/v2\/pages\/643\/revisions"}],"predecessor-version":[{"id":651,"href":"https:\/\/animatsuri.baka.ee\/2019\/wp-json\/wp\/v2\/pages\/643\/revisions\/651"}],"wp:featuredmedia":[{"embeddable":true,"href":"https:\/\/animatsuri.baka.ee\/2019\/wp-json\/wp\/v2\/media\/644"}],"wp:attachment":[{"href":"https:\/\/animatsuri.baka.ee\/2019\/wp-json\/wp\/v2\/media?parent=643"}],"curies":[{"name":"wp","href":"https:\/\/api.w.org\/{rel}","templated":true}]}}