{"id":36,"date":"2019-04-07T14:40:48","date_gmt":"2019-04-07T12:40:48","guid":{"rendered":"http:\/\/animatsuri.eu\/2019\/?page_id=36"},"modified":"2019-05-30T02:30:22","modified_gmt":"2019-05-29T23:30:22","slug":"korraldajatest","status":"publish","type":"page","link":"https:\/\/animatsuri.baka.ee\/2019\/korraldajatest\/","title":{"rendered":"Korraldajatest"},"content":{"rendered":"\n<p>MT\u00dc Jaapani kultuuriklubi Asashio on 2005. aastast Tartus tegutsev Jaapani kultuurihuvilisi \u00fchendav klubi. Kui algselt oli klubiline suund peamiselt keskendunud Jaapani popkultuurile (eesk\u00e4tt animele ja mangale), siis praeguseks on v\u00f5etud laiem suund \u00fcldiselt Jaapanile endale. P\u00f5hitegevuselt keskendub klubi just erinevate \u00fcrituste korraldamisele. Korraldatud on erinevaid loenguid, ettekandeid, pidusid, m\u00e4ngu\u00f5htuid, filmi\u00f5htuid ja&nbsp;<em>workshop<\/em>e. \u00dcheks suurimaks ettev\u00f5tmiseks on aga iga-aastase AniMatsuri festivali korraldamine, mis edukalt kasvab ja kasvab. K\u00e4esoleval aastal toimub AniMatsuri juba \u00fcheteistk\u00fcmnendat korda!<\/p>\n\n\n\n<p><a href=\"http:\/\/asashio.anime.ee\/\">Klubi koduleht<\/a><br><a href=\"https:\/\/www.facebook.com\/animeklubiasashio\">Facebook<\/a><br><a href=\"https:\/\/twitter.com\/tartu_asashio\">Twitter<\/a><\/p>\n\n\n\n<p>Festivali korraldamine on pikaldane ja tegevusterohke protsess. Lisaks Asashio liikmetele annavad oma tugeva panuse \u00fcrituse \u00f5nnestumisele vabatahtlikud ning mitmed meie sponsorid\/partnerid:<\/p>\n\n\n\n<p><a rel=\"noreferrer noopener\" href=\"http:\/\/www.tartu.ee\/\" target=\"_blank\">Tartu linn<\/a><br><a rel=\"noreferrer noopener\" href=\"http:\/\/unicon.lv\/\" target=\"_blank\">UniCon<\/a><br><a rel=\"noreferrer noopener\" href=\"http:\/\/www.estravel.ee\/en\/\" target=\"_blank\">Estravel<br><\/a><a rel=\"noreferrer noopener\" href=\"http:\/\/www.londonexpo.com\/\" target=\"_blank\">London EXPO Euro cosplay<\/a><br><a rel=\"noreferrer noopener\" href=\"http:\/\/ncc.narcon.se\/\" target=\"_blank\">Nordic Cosplay Championship<\/a><br><a rel=\"noreferrer noopener\" href=\"http:\/\/www.ee.emb-japan.go.jp\/ee\/\" target=\"_blank\">Jaapani Suursaatkond Eestis<\/a><br><a rel=\"noreferrer noopener\" href=\"https:\/\/www.jpf.go.jp\/e\/\" target=\"_blank\">Jaapani Fond<\/a><br><a rel=\"noreferrer noopener\" href=\"https:\/\/www.dorpat.ee\/conference-in-tartu\/\" target=\"_blank\">Dorpat konverentsikeskus<\/a><br><a rel=\"noreferrer noopener\" href=\"http:\/\/www.tasku.ee\/\" target=\"_blank\">Tasku keskus<\/a><br><a rel=\"noreferrer noopener\" href=\"https:\/\/loominghostel.ee\/eng\/\" target=\"_blank\">Hostel Looming<\/a><br><a href=\"https:\/\/hektorhostels.com\/\">Hektor Design Hostel<\/a> <\/p>\n","protected":false},"excerpt":{"rendered":"<p>MT\u00dc Jaapani kultuuriklubi Asashio on 2005. aastast Tartus tegutsev Jaapani kultuurihuvilisi \u00fchendav klubi. Kui algselt oli klubiline suund peamiselt keskendunud Jaapani popkultuurile (eesk\u00e4tt animele ja mangale), siis praeguseks on v\u00f5etud laiem suund \u00fcldiselt Jaapanile endale. P\u00f5hitegevuselt keskendub klubi just erinevate \u00fcrituste korraldamisele. Korraldatud on erinevaid loenguid, ettekandeid, pidusid, m\u00e4ngu\u00f5htuid, filmi\u00f5htuid [&hellip;]<\/p>\n","protected":false},"author":1,"featured_media":362,"parent":0,"menu_order":0,"comment_status":"closed","ping_status":"closed","template":"page-templates\/full-width.php","meta":{"footnotes":""},"_links":{"self":[{"href":"https:\/\/animatsuri.baka.ee\/2019\/wp-json\/wp\/v2\/pages\/36"}],"collection":[{"href":"https:\/\/animatsuri.baka.ee\/2019\/wp-json\/wp\/v2\/pages"}],"about":[{"href":"https:\/\/animatsuri.baka.ee\/2019\/wp-json\/wp\/v2\/types\/page"}],"author":[{"embeddable":true,"href":"https:\/\/animatsuri.baka.ee\/2019\/wp-json\/wp\/v2\/users\/1"}],"replies":[{"embeddable":true,"href":"https:\/\/animatsuri.baka.ee\/2019\/wp-json\/wp\/v2\/comments?post=36"}],"version-history":[{"count":3,"href":"https:\/\/animatsuri.baka.ee\/2019\/wp-json\/wp\/v2\/pages\/36\/revisions"}],"predecessor-version":[{"id":732,"href":"https:\/\/animatsuri.baka.ee\/2019\/wp-json\/wp\/v2\/pages\/36\/revisions\/732"}],"wp:featuredmedia":[{"embeddable":true,"href":"https:\/\/animatsuri.baka.ee\/2019\/wp-json\/wp\/v2\/media\/362"}],"wp:attachment":[{"href":"https:\/\/animatsuri.baka.ee\/2019\/wp-json\/wp\/v2\/media?parent=36"}],"curies":[{"name":"wp","href":"https:\/\/api.w.org\/{rel}","templated":true}]}}