{"id":1459,"date":"2019-09-26T21:16:57","date_gmt":"2019-09-26T18:16:57","guid":{"rendered":"http:\/\/animatsuri.eu\/2019\/?page_id=1459"},"modified":"2019-09-28T00:45:20","modified_gmt":"2019-09-27T21:45:20","slug":"jaapani-turg","status":"publish","type":"page","link":"https:\/\/animatsuri.baka.ee\/2019\/jaapani-turg\/","title":{"rendered":"Jaapani turg"},"content":{"rendered":"\n<p>K\u00e4esoleva aasta AniMatsuri m\u00fc\u00fcgiletid on nimelt ja n\u00e4olt saanud uuenduse &#8211; nimelt asuvad m\u00fc\u00fcgiletid Tasku keskuse 1. korrusel ja toimub kogu linnarahvale avatud Jaapani turg! Kutsu oma pere ja s\u00f5brad uudistama, mida p\u00f5nevat poed oma lettidel m\u00fc\u00fcvad!<\/p>\n\n\n\n<p>Jaapani turg on ametlikult avatud kell 11-18, aga poed v\u00f5ivad avada varem ja olla kauem.<\/p>\n\n\n\n<p>Keri lehte allapoole, sest AniMatsuri festivalialast v\u00e4ljaspool on veel lahedaid ettev\u00f5tmisi!<\/p>\n\n\n\n<h4 class=\"wp-block-heading\"><a href=\"http:\/\/www.animeshop.lt\/index.php?\" target=\"_blank\" rel=\"noreferrer noopener\" aria-label=\"Animeshop.lt (opens in a new tab)\">Animeshop.lt<\/a><\/h4>\n\n\n\n<p>Animeshop.lt on ennegi AniMatsurit k\u00fclastanud ja meil on hea meel, et ka sel aastal on nende m\u00fc\u00fcgilett kohal. Animeshop.lt on Leedust p\u00e4rit anime e-pood, mis alustas oma tegevust aastal 2008. Kaubavalikus on erinevad aksessuaarid, animepostrid, DVD-d ja meened. Nende k\u00e4est saab ka erinevaid Jaapani maiustusi ja nuudleid.<\/p>\n\n\n\n<h4 class=\"wp-block-heading\"><a href=\"http:\/\/www.momoya.eu\/\" target=\"_blank\" rel=\"noreferrer noopener\" aria-label=\"MoMo (opens in a new tab)\">MoMo<\/a><\/h4>\n\n\n\n<p>MoMo on Jaapani toidu- ja toiduainetepood, mis pakub v\u00f5imalust rikastada oma k\u00f6\u00f6ki uute maitsetega. Tallinnas asuv toidupood pakub \u00fcle 200 erineva toote, mis on p\u00fchendatud jaapanip\u00e4rastele maitsetele. MoMo kostitab v\u00e4rskendavate jaapanip\u00e4raste jookidega ja huvitavate maiustustega.<\/p>\n\n\n\n<h4 class=\"wp-block-heading\"><a href=\"http:\/\/www.anipopgam.eu\/\" target=\"_blank\" rel=\"noreferrer noopener\" aria-label=\"AniPopGam (opens in a new tab)\">AniPopGam<\/a><\/h4>\n\n\n\n<p>Animepood AniPopGam on taas AniMatsuril. Nende m\u00fc\u00fcgiletilt v\u00f5ib leida endale midagi kaissu ja ka k\u00f5htu. AniPopGam pakub palju erinevaid, suuri ja v\u00e4ikseid ning armsaid kaisuloomi (<em>plushies<\/em>). Nende k\u00f5rvalt leiab ka erinevaid Jaapani maiustusi.<\/p>\n\n\n\n<h4 class=\"wp-block-heading\"><a href=\"http:\/\/komikslandia.pl\/\" target=\"_blank\" rel=\"noreferrer noopener\" aria-label=\"Komikslandia (opens in a new tab)\">Komikslandia<\/a><\/h4>\n\n\n\n<p>Poolast p\u00e4rit animepood v\u00f5tab ette reisi Eestisse AniMatsurile, et tutvustada oma valikut. Seekord v\u00f5etakse kaasa erinevad animepostrid, -s\u00e4rgid, -ripatsid ja palju muud. Komikslandia on Poolas tuntud ja k\u00f5ige suurem animepood.<\/p>\n\n\n\n<h4 class=\"wp-block-heading\"><a href=\"http:\/\/loovgalerii.blogspot.com\/\" target=\"_blank\" rel=\"noreferrer noopener\" aria-label=\"Loov Galerii (opens in a new tab)\">Loov Galerii<\/a><\/h4>\n\n\n\n<p>&#8216;we LOOV art&#8217; on br\u00e4nd, mille alt leiab erinevat kunstilist &#8211; ehteid ja disaini, n\u00e4ituste, \u00f5pitubade ja ka suuremate \u00fcrituste korraldust. Meie juurde tulevad nad m\u00fc\u00fcma origami-ehteid. <\/p>\n\n\n\n<h4 class=\"wp-block-heading\"><a href=\"http:\/\/anime-san.lv\/\" target=\"_blank\" rel=\"noreferrer noopener\" aria-label=\"Anime-san (opens in a new tab)\">Anime-san<\/a><\/h4>\n\n\n\n<p>Anime-san on k\u00f5ige suurem animepood L\u00e4tis. M\u00fc\u00fcgil on sinu lemmik figuurid &#8211; nii suured kui ka v\u00e4ikesed. T-s\u00e4rgid, kotid-rahakotid, r\u00e4tikud animetegelastega. Hiirematid, postrid, m\u00e4rgid ja tassid. Lisaks ka ehted, mangad, erinevates keelted DVD-d ja m\u00e4ngud.<\/p>\n\n\n\n<h4 class=\"wp-block-heading\"><a href=\"https:\/\/laegas.level1.ee\/\" target=\"_blank\" rel=\"noreferrer noopener\" aria-label=\"Level 1 (opens in a new tab)\">Level 1<\/a><\/h4>\n\n\n\n<p>Level1.ee on juba aastaid seisnud selle eest, et videom\u00e4ngude kajastamine meie armsas emakeeles oleks v\u00f5imalikult kvaliteetne. Miks aga piirduda vaid pikslitega arvutiekraanil, kui saaksime oma armastust ka p\u00e4rismaailmas avaldada? Just sel eesm\u00e4rgil s\u00fcndiski Laegas \u2013 videom\u00e4ngu- ja nohikukultuuri \u00fclistav veebipood, mis AniMatsuri raames tungib p\u00e4rismaailma. Tule ja ava Laegas, sobra seal pisut ringi ning n\u00e4ita k\u00f5igile, kui v\u00e4ga sa videom\u00e4nge armastad!<\/p>\n\n\n\n<p><\/p>\n\n\n\n<hr class=\"wp-block-separator\"\/>\n\n\n\n<p><\/p>\n\n\n\n<p>Tasku Keskuse 2. korrusel leiad kaks v\u00e4ga lahedat tegevust, millest osa v\u00f5tta.<\/p>\n\n\n\n<h4 class=\"wp-block-heading\"><a href=\"https:\/\/www.brain-games.ee\/\" target=\"_blank\" rel=\"noreferrer noopener\" aria-label=\"Brain Games (opens in a new tab)\">Brain Games<\/a><\/h4>\n\n\n\n<p>Lauam\u00e4ngupood Brain Games tuleb valiku m\u00e4ngudega, mida k\u00f5ik saavad proovida, nii et too kaasa s\u00f5ber v\u00f5i lapsevanem ja veetke l\u00f5bus p\u00e4ev lauam\u00e4nge m\u00e4ngides!<\/p>\n\n\n\n<h4 class=\"wp-block-heading\"><a href=\"https:\/\/www.facebook.com\/events\/762397147529069\/\" target=\"_blank\" rel=\"noreferrer noopener\" aria-label=\"Drink &amp; Draw (opens in a new tab)\">Drink &amp; Draw<\/a><\/h4>\n\n\n\n<p>Laup\u00e4eval, 28. septembril kella 13.00-st 16.00-ni on sul v\u00f5imalus haarata pliiats ja paber, istuda maha ning joonistada sulle poseerivaid cosplayereid. Ja kui oled ka ise kost\u00fc\u00fcmis, miks mitte modelliks minna?<\/p>\n","protected":false},"excerpt":{"rendered":"<p>K\u00e4esoleva aasta AniMatsuri m\u00fc\u00fcgiletid on nimelt ja n\u00e4olt saanud uuenduse &#8211; nimelt asuvad m\u00fc\u00fcgiletid Tasku keskuse 1. korrusel ja toimub kogu linnarahvale avatud Jaapani turg! Kutsu oma pere ja s\u00f5brad uudistama, mida p\u00f5nevat poed oma lettidel m\u00fc\u00fcvad! Jaapani turg on ametlikult avatud kell 11-18, aga poed v\u00f5ivad avada varem ja [&hellip;]<\/p>\n","protected":false},"author":1,"featured_media":1460,"parent":0,"menu_order":0,"comment_status":"closed","ping_status":"closed","template":"","meta":{"footnotes":""},"_links":{"self":[{"href":"https:\/\/animatsuri.baka.ee\/2019\/wp-json\/wp\/v2\/pages\/1459"}],"collection":[{"href":"https:\/\/animatsuri.baka.ee\/2019\/wp-json\/wp\/v2\/pages"}],"about":[{"href":"https:\/\/animatsuri.baka.ee\/2019\/wp-json\/wp\/v2\/types\/page"}],"author":[{"embeddable":true,"href":"https:\/\/animatsuri.baka.ee\/2019\/wp-json\/wp\/v2\/users\/1"}],"replies":[{"embeddable":true,"href":"https:\/\/animatsuri.baka.ee\/2019\/wp-json\/wp\/v2\/comments?post=1459"}],"version-history":[{"count":6,"href":"https:\/\/animatsuri.baka.ee\/2019\/wp-json\/wp\/v2\/pages\/1459\/revisions"}],"predecessor-version":[{"id":1496,"href":"https:\/\/animatsuri.baka.ee\/2019\/wp-json\/wp\/v2\/pages\/1459\/revisions\/1496"}],"wp:featuredmedia":[{"embeddable":true,"href":"https:\/\/animatsuri.baka.ee\/2019\/wp-json\/wp\/v2\/media\/1460"}],"wp:attachment":[{"href":"https:\/\/animatsuri.baka.ee\/2019\/wp-json\/wp\/v2\/media?parent=1459"}],"curies":[{"name":"wp","href":"https:\/\/api.w.org\/{rel}","templated":true}]}}