{"id":1388,"date":"2019-09-23T20:04:01","date_gmt":"2019-09-23T17:04:01","guid":{"rendered":"http:\/\/animatsuri.eu\/2019\/?page_id=1388"},"modified":"2019-09-23T20:05:47","modified_gmt":"2019-09-23T17:05:47","slug":"afterparty","status":"publish","type":"page","link":"https:\/\/animatsuri.baka.ee\/2019\/afterparty\/","title":{"rendered":"Afterparty"},"content":{"rendered":"\n<p>AniMatsuri 2019 esimene p\u00e4ev l\u00f5ppeb peoga Erinevate Tubade klubis Aparaaditehases. M\u00f5nusad diivanid kutsuvad teid \u00f5htuks nautima hunnik erinevaid ja l\u00f5busaid m\u00e4nge ja vaheldusrikast suhtlemist teiste festivali k\u00fclastajatega. P\u00e4rast p\u00f5nevat sotsialiseerumist on v\u00f5imalik vihtuda tantsu anime ja vocaloidide muusika saatel.<\/p>\n\n\n\n<ul><li>Kus: Tartu Erinevate Tubade Klubi (Aparaaditehas, Kastani 42; hoovist roheline uks ja trepist \u00fcles neljandale korrusele)<\/li><li>Mis kell: uksed lahti kell 20.00, pidu algab kell 21.00<\/li><li>Palju maksab: <strong>5\u20ac<\/strong> ilma AniMatsuri k\u00e4epaelata, <strong>3\u20ac<\/strong> AniMatsuri k\u00e4epaelaga. (piletim\u00fc\u00fck sularahas)<\/li><\/ul>\n\n\n\n<p>V\u00e4lisjalan\u00f5udega ruumides viibida ei tohi, kohapeal olemas susse.<\/p>\n\n\n\n<p>Janu korral v\u00f5imalus soetada alkohoolseid ja mittealkohoolseid jooke baarist. Kui aga k\u00f5ht peaks t\u00fchi olema, siis Aparaadikeskuses leidub mitmeid p\u00f5nevaid s\u00f6\u00f6gikohti, kuulsaim neist Aparaat.<\/p>\n\n\n\n<p>Afterparty Facebooki eventi leiad <a href=\"https:\/\/www.facebook.com\/events\/665274977297238\/\" target=\"_blank\" rel=\"noreferrer noopener\" aria-label=\"siit (opens in a new tab)\">siit<\/a>.<\/p>\n\n\n\n<p>Peol n\u00e4eme!<\/p>\n","protected":false},"excerpt":{"rendered":"<p>AniMatsuri 2019 esimene p\u00e4ev l\u00f5ppeb peoga Erinevate Tubade klubis Aparaaditehases. M\u00f5nusad diivanid kutsuvad teid \u00f5htuks nautima hunnik erinevaid ja l\u00f5busaid m\u00e4nge ja vaheldusrikast suhtlemist teiste festivali k\u00fclastajatega. P\u00e4rast p\u00f5nevat sotsialiseerumist on v\u00f5imalik vihtuda tantsu anime ja vocaloidide muusika saatel. Kus: Tartu Erinevate Tubade Klubi (Aparaaditehas, Kastani 42; hoovist roheline uks [&hellip;]<\/p>\n","protected":false},"author":1,"featured_media":0,"parent":0,"menu_order":0,"comment_status":"closed","ping_status":"closed","template":"","meta":{"footnotes":""},"_links":{"self":[{"href":"https:\/\/animatsuri.baka.ee\/2019\/wp-json\/wp\/v2\/pages\/1388"}],"collection":[{"href":"https:\/\/animatsuri.baka.ee\/2019\/wp-json\/wp\/v2\/pages"}],"about":[{"href":"https:\/\/animatsuri.baka.ee\/2019\/wp-json\/wp\/v2\/types\/page"}],"author":[{"embeddable":true,"href":"https:\/\/animatsuri.baka.ee\/2019\/wp-json\/wp\/v2\/users\/1"}],"replies":[{"embeddable":true,"href":"https:\/\/animatsuri.baka.ee\/2019\/wp-json\/wp\/v2\/comments?post=1388"}],"version-history":[{"count":3,"href":"https:\/\/animatsuri.baka.ee\/2019\/wp-json\/wp\/v2\/pages\/1388\/revisions"}],"predecessor-version":[{"id":1393,"href":"https:\/\/animatsuri.baka.ee\/2019\/wp-json\/wp\/v2\/pages\/1388\/revisions\/1393"}],"wp:attachment":[{"href":"https:\/\/animatsuri.baka.ee\/2019\/wp-json\/wp\/v2\/media?parent=1388"}],"curies":[{"name":"wp","href":"https:\/\/api.w.org\/{rel}","templated":true}]}}