{"id":1334,"date":"2019-09-21T21:24:05","date_gmt":"2019-09-21T18:24:05","guid":{"rendered":"http:\/\/animatsuri.eu\/2019\/?page_id=1334"},"modified":"2019-09-23T19:35:03","modified_gmt":"2019-09-23T16:35:03","slug":"videomanguturniirid","status":"publish","type":"page","link":"https:\/\/animatsuri.baka.ee\/2019\/videomanguturniirid\/","title":{"rendered":"Videom\u00e4nguturniirid"},"content":{"rendered":"\n<p>M\u00e4nguruumi korraldaja <a href=\"https:\/\/www.facebook.com\/pg\/lvlupmuseum\/about\/?ref=page_internal\">Videom\u00e4ngude muuseum LVLup!<\/a> viib AniMatsuril l\u00e4bi kaks m\u00e4nguturniiri &#8211; <strong>Super Smash Bros. Melee<\/strong> ja <strong>Mario Kart 64<\/strong>! Loe reegleid altpoolt.<\/p>\n\n\n\n<p><strong>Registreerimine m\u00f5lemale turniirile toimub laup\u00e4eval, 28. septembril kell 12.00-14.00 m\u00e4nguruumis.<\/strong><\/p>\n\n\n\n<p><strong>Super Smash Bros. Melee<\/strong> turniir toimub originaalsel Nintendo GameCube&#8217;il originaalsete pultidega. Smash Bros. on \u00fcks populaarsemaid ja armastatumaid v\u00f5itlusm\u00e4nge kogu maailmas ja selles m\u00e4ngus l\u00e4hevad omavahel vastamisi mitmed tuntud Nintendo tegelased. <br><strong>Turniir toimub laup\u00e4eval, 28. septembril kell 14.00-15.00.<\/strong><br>&#8211; tavap\u00e4rane turniiriformaat<br>&#8211; igas raundis on 4 m\u00e4ngijat<br>&#8211; raundid on Best of 1.<\/p>\n\n\n\n<p><strong>Mario Kart 64<\/strong> turniiril saad v\u00f5imaluse maadelda v\u00f5idu nimel \u00fches (kui mitte k\u00f5ige) paremas rallim\u00e4ngus. Sa ei pea olema  aastatepikkuse kogemusega m\u00e4ngur, et oma k\u00e4tt proovida! M\u00e4ngu on eelnevalt v\u00f5imalik proovida terve p\u00e4eval v\u00e4ltel.<br><strong>Turniir toimub laup\u00e4eval, 28. septembril kell 15.00-16.00.<\/strong><\/p>\n\n\n\n<p>M\u00f5lema turniiri esikolmikule vinged auhinnad p\u00fchap\u00e4eval, 29. septembril AniMatsuri l\u00f5putseremoonial!<\/p>\n","protected":false},"excerpt":{"rendered":"<p>M\u00e4nguruumi korraldaja Videom\u00e4ngude muuseum LVLup! viib AniMatsuril l\u00e4bi kaks m\u00e4nguturniiri &#8211; Super Smash Bros. Melee ja Mario Kart 64! Loe reegleid altpoolt. Registreerimine m\u00f5lemale turniirile toimub laup\u00e4eval, 28. septembril kell 12.00-14.00 m\u00e4nguruumis. Super Smash Bros. Melee turniir toimub originaalsel Nintendo GameCube&#8217;il originaalsete pultidega. Smash Bros. on \u00fcks populaarsemaid ja armastatumaid [&hellip;]<\/p>\n","protected":false},"author":1,"featured_media":1340,"parent":0,"menu_order":0,"comment_status":"closed","ping_status":"closed","template":"page-templates\/full-width.php","meta":{"footnotes":""},"_links":{"self":[{"href":"https:\/\/animatsuri.baka.ee\/2019\/wp-json\/wp\/v2\/pages\/1334"}],"collection":[{"href":"https:\/\/animatsuri.baka.ee\/2019\/wp-json\/wp\/v2\/pages"}],"about":[{"href":"https:\/\/animatsuri.baka.ee\/2019\/wp-json\/wp\/v2\/types\/page"}],"author":[{"embeddable":true,"href":"https:\/\/animatsuri.baka.ee\/2019\/wp-json\/wp\/v2\/users\/1"}],"replies":[{"embeddable":true,"href":"https:\/\/animatsuri.baka.ee\/2019\/wp-json\/wp\/v2\/comments?post=1334"}],"version-history":[{"count":3,"href":"https:\/\/animatsuri.baka.ee\/2019\/wp-json\/wp\/v2\/pages\/1334\/revisions"}],"predecessor-version":[{"id":1382,"href":"https:\/\/animatsuri.baka.ee\/2019\/wp-json\/wp\/v2\/pages\/1334\/revisions\/1382"}],"wp:featuredmedia":[{"embeddable":true,"href":"https:\/\/animatsuri.baka.ee\/2019\/wp-json\/wp\/v2\/media\/1340"}],"wp:attachment":[{"href":"https:\/\/animatsuri.baka.ee\/2019\/wp-json\/wp\/v2\/media?parent=1334"}],"curies":[{"name":"wp","href":"https:\/\/api.w.org\/{rel}","templated":true}]}}