{"id":1162,"date":"2019-09-16T14:49:14","date_gmt":"2019-09-16T11:49:14","guid":{"rendered":"http:\/\/animatsuri.eu\/2019\/?page_id=1162"},"modified":"2019-09-21T14:04:33","modified_gmt":"2019-09-21T11:04:33","slug":"toitlustus","status":"publish","type":"page","link":"https:\/\/animatsuri.baka.ee\/2019\/toitlustus\/","title":{"rendered":"Toitlustus"},"content":{"rendered":"\n<p>K\u00e4esoleval aastal AniMatsuri festival toitlustust ei paku, k\u00fcll aga pakuvad mitmed Tasku keskuse s\u00f6\u00f6gikohad soodustusi k\u00f5igile, kel on ette n\u00e4idata AniMatsuri 2019 k\u00e4epael. <\/p>\n\n\n\n<p>NB! <strong>Dorpati konverentsikeskusesse oma s\u00f6\u00f6giga tulla ei tohi!<\/strong> Lubatud on v\u00e4ikesed sn\u00e4kid, aga salatid jms tuleb \u00e4ra s\u00fc\u00fca enne piletim\u00fc\u00fcgist l\u00e4bitulekut. Oma mittealkohoolne jook on konverentsikeskuses lubatud, samuti saab juua osta kohapeal olevast baarist.<\/p>\n\n\n\n<hr class=\"wp-block-separator\"\/>\n\n\n\n<p><\/p>\n\n\n\n<h4 class=\"wp-block-heading\"><a rel=\"noreferrer noopener\" aria-label=\"Yakuza Sushi Bar (opens in a new tab)\" href=\"https:\/\/yakuzasushibar.ee\/\" target=\"_blank\">Yakuza Sushi Bar<\/a> \u2013 soodustus -10%, AniMatsuri maki erihinnaga 5\u20ac<\/h4>\n\n\n\n<p>Yakuza sushibaar asub Taskus 4. korrusel ja pakub laia valikut Jaapani s\u00f6\u00f6ke-jooke: traditsioonilised makid, kana- ja krevetiroad, supid-salatid, wok, riis ja magustoidud. <\/p>\n\n\n\n<h4 class=\"wp-block-heading\"><a rel=\"noreferrer noopener\" aria-label=\"R\u00e4nduri Pubi (opens in a new tab)\" href=\"http:\/\/www.randuripubi.ee\/\" target=\"_blank\">R\u00e4nduri Pubi<\/a> \u2013 soodustus -12%<\/h4>\n\n\n\n<p>Tartus Tasku keskuse 2. korrusel ja bussijaama peal asub R\u00e4nduri pubi. \u00d5dus loodusl\u00e4hedane interj\u00f6\u00f6r, maitsev taskukohane s\u00f6\u00f6k ning alati naeratavad teenindajad on kindlasti p\u00f5hjusteks, miks inimesed ikka ja j\u00e4lle tee meie juurde leiavad. <\/p>\n\n\n\n<h4 class=\"wp-block-heading\"><a rel=\"noreferrer noopener\" aria-label=\"Cookbook (opens in a new tab)\" href=\"http:\/\/www.cookbook.ee\/\" target=\"_blank\">Cookbook<\/a> \u2013 soodustus -7%<\/h4>\n\n\n\n<p>Cookbook, eestip\u00e4raselt Kokaraamat, on Tasku keskuse s\u00fcdames \u2013 2. korrusel Rahva Raamatus asuv armas kohvik. <br>Meie juures on \u00fchtviisi m\u00f5nus keset tormakat p\u00e4eva kohvi ja kooki nautida, s\u00f5prade v\u00f5i perega \u00f5htust s\u00fc\u00fca v\u00f5i t\u00f6\u00f6kaaslastega l\u00f5unat nautida. Cookbooki pere valmistab linna parimaid kohvijooke ja maitsvamaid kooke.  P\u00f5himen\u00fc\u00fcst leiate nii salateid, pastaroogi, suppe kui ka praade. Lisaks on meil lai valik kohvijooke, tervislikke smuutisid, j\u00e4\u00e4tisekokteile jpm. Meie igap\u00e4evaselt muutuvad p\u00e4evapakkumised t\u00e4idavad k\u00f5hu maitsvalt ja vaheldusrikkalt. <br>Oleme esindatud rikkaliku kondiitriletiga, mille parimad palad valmivad meie juures kohapeal. Kondiitritooteid on v\u00f5imalik kaasa osta ja ka tellida. <\/p>\n\n\n\n<h4 class=\"wp-block-heading\"><a href=\"https:\/\/davincifood.ee\/da-vinci-pasta-ja-pizza-restoran-ehtne-itaalia-restoran\/\" target=\"_blank\" rel=\"noreferrer noopener\" aria-label=\"Da Vinci Pasta &amp; Pizza (opens in a new tab)\">Da Vinci Pasta &amp; Pizza<\/a> \u2013 soodustus -15%<\/h4>\n\n\n\n<p>Da Vinci Pasta &amp; Pizza on fast casual food stiilis Itaalia s\u00f6\u00f6gikoht.<br>Asume Tasku Keskuses 2. korrusel (Turu 2, Tartu). Da Vinci pakub maitseelamusi erinevate Itaalia s\u00f6\u00f6kide ja jookidega. Meie valikus on traditsioonilised Itaalia road: pizzad, pastad, salatid, supid, pearoad ja magustoidud, millega soovime tutvustada Itaalia toidukultuuri. Et kogu kontseptsioon oleks t\u00e4iuslik, pakume lisaks k\u00f5igele muule ka ehtsat Itaalia j\u00e4\u00e4tist (gelatot).<\/p>\n\n\n\n<h4 class=\"wp-block-heading\"><a rel=\"noreferrer noopener\" aria-label=\"Coffee In (opens in a new tab)\" href=\"https:\/\/coffeein.eu\/\" target=\"_blank\">Coffee In<\/a> \u2013 soodustus -5%<\/h4>\n\n\n\n<p>Coffee Inist saad osta erinevaid kohvijooke, kakaosid ja teed. Coffee Ini punase saarekese leiad Tasku keskuse 1. korruselt bussijaamapoolse sissek\u00e4igu juurest.<\/p>\n\n\n\n<h4 class=\"wp-block-heading\"><a rel=\"noreferrer noopener\" aria-label=\"Boost Juice Bar (opens in a new tab)\" href=\"https:\/\/www.boostjuicebars.ee\/\" target=\"_blank\">Boost Juice Bar<\/a> \u2013 soodustus -10%<\/h4>\n\n\n\n<p>Boost pakub v\u00e4rskelt pressitud mahla, erinevaid smuutisid ja j\u00e4\u00e4jooke. Soovi korral saad oma mahla koostisosad ise valida! Boost asub Turu tn poolse sissep\u00e4\u00e4su juures 1. korrusel.<\/p>\n\n\n\n<hr class=\"wp-block-separator\"\/>\n\n\n\n<p><\/p>\n\n\n\n<h4 class=\"wp-block-heading\"><a href=\"http:\/\/tokumaru.ee\/\" target=\"_blank\" rel=\"noreferrer noopener\" aria-label=\"Tokumaru Ramen &amp; Sushi (opens in a new tab)\">Tokumaru Ramen &amp; Sushi<\/a> &#8211; soodustus -10%<\/h4>\n\n\n\n<p>Jaapani restoran Tokumaru, mis asub <strong>Tartu Kaubamajas<\/strong> 3. korrusel, pakub k\u00f5igile tuntud sushi&#8217;t, aga ka muid p\u00f5nevaid Jaapani roogasid. P\u00f5hir\u00f5hu oleme pannud ramen&#8217;ile \u2013 populaarsele Jaapani-p\u00e4rasele nuudlisupiroale. Nuudlid on v\u00e4rskelt meie endi poolt valmistatud ning ka supi keedame ise, j\u00e4rgides Tokumaru jaapanlasest peakoka Daigo Takagi traditsioonilisi pereretsepte.<br>Tokumaru on m\u00f5nus koht nii l\u00f5\u00f5gastavaks l\u00f5unapausiks kui asjalikuks \u00e4ril\u00f5unaks. \u00d5htusel ajal saab siin \u00f5dusalt aega veeta kahestes laudades v\u00f5i vahvalt ja seltskondlikult suures lauas.<\/p>\n","protected":false},"excerpt":{"rendered":"<p>K\u00e4esoleval aastal AniMatsuri festival toitlustust ei paku, k\u00fcll aga pakuvad mitmed Tasku keskuse s\u00f6\u00f6gikohad soodustusi k\u00f5igile, kel on ette n\u00e4idata AniMatsuri 2019 k\u00e4epael. NB! Dorpati konverentsikeskusesse oma s\u00f6\u00f6giga tulla ei tohi! Lubatud on v\u00e4ikesed sn\u00e4kid, aga salatid jms tuleb \u00e4ra s\u00fc\u00fca enne piletim\u00fc\u00fcgist l\u00e4bitulekut. Oma mittealkohoolne jook on konverentsikeskuses lubatud, [&hellip;]<\/p>\n","protected":false},"author":1,"featured_media":1286,"parent":0,"menu_order":0,"comment_status":"closed","ping_status":"closed","template":"","meta":{"footnotes":""},"_links":{"self":[{"href":"https:\/\/animatsuri.baka.ee\/2019\/wp-json\/wp\/v2\/pages\/1162"}],"collection":[{"href":"https:\/\/animatsuri.baka.ee\/2019\/wp-json\/wp\/v2\/pages"}],"about":[{"href":"https:\/\/animatsuri.baka.ee\/2019\/wp-json\/wp\/v2\/types\/page"}],"author":[{"embeddable":true,"href":"https:\/\/animatsuri.baka.ee\/2019\/wp-json\/wp\/v2\/users\/1"}],"replies":[{"embeddable":true,"href":"https:\/\/animatsuri.baka.ee\/2019\/wp-json\/wp\/v2\/comments?post=1162"}],"version-history":[{"count":14,"href":"https:\/\/animatsuri.baka.ee\/2019\/wp-json\/wp\/v2\/pages\/1162\/revisions"}],"predecessor-version":[{"id":1324,"href":"https:\/\/animatsuri.baka.ee\/2019\/wp-json\/wp\/v2\/pages\/1162\/revisions\/1324"}],"wp:featuredmedia":[{"embeddable":true,"href":"https:\/\/animatsuri.baka.ee\/2019\/wp-json\/wp\/v2\/media\/1286"}],"wp:attachment":[{"href":"https:\/\/animatsuri.baka.ee\/2019\/wp-json\/wp\/v2\/media?parent=1162"}],"curies":[{"name":"wp","href":"https:\/\/api.w.org\/{rel}","templated":true}]}}