{"id":1149,"date":"2019-09-13T00:34:32","date_gmt":"2019-09-12T21:34:32","guid":{"rendered":"http:\/\/animatsuri.eu\/2019\/?page_id=1149"},"modified":"2019-09-26T04:12:49","modified_gmt":"2019-09-26T01:12:49","slug":"festivali-asukoht","status":"publish","type":"page","link":"https:\/\/animatsuri.baka.ee\/2019\/festivali-asukoht\/","title":{"rendered":"Festivali asukoht"},"content":{"rendered":"\n<p>Sel aastal on meie festivali koduks Dorpati konverentsikeskus ja Tasku keskus. Siit lehelt leiad k\u00f5ik vajaliku info meie asukoha kohta. \u00dchtlasi jagame ka kaarti neile, kes Tartut eriti ehk ei tunne ning vajaks infot selle kohta, mis olulised asjad kus asuvad.<\/p>\n\n\n\n<div class=\"wp-block-image kesk\"><figure class=\"aligncenter is-resized\"><img loading=\"lazy\" decoding=\"async\" src=\"http:\/\/animatsuri.eu\/2019\/wp-content\/uploads\/2019\/09\/0001_IMAG5531-1024x576.jpg\" alt=\"\" class=\"wp-image-1150\" width=\"512\" height=\"288\"\/><\/figure><\/div>\n\n\n\n<p>Tasku keskus (Turu 2), kus 4. korrusel asub Dorpati konverentsikeskus, asub Tartu kesklinnas. Selle hoone taga on ka Tartu bussijaam, kustkaudu mitmed v\u00e4ljastpoolt linna tulevad inimesed linna saabuvad.<\/p>\n\n\n\n<p>Dorpati konverentsikeskusesse on v\u00f5imalik saada liftiga, trepist v\u00f5i eskalaatorist minnes. Allpool pildil on maja esik\u00fclg t\u00e4histatud kolme numbriga:<\/p>\n\n\n\n<ol><li>Peasissep\u00e4\u00e4s<\/li><li>Peasissep\u00e4\u00e4sust kohe paremale keerates on lift<\/li><li>Liftiruumist natuke veel paremale on trepikoda (millel on ka oma v\u00e4lisuks)<\/li><\/ol>\n\n\n\n<div class=\"wp-block-image kesk\"><figure class=\"aligncenter is-resized\"><img loading=\"lazy\" decoding=\"async\" src=\"http:\/\/animatsuri.eu\/2019\/wp-content\/uploads\/2019\/09\/0001_IMAG5531_info-1024x988.jpg\" alt=\"\" class=\"wp-image-1151\" width=\"512\" height=\"494\"\/><\/figure><\/div>\n\n\n\n<h3 class=\"wp-block-heading\">Linnakaart<\/h3>\n\n\n\n<p>Vajad autole parkimiskohta? Soovid leida \u00fcles peo asukoha? Kus on pangaautomaat? Neile ja mitmetele k\u00fcsimustele saame loodetavasti vastata alloleva kaardiga.<\/p>\n\n\n\n<figure><center><iframe loading=\"lazy\" src=\"https:\/\/www.google.com\/maps\/d\/u\/1\/embed?mid=1Q8ZMqRDvMzt5SlH8gvNtrE4lmALmBJha\" width=\"640\" height=\"480\"><\/iframe><\/center><\/figure>\n\n\n\n<p><\/p>\n\n\n\n<h3 class=\"wp-block-heading\">Majaplaan<\/h3>\n\n\n\n<p>Dorpati konverentsikeskuse plaan festivali ajal. V\u00f5imalik laadida endale alla <a href=\"http:\/\/animatsuri.eu\/2019\/wp-content\/uploads\/2019\/09\/ruumiplaan.pdf\">PDFina<\/a>.<\/p>\n\n\n\n<div class=\"wp-block-image kesk\"><figure class=\"aligncenter is-resized\"><img loading=\"lazy\" decoding=\"async\" src=\"http:\/\/animatsuri.eu\/2019\/wp-content\/uploads\/2019\/09\/ruumiplaan-1024x850.jpg\" alt=\"\" class=\"wp-image-1444\" width=\"768\" height=\"638\"\/><\/figure><\/div>\n","protected":false},"excerpt":{"rendered":"<p>Sel aastal on meie festivali koduks Dorpati konverentsikeskus ja Tasku keskus. Siit lehelt leiad k\u00f5ik vajaliku info meie asukoha kohta. \u00dchtlasi jagame ka kaarti neile, kes Tartut eriti ehk ei tunne ning vajaks infot selle kohta, mis olulised asjad kus asuvad. Tasku keskus (Turu 2), kus 4. korrusel asub Dorpati [&hellip;]<\/p>\n","protected":false},"author":2,"featured_media":0,"parent":0,"menu_order":0,"comment_status":"closed","ping_status":"closed","template":"page-templates\/full-width.php","meta":{"footnotes":""},"_links":{"self":[{"href":"https:\/\/animatsuri.baka.ee\/2019\/wp-json\/wp\/v2\/pages\/1149"}],"collection":[{"href":"https:\/\/animatsuri.baka.ee\/2019\/wp-json\/wp\/v2\/pages"}],"about":[{"href":"https:\/\/animatsuri.baka.ee\/2019\/wp-json\/wp\/v2\/types\/page"}],"author":[{"embeddable":true,"href":"https:\/\/animatsuri.baka.ee\/2019\/wp-json\/wp\/v2\/users\/2"}],"replies":[{"embeddable":true,"href":"https:\/\/animatsuri.baka.ee\/2019\/wp-json\/wp\/v2\/comments?post=1149"}],"version-history":[{"count":8,"href":"https:\/\/animatsuri.baka.ee\/2019\/wp-json\/wp\/v2\/pages\/1149\/revisions"}],"predecessor-version":[{"id":1451,"href":"https:\/\/animatsuri.baka.ee\/2019\/wp-json\/wp\/v2\/pages\/1149\/revisions\/1451"}],"wp:attachment":[{"href":"https:\/\/animatsuri.baka.ee\/2019\/wp-json\/wp\/v2\/media?parent=1149"}],"curies":[{"name":"wp","href":"https:\/\/api.w.org\/{rel}","templated":true}]}}