{"id":1073,"date":"2019-09-06T16:52:07","date_gmt":"2019-09-06T13:52:07","guid":{"rendered":"http:\/\/animatsuri.eu\/2019\/?page_id=1073"},"modified":"2019-10-01T15:45:10","modified_gmt":"2019-10-01T12:45:10","slug":"cosplay-zurii","status":"publish","type":"page","link":"https:\/\/animatsuri.baka.ee\/2019\/cosplay-zurii\/","title":{"rendered":"Cosplay \u017e\u00fcrii"},"content":{"rendered":"\n<p> K\u00e4esoleval lehel tutvustame l\u00e4hemalt auv\u00e4\u00e4rt kohtunikke, kes meie festivali cosplay v\u00f5istlust hindavad. <\/p>\n\n\n\n<p><\/p>\n\n\n\n<div class=\"wp-block-image\"><figure class=\"alignleft is-resized\"><img loading=\"lazy\" decoding=\"async\" src=\"http:\/\/animatsuri.eu\/2019\/wp-content\/uploads\/2019\/09\/BigbyWolf_Picture-by-Ali-Jehad-s-644x1024.jpg\" alt=\"\" class=\"wp-image-1089\" width=\"483\" height=\"768\" srcset=\"https:\/\/animatsuri.baka.ee\/2019\/wp-content\/uploads\/2019\/09\/BigbyWolf_Picture-by-Ali-Jehad-s.jpg 644w, https:\/\/animatsuri.baka.ee\/2019\/wp-content\/uploads\/2019\/09\/BigbyWolf_Picture-by-Ali-Jehad-s-189x300.jpg 189w\" sizes=\"(max-width: 483px) 100vw, 483px\" \/><figcaption>Bigby Wolf j\u00e4\u00e4dvustatud Ali Jehadi poolt.<\/figcaption><\/figure><\/div>\n\n\n\n<h2 class=\"wp-block-heading\">LUPIN<\/h2>\n\n\n\n<figure class=\"wp-block-image\"><img loading=\"lazy\" decoding=\"async\" width=\"48\" height=\"32\" src=\"http:\/\/animatsuri.eu\/2019\/wp-content\/uploads\/2019\/09\/DK.png\" alt=\"\" class=\"wp-image-1090\"\/><\/figure>\n\n\n\n<p><a rel=\"noreferrer noopener\" aria-label=\"Facebook (opens in a new tab)\" href=\"https:\/\/www.facebook.com\/LupinCosplay\/\" target=\"_blank\">Facebook<\/a> \/ <a href=\"https:\/\/www.instagram.com\/thedanishlupin\/\" target=\"_blank\" rel=\"noreferrer noopener\" aria-label=\"Instagram (opens in a new tab)\">Instagram<\/a><\/p>\n\n\n\n<p>Tervitus! Olen Lupin, 32-aastane naissoost cosplayer Skandinaavia riigist Taanist.&nbsp;<\/p>\n\n\n\n<p>Igap\u00e4evaelus \u00f5pin filmi- ja televisioonitehnikuks, mis t\u00e4hendab, et k\u00f5ik mu t\u00f6\u00f6tunnid on seotud dokumentaalide ja l\u00fchifilmide tegemisega, kus l\u00f6\u00f6n kaasa fotograafi v\u00f5i monteerijana. Lisaks cosplayle armastan end unustada PlayStationi m\u00e4ngudesse v\u00f5i joonistamisse ning foto- ja videot\u00f6\u00f6tlusse. Mu loominguline m\u00f5ttemaailm t\u00f6\u00f6tab alati ning mulle meeldib koristamise v\u00f5i n\u00f5udepesu ajal laulda ja tantsida.<\/p>\n\n\n\n<p>Minu jaoks on parim asi cosplay juures transformatsioon. K\u00f5ik see p\u00f5nevus, mis kaasneb enda muutmisega v\u00e4ljam\u00f5eldud tegelasteks, aga ka austusavaldus nimetet tegelaste loojatele. Cosplayle p\u00fchendumine tekitab nii palju emotsioone, eriti kui keskenduda cosplay etteaste loomisele ja tegelaste tundma\u00f5ppimisele, et neid h\u00e4sti ellu \u00e4ratada ja n\u00e4idata publikule, miks SINA armastad seda tegelast, sarja, filmi, koomiksit jne. Seega olen rohkem esineja cosplayer kui meisterdaja; elan n\u00e4itlemise ja etteaste detailide nimel ning p\u00f6\u00f6ran t\u00e4helepanu sellele, kuidas esineja otsustab oma kost\u00fc\u00fcmi laval kasutada.<\/p>\n\n\n\n<p>Olen saanud au esindada oma riiki Jaapanis ja rohkem kui korra ka prantsuse ja hispaania publiku ees, niisiis ootan p\u00f5nevusega v\u00f5imalust kogeda cosplay kommuuni t\u00e4iesti uut osa. Minu viimased s\u00f5nad enne meie kohtumist: \u00f5pi oma kogemustest, tee rohkelt vigu, hinda \u00f5pitut ja koge nii palju kui v\u00e4hegi v\u00f5imalik. Aga mis peamine &#8211; \u00e4ra unusta nautida seda, mida oled otsustanud teha, ja usu oma unistustesse.&nbsp;<\/p>\n\n\n\n<p style=\"text-align:right\"><em>Lupin teeb ettekande cosplay etteaste kunstist laup\u00e4eval, 28. septembril kell 13.45 ruumis Parrot ja seal \u00f5pitut saab rakendada samanimelises t\u00f6\u00f6toas laup\u00e4eval kell 16.15 ruumis Struve I.<\/em><\/p>\n\n\n\n<ul class=\"wp-block-gallery alignwide columns-3 is-cropped wp-block-gallery-1 is-layout-flex wp-block-gallery-is-layout-flex\"><li class=\"blocks-gallery-item\"><figure><img loading=\"lazy\" decoding=\"async\" width=\"683\" height=\"1024\" src=\"http:\/\/animatsuri.eu\/2019\/wp-content\/uploads\/2019\/09\/Fili_Picture-by_Michael-LaCour-s-683x1024.jpg\" alt=\"\" data-id=\"1075\" data-link=\"http:\/\/animatsuri.eu\/2019\/cosplay-zurii\/fili_picture-by_michael-lacour-s\/\" class=\"wp-image-1075\" srcset=\"https:\/\/animatsuri.baka.ee\/2019\/wp-content\/uploads\/2019\/09\/Fili_Picture-by_Michael-LaCour-s.jpg 683w, https:\/\/animatsuri.baka.ee\/2019\/wp-content\/uploads\/2019\/09\/Fili_Picture-by_Michael-LaCour-s-200x300.jpg 200w\" sizes=\"(max-width: 683px) 100vw, 683px\" \/><figcaption>Fili j\u00e4\u00e4dvustatud Michael LaCouri poolt.<\/figcaption><\/figure><\/li><li class=\"blocks-gallery-item\"><figure><img loading=\"lazy\" decoding=\"async\" width=\"683\" height=\"1024\" src=\"http:\/\/animatsuri.eu\/2019\/wp-content\/uploads\/2019\/09\/Loki_Picture-by-Michel-Takuma-s-683x1024.jpg\" alt=\"\" data-id=\"1076\" data-link=\"http:\/\/animatsuri.eu\/2019\/cosplay-zurii\/loki_picture-by-michel-takuma-s\/\" class=\"wp-image-1076\" srcset=\"https:\/\/animatsuri.baka.ee\/2019\/wp-content\/uploads\/2019\/09\/Loki_Picture-by-Michel-Takuma-s.jpg 683w, https:\/\/animatsuri.baka.ee\/2019\/wp-content\/uploads\/2019\/09\/Loki_Picture-by-Michel-Takuma-s-200x300.jpg 200w\" sizes=\"(max-width: 683px) 100vw, 683px\" \/><figcaption>Loki j\u00e4\u00e4dvustatud Michel Takuma poolt.<\/figcaption><\/figure><\/li><li class=\"blocks-gallery-item\"><figure><img loading=\"lazy\" decoding=\"async\" width=\"683\" height=\"1024\" src=\"http:\/\/animatsuri.eu\/2019\/wp-content\/uploads\/2019\/09\/Skywise_Picture-by-Silas-Kappel-Staal-s-683x1024.png\" alt=\"\" data-id=\"1077\" data-link=\"http:\/\/animatsuri.eu\/2019\/cosplay-zurii\/skywise_picture-by-silas-kappel-staal-s\/\" class=\"wp-image-1077\" srcset=\"https:\/\/animatsuri.baka.ee\/2019\/wp-content\/uploads\/2019\/09\/Skywise_Picture-by-Silas-Kappel-Staal-s.png 683w, https:\/\/animatsuri.baka.ee\/2019\/wp-content\/uploads\/2019\/09\/Skywise_Picture-by-Silas-Kappel-Staal-s-200x300.png 200w\" sizes=\"(max-width: 683px) 100vw, 683px\" \/><figcaption>Skywise j\u00e4\u00e4dvustatud Silas Kappel Staali poolt.<\/figcaption><\/figure><\/li><\/ul>\n\n\n\n<p><\/p>\n\n\n\n<hr class=\"wp-block-separator\"\/>\n\n\n\n<p><\/p>\n\n\n\n<div class=\"wp-block-image\"><figure class=\"alignleft is-resized\"><img loading=\"lazy\" decoding=\"async\" src=\"http:\/\/animatsuri.eu\/2019\/wp-content\/uploads\/2019\/09\/AM-judge-Pilerud-683x1024.png\" alt=\"\" class=\"wp-image-1135\" width=\"512\" height=\"768\" srcset=\"https:\/\/animatsuri.baka.ee\/2019\/wp-content\/uploads\/2019\/09\/AM-judge-Pilerud.png 683w, https:\/\/animatsuri.baka.ee\/2019\/wp-content\/uploads\/2019\/09\/AM-judge-Pilerud-200x300.png 200w\" sizes=\"(max-width: 512px) 100vw, 512px\" \/><figcaption>Xenomorph j\u00e4\u00e4dvustatud Anna Vikmanise poolt.<\/figcaption><\/figure><\/div>\n\n\n\n<h2 class=\"wp-block-heading\">PILERUD&#8217;S COSPLAY<\/h2>\n\n\n\n<figure class=\"wp-block-image\"><img loading=\"lazy\" decoding=\"async\" width=\"48\" height=\"32\" src=\"http:\/\/animatsuri.eu\/2019\/wp-content\/uploads\/2019\/09\/SE.png\" alt=\"\" class=\"wp-image-1129\"\/><\/figure>\n\n\n\n<p><a rel=\"noreferrer noopener\" aria-label=\"Facebook (opens in a new tab)\" href=\"https:\/\/www.facebook.com\/PilerudsCosplay\" target=\"_blank\">Facebook<\/a> \/ <a href=\"http:\/\/www.pilerud.com\/\" target=\"_blank\" rel=\"noreferrer noopener\" aria-label=\"koduleht (opens in a new tab)\">koduleht<\/a><\/p>\n\n\n\n<p>Minu piletiks imelisse cosplay-maailma oli seik aastal 2011, kui t\u00e4itsin oma lapsep\u00f5lveunistuse saada Stormtrooperiks Star Warsist. Hankisin komplekti, panin kost\u00fc\u00fcmi kokku ja liitusin \u00fclemaailmse heategevus- ja cosplayorganisatsiooni 501st Legioniga. See on t\u00e4naseni minu baasiks ja olen selle kaudu tutvunud inimestega kogu maailmast.<\/p>\n\n\n\n<p>P\u00e4rast Stormtrooperit hakkas mu kost\u00fc\u00fcmikogu kiirelt kasvama (umbes kaks \u00fche aasta kohta). M\u00f5ned ehitasin algusest l\u00f5puni, m\u00f5ned ostsin ja m\u00f5ned osaliselt ostetud ja osaliselt meisterdatud. Minu tuntuimad kost\u00fc\u00fcmid on Space Marine (Warhammer 40,000), Xenomorph (Alien) ja Benny (The LEGO Movie). Need kost\u00fc\u00fcmid olen teinud t\u00e4iesti ise ja armastan neid \u00fcritustel kanda. Kahjuks on nendega nende suuruse t\u00f5ttu raske reisida.<\/p>\n\n\n\n<p>Olen osalenud mitmetel v\u00f5istlustel nagu Swedish Cosplay Championships, Nordic Cosplay Championships ja EuroCosplay. Olen Rootsis ja NCC-l olnud kohtunik, samuti mitmel kohalikul ja v\u00e4lis\u00fcritusel.<\/p>\n\n\n\n<p>Viimasel ajal olen hakanud oma cosplay hobi siduma professionaalse filmitegemisega, produtseerides enda esimest t\u00e4ispikka filmi, milles esinevad mitmed v\u00e4ljam\u00f5eldud olendid. Kaasan protsessi mitmeid andekaid inimesi, kellega olen aastate jooksul tutvunud, et teha koos midagi lahedat. Filmi pealkirjaks on \u201cCall of the Unseen\u201d ja see valmib loodetavasti 2020. aasta jooksul.<\/p>\n\n\n\n<p style=\"text-align:right\"><em>Pilerud r\u00e4\u00e4gib cosplay jaoks suurte r\u00fc\u00fcde valmistamisest laup\u00e4eval, 28. septembril kell 16.15 ruumis Parrot.<\/em><\/p>\n\n\n\n<ul class=\"wp-block-gallery alignwide columns-2 is-cropped wp-block-gallery-2 is-layout-flex wp-block-gallery-is-layout-flex\"><li class=\"blocks-gallery-item\"><figure><img loading=\"lazy\" decoding=\"async\" width=\"736\" height=\"683\" src=\"http:\/\/animatsuri.eu\/2019\/wp-content\/uploads\/2019\/09\/Benny-1-s-1.jpg\" alt=\"\" data-id=\"1136\" data-link=\"http:\/\/animatsuri.eu\/2019\/cosplay-judges\/sony-dsc-6\/\" class=\"wp-image-1136\" srcset=\"https:\/\/animatsuri.baka.ee\/2019\/wp-content\/uploads\/2019\/09\/Benny-1-s-1.jpg 736w, https:\/\/animatsuri.baka.ee\/2019\/wp-content\/uploads\/2019\/09\/Benny-1-s-1-300x278.jpg 300w\" sizes=\"(max-width: 736px) 100vw, 736px\" \/><figcaption>Benny j\u00e4\u00e4dvustatud Anna Vikmanise poolt.<\/figcaption><\/figure><\/li><li class=\"blocks-gallery-item\"><figure><img loading=\"lazy\" decoding=\"async\" width=\"856\" height=\"1024\" src=\"http:\/\/animatsuri.eu\/2019\/wp-content\/uploads\/2019\/09\/Sternguard-Veteran-B1-s-856x1024.jpg\" alt=\"\" data-id=\"1134\" data-link=\"http:\/\/animatsuri.eu\/2019\/cosplay-judges\/sony-dsc-5\/\" class=\"wp-image-1134\" srcset=\"https:\/\/animatsuri.baka.ee\/2019\/wp-content\/uploads\/2019\/09\/Sternguard-Veteran-B1-s.jpg 856w, https:\/\/animatsuri.baka.ee\/2019\/wp-content\/uploads\/2019\/09\/Sternguard-Veteran-B1-s-251x300.jpg 251w, https:\/\/animatsuri.baka.ee\/2019\/wp-content\/uploads\/2019\/09\/Sternguard-Veteran-B1-s-768x919.jpg 768w, https:\/\/animatsuri.baka.ee\/2019\/wp-content\/uploads\/2019\/09\/Sternguard-Veteran-B1-s-800x957.jpg 800w\" sizes=\"(max-width: 856px) 100vw, 856px\" \/><figcaption>Sternguard Veteran j\u00e4\u00e4dvustatud Anna Vikmanise poolt.<\/figcaption><\/figure><\/li><\/ul>\n\n\n\n<p><\/p>\n\n\n\n<hr class=\"wp-block-separator\"\/>\n\n\n\n<p><\/p>\n\n\n\n<div class=\"wp-block-image\"><figure class=\"alignleft is-resized\"><img loading=\"lazy\" decoding=\"async\" src=\"http:\/\/animatsuri.eu\/2019\/wp-content\/uploads\/2019\/09\/AM-judge-AsgardianFraud-683x1024.png\" alt=\"\" class=\"wp-image-1272\" width=\"392\" height=\"587\" srcset=\"https:\/\/animatsuri.baka.ee\/2019\/wp-content\/uploads\/2019\/09\/AM-judge-AsgardianFraud.png 683w, https:\/\/animatsuri.baka.ee\/2019\/wp-content\/uploads\/2019\/09\/AM-judge-AsgardianFraud-200x300.png 200w\" sizes=\"(max-width: 392px) 100vw, 392px\" \/><figcaption>Loki j\u00e4\u00e4dvustatud MLC Foto poolt.<\/figcaption><\/figure><\/div>\n\n\n\n<h2 class=\"wp-block-heading\">ASGARDIAN FRAUD<\/h2>\n\n\n\n<figure class=\"wp-block-image\"><img loading=\"lazy\" decoding=\"async\" width=\"48\" height=\"32\" src=\"http:\/\/animatsuri.eu\/2019\/wp-content\/uploads\/2019\/09\/PL.png\" alt=\"\" class=\"wp-image-1267\"\/><\/figure>\n\n\n\n<p><a rel=\"noreferrer noopener\" aria-label=\"Facebook (opens in a new tab)\" href=\"https:\/\/www.facebook.com\/AsgardianFraud\/\" target=\"_blank\">Facebook<\/a> \/ <a rel=\"noreferrer noopener\" aria-label=\"Instagram (opens in a new tab)\" href=\"https:\/\/www.instagram.com\/asgardianfraud\/\" target=\"_blank\">Instagram<\/a><\/p>\n\n\n\n<p>Olen kost\u00fc\u00fcmikunstnik ja cosplayer Poolast. Alustasin cosplaymist 2010 kandis ja n\u00fc\u00fcdseks pole see ainult mu kirg, vaid ka mu tulevik &#8211; teen teatri- ja telelavastuste jaoks tellimust\u00f6\u00f6dena kost\u00fc\u00fcme. Olen Poolat EuroCosplayl esindanud kaks korda, kuigi viimasel paaril aastal olen kommuunis rohkem esinenud v\u00f5istluste kohtunikuna. See on mul v\u00f5imaldanud tutvuda paljude andekate kunstnikega ja reisida erinevatesse riikidesse &#8211; on h\u00e4mmastav, kui omalaadne iga kommuun on! <\/p>\n\n\n\n<p>Mu kirg ja karj\u00e4\u00e4r keskenduvad \u00f5mblemisele, aga cosplays spetsialiseerun elukakost\u00fc\u00fcmidele ja -maskidele &#8211; mulle meeldib igal v\u00f5imalusel katsetada uusi t\u00f6\u00f6v\u00f5tteid ja materjale ning elukakost\u00fc\u00fcmide puhul mul vaevalt uutest ideedest puudust tuleb! Usun v\u00e4ga, et cosplay on fantastiline v\u00e4ljund, mis puhub uusi tuuli kost\u00fc\u00fcmikunstit\u00f6\u00f6stusesse k\u00f5igi uute t\u00f6\u00f6v\u00f5tete, l\u00f5igete ja loominguliste probleemilahendustega, mida toovad endaga kaasa niiv\u00f5rd keerulised modellid. Sestap ootan p\u00f5nevusega teie \u00e4gedate kost\u00fc\u00fcmide n\u00e4gemist AniMatsuril! Olen Eestis esimest korda ja tahan v\u00e4ga k\u00f5igiga kohtuda, sest olen festivalist nii palju head kuulnud!<\/p>\n\n\n\n<p>Julgustavad s\u00f5nad neile, kes m\u00f5tlevad cosplayga alustamisele:<br> \u201c\u00c4ra karda alustada ja \u00e4ra pelga vigu teha &#8211; ja mitte ainult alguses, vaid kogu aeg -, sest see on osa \u00f5pik\u00f5verast. K\u00f5ige olulisem on asi l\u00f5pule viia, et sulle ei tekiks virn poolikuid projekte lihtsalt sellep\u00e4rast, et sa ei julge nendega edasi tegeleda. Cosplay on fantastiline, sest pakub sulle nii palju eri viise ja loomingulisi v\u00e4ljundeid, millega katsetada ja endale sobiv leida. Keera k\u00e4kke kokku, tee vigu &#8211; inimesed v\u00f5ivad su kost\u00fc\u00fcmil n\u00e4ha lahtiseid niite, aga samamoodi n\u00e4evad nad kirge, mille kost\u00fc\u00fcmi tegemisse panid! Proovi k\u00f5ike, mida kommuun pakub! Ja kes teab? \u00dchel heal p\u00e4eval v\u00f5id just sina olla disaineriks kost\u00fc\u00fcmidele, mida j\u00e4rgmine generatsioon elevusega cosplayb!\u201d<\/p>\n\n\n\n<p style=\"text-align:right\"><em>Asgardian Fraud teeb ettekande suurte elukakost\u00fc\u00fcmide planeerimise, tegemise ja kandmise kohta laup\u00e4eval, 28. septembril kell 17.30 ruumis Parrot.<\/em><\/p>\n\n\n\n<ul class=\"wp-block-gallery alignwide columns-3 is-cropped wp-block-gallery-3 is-layout-flex wp-block-gallery-is-layout-flex\"><li class=\"blocks-gallery-item\"><figure><img loading=\"lazy\" decoding=\"async\" width=\"720\" height=\"960\" src=\"http:\/\/animatsuri.eu\/2019\/wp-content\/uploads\/2019\/09\/Rengar-foto-by-AG-Camera-Tales-1.jpg\" alt=\"\" data-id=\"1268\" data-link=\"http:\/\/animatsuri.eu\/2019\/cosplay-judges\/rengar-foto-by-ag-camera-tales-1\/\" class=\"wp-image-1268\" srcset=\"https:\/\/animatsuri.baka.ee\/2019\/wp-content\/uploads\/2019\/09\/Rengar-foto-by-AG-Camera-Tales-1.jpg 720w, https:\/\/animatsuri.baka.ee\/2019\/wp-content\/uploads\/2019\/09\/Rengar-foto-by-AG-Camera-Tales-1-225x300.jpg 225w\" sizes=\"(max-width: 720px) 100vw, 720px\" \/><figcaption>Rengar j\u00e4\u00e4dvustatud AG Camera Talesi poolt.<\/figcaption><\/figure><\/li><li class=\"blocks-gallery-item\"><figure><img loading=\"lazy\" decoding=\"async\" width=\"684\" height=\"1024\" src=\"http:\/\/animatsuri.eu\/2019\/wp-content\/uploads\/2019\/09\/Ron-photo-by-MLC-Foto-s-1-684x1024.jpg\" alt=\"\" data-id=\"1269\" data-link=\"http:\/\/animatsuri.eu\/2019\/cosplay-judges\/ron-photo-by-mlc-foto-s-1\/\" class=\"wp-image-1269\" srcset=\"https:\/\/animatsuri.baka.ee\/2019\/wp-content\/uploads\/2019\/09\/Ron-photo-by-MLC-Foto-s-1.jpg 684w, https:\/\/animatsuri.baka.ee\/2019\/wp-content\/uploads\/2019\/09\/Ron-photo-by-MLC-Foto-s-1-200x300.jpg 200w\" sizes=\"(max-width: 684px) 100vw, 684px\" \/><figcaption>Ron j\u00e4\u00e4dvustatud MLC Foto poolt.<\/figcaption><\/figure><\/li><li class=\"blocks-gallery-item\"><figure><img loading=\"lazy\" decoding=\"async\" width=\"462\" height=\"540\" src=\"http:\/\/animatsuri.eu\/2019\/wp-content\/uploads\/2019\/09\/Spock-Czech-con-and-cosplay-Photo-s-1.jpg\" alt=\"\" data-id=\"1270\" data-link=\"http:\/\/animatsuri.eu\/2019\/cosplay-judges\/spock-czech-con-and-cosplay-photo-s-1\/\" class=\"wp-image-1270\" srcset=\"https:\/\/animatsuri.baka.ee\/2019\/wp-content\/uploads\/2019\/09\/Spock-Czech-con-and-cosplay-Photo-s-1.jpg 462w, https:\/\/animatsuri.baka.ee\/2019\/wp-content\/uploads\/2019\/09\/Spock-Czech-con-and-cosplay-Photo-s-1-257x300.jpg 257w\" sizes=\"(max-width: 462px) 100vw, 462px\" \/><figcaption>Spock j\u00e4\u00e4dvustatud Czech Con &amp; Cosplay Photo poolt.<\/figcaption><\/figure><\/li><\/ul>\n","protected":false},"excerpt":{"rendered":"<p>K\u00e4esoleval lehel tutvustame l\u00e4hemalt auv\u00e4\u00e4rt kohtunikke, kes meie festivali cosplay v\u00f5istlust hindavad. LUPIN Facebook \/ Instagram Tervitus! Olen Lupin, 32-aastane naissoost cosplayer Skandinaavia riigist Taanist.&nbsp; Igap\u00e4evaelus \u00f5pin filmi- ja televisioonitehnikuks, mis t\u00e4hendab, et k\u00f5ik mu t\u00f6\u00f6tunnid on seotud dokumentaalide ja l\u00fchifilmide tegemisega, kus l\u00f6\u00f6n kaasa fotograafi v\u00f5i monteerijana. Lisaks cosplayle [&hellip;]<\/p>\n","protected":false},"author":1,"featured_media":1115,"parent":0,"menu_order":0,"comment_status":"closed","ping_status":"closed","template":"page-templates\/full-width.php","meta":{"footnotes":""},"_links":{"self":[{"href":"https:\/\/animatsuri.baka.ee\/2019\/wp-json\/wp\/v2\/pages\/1073"}],"collection":[{"href":"https:\/\/animatsuri.baka.ee\/2019\/wp-json\/wp\/v2\/pages"}],"about":[{"href":"https:\/\/animatsuri.baka.ee\/2019\/wp-json\/wp\/v2\/types\/page"}],"author":[{"embeddable":true,"href":"https:\/\/animatsuri.baka.ee\/2019\/wp-json\/wp\/v2\/users\/1"}],"replies":[{"embeddable":true,"href":"https:\/\/animatsuri.baka.ee\/2019\/wp-json\/wp\/v2\/comments?post=1073"}],"version-history":[{"count":24,"href":"https:\/\/animatsuri.baka.ee\/2019\/wp-json\/wp\/v2\/pages\/1073\/revisions"}],"predecessor-version":[{"id":1516,"href":"https:\/\/animatsuri.baka.ee\/2019\/wp-json\/wp\/v2\/pages\/1073\/revisions\/1516"}],"wp:featuredmedia":[{"embeddable":true,"href":"https:\/\/animatsuri.baka.ee\/2019\/wp-json\/wp\/v2\/media\/1115"}],"wp:attachment":[{"href":"https:\/\/animatsuri.baka.ee\/2019\/wp-json\/wp\/v2\/media?parent=1073"}],"curies":[{"name":"wp","href":"https:\/\/api.w.org\/{rel}","templated":true}]}}